{"id":12,"date":"2022-07-06T12:57:32","date_gmt":"2022-07-06T12:57:32","guid":{"rendered":"https:\/\/kamp.linux.org.tr\/2022\/?page_id=12"},"modified":"2022-07-06T12:57:32","modified_gmt":"2022-07-06T12:57:32","slug":"egitmenler","status":"publish","type":"page","link":"https:\/\/kamp.linux.org.tr\/2022\/egitmenler\/","title":{"rendered":"E\u011fitmenler"},"content":{"rendered":"\n<ul class=\"wp-block-list\" style=\"font-size:16px\"><li>Ahmetcan \u0130rdem<\/li><li>Ali Sezi\u015fli<\/li><li>Ayd\u0131n Yakar<\/li><li>Doruk Fi\u015fek<\/li><li>Ege Tekiner<\/li><li>Elif \u00d6zge \u00d6zdamar<\/li><li>Eray Ayd\u0131n<\/li><li>Metin \u00d6zy\u0131ld\u0131r\u0131m<\/li><li>Mustafa Us<\/li><li>Nikita T\u00fcrkmen<\/li><li>Onur Kayak\u0131ran<\/li><li>Osman Or\u00e7un Ser\u00e7e<\/li><li>\u00d6zcan O\u011fuz<\/li><li>R. Eng\u00fcr Pi\u015firici<\/li><li>Seda Ar\u0131k<\/li><li>Selin Akbu\u011fa<\/li><li>Semih \u015eevik<\/li><li>\u015eenol Ald\u0131ba\u015f<\/li><li>Tu\u011f\u00e7e Kaynak<\/li><li>U\u011fur Ar\u0131c\u0131<\/li><li>Yusuf D\u00fczg\u00fcn<\/li><\/ul>\n\n\n\n<div class=\"wp-block-columns is-layout-flex wp-container-core-columns-is-layout-9d6595d7 wp-block-columns-is-layout-flex\">\n<div class=\"wp-block-column is-layout-flow wp-block-column-is-layout-flow\" style=\"flex-basis:100%\"><\/div>\n<\/div>\n\n\n\n<p><\/p>\n","protected":false},"excerpt":{"rendered":"<p>Ahmetcan \u0130rdem Ali Sezi\u015fli Ayd\u0131n Yakar Doruk Fi\u015fek Ege Tekiner Elif \u00d6zge \u00d6zdamar Eray Ayd\u0131n Metin \u00d6zy\u0131ld\u0131r\u0131m Mustafa Us Nikita T\u00fcrkmen Onur Kayak\u0131ran Osman Or\u00e7un Ser\u00e7e \u00d6zcan O\u011fuz R. Eng\u00fcr Pi\u015firici Seda Ar\u0131k Selin Akbu\u011fa Semih \u015eevik \u015eenol Ald\u0131ba\u015f Tu\u011f\u00e7e Kaynak U\u011fur Ar\u0131c\u0131 Yusuf D\u00fczg\u00fcn<\/p>\n","protected":false},"author":1,"featured_media":0,"parent":0,"menu_order":0,"comment_status":"closed","ping_status":"closed","template":"","meta":{"footnotes":""},"class_list":["post-12","page","type-page","status-publish","hentry"],"jetpack_sharing_enabled":true,"_links":{"self":[{"href":"https:\/\/kamp.linux.org.tr\/2022\/wp-json\/wp\/v2\/pages\/12","targetHints":{"allow":["GET"]}}],"collection":[{"href":"https:\/\/kamp.linux.org.tr\/2022\/wp-json\/wp\/v2\/pages"}],"about":[{"href":"https:\/\/kamp.linux.org.tr\/2022\/wp-json\/wp\/v2\/types\/page"}],"author":[{"embeddable":true,"href":"https:\/\/kamp.linux.org.tr\/2022\/wp-json\/wp\/v2\/users\/1"}],"replies":[{"embeddable":true,"href":"https:\/\/kamp.linux.org.tr\/2022\/wp-json\/wp\/v2\/comments?post=12"}],"version-history":[{"count":0,"href":"https:\/\/kamp.linux.org.tr\/2022\/wp-json\/wp\/v2\/pages\/12\/revisions"}],"wp:attachment":[{"href":"https:\/\/kamp.linux.org.tr\/2022\/wp-json\/wp\/v2\/media?parent=12"}],"curies":[{"name":"wp","href":"https:\/\/api.w.org\/{rel}","templated":true}]}}