{"id":156,"date":"2022-07-27T13:01:33","date_gmt":"2022-07-27T13:01:33","guid":{"rendered":"https:\/\/kamp.linux.org.tr\/2022\/?page_id=156"},"modified":"2022-07-27T13:01:33","modified_gmt":"2022-07-27T13:01:33","slug":"program-kurulu","status":"publish","type":"page","link":"https:\/\/kamp.linux.org.tr\/2022\/program-kurulu\/","title":{"rendered":"Program Kurulu"},"content":{"rendered":"\n<p><strong>Kurul Ba\u015fkan\u0131<\/strong><\/p>\n\n\n\n<p>Atilla \u00d6zgit<\/p>\n\n\n\n<p><\/p>\n\n\n\n<p><strong>Kurul \u00dcyeleri<\/strong><\/p>\n\n\n\n<ul class=\"wp-block-list\" style=\"font-size:15px\"><li>Ali Ayd\u0131n Sel\u00e7uk<\/li><li>Bark\u0131n K\u0131l\u0131\u00e7<\/li><li>Doruk Fi\u015fek<\/li><li>Eng\u00fcr Pi\u015firici<\/li><li>Fatih \u00d6zavc\u0131<\/li><li>G\u00f6khan Sakar<\/li><li>Hakan Uygun<\/li><li>U\u011fur Ar\u0131c\u0131<\/li><li>Mehmet \u0130nce<\/li><li>Murathan Bostanc\u0131<\/li><li>Onur K\u00fc\u00e7\u00fck<\/li><li>Oya G\u00fcnendi<\/li><li>\u00d6zlem \u00d6zg\u00f6bek<\/li><li>Tayfun Erikan<\/li><\/ul>\n","protected":false},"excerpt":{"rendered":"<p>Kurul Ba\u015fkan\u0131 Atilla \u00d6zgit Kurul \u00dcyeleri Ali Ayd\u0131n Sel\u00e7uk Bark\u0131n K\u0131l\u0131\u00e7 Doruk Fi\u015fek Eng\u00fcr Pi\u015firici Fatih \u00d6zavc\u0131 G\u00f6khan Sakar Hakan Uygun U\u011fur Ar\u0131c\u0131 Mehmet \u0130nce Murathan Bostanc\u0131 Onur K\u00fc\u00e7\u00fck Oya G\u00fcnendi \u00d6zlem \u00d6zg\u00f6bek Tayfun Erikan<\/p>\n","protected":false},"author":1,"featured_media":0,"parent":0,"menu_order":0,"comment_status":"closed","ping_status":"closed","template":"","meta":{"footnotes":""},"class_list":["post-156","page","type-page","status-publish","hentry"],"jetpack_sharing_enabled":true,"_links":{"self":[{"href":"https:\/\/kamp.linux.org.tr\/2022\/wp-json\/wp\/v2\/pages\/156","targetHints":{"allow":["GET"]}}],"collection":[{"href":"https:\/\/kamp.linux.org.tr\/2022\/wp-json\/wp\/v2\/pages"}],"about":[{"href":"https:\/\/kamp.linux.org.tr\/2022\/wp-json\/wp\/v2\/types\/page"}],"author":[{"embeddable":true,"href":"https:\/\/kamp.linux.org.tr\/2022\/wp-json\/wp\/v2\/users\/1"}],"replies":[{"embeddable":true,"href":"https:\/\/kamp.linux.org.tr\/2022\/wp-json\/wp\/v2\/comments?post=156"}],"version-history":[{"count":0,"href":"https:\/\/kamp.linux.org.tr\/2022\/wp-json\/wp\/v2\/pages\/156\/revisions"}],"wp:attachment":[{"href":"https:\/\/kamp.linux.org.tr\/2022\/wp-json\/wp\/v2\/media?parent=156"}],"curies":[{"name":"wp","href":"https:\/\/api.w.org\/{rel}","templated":true}]}}