{"id":16,"date":"2022-07-06T12:58:28","date_gmt":"2022-07-06T12:58:28","guid":{"rendered":"https:\/\/kamp.linux.org.tr\/2022\/?page_id=16"},"modified":"2022-07-06T12:58:28","modified_gmt":"2022-07-06T12:58:28","slug":"destekleyen-kurumlar","status":"publish","type":"page","link":"https:\/\/kamp.linux.org.tr\/2022\/destekleyen-kurumlar\/","title":{"rendered":"Destekleyen Kurumlar"},"content":{"rendered":"\n<p class=\"has-text-align-center has-large-font-size\"><strong><em>Organizasyon<\/em><\/strong><\/p>\n\n\n\n<br><br>\n\n\n\n<div class=\"wp-block-columns is-layout-flex wp-container-core-columns-is-layout-9d6595d7 wp-block-columns-is-layout-flex\">\n<div class=\"wp-block-column is-layout-flow wp-block-column-is-layout-flow\"><div class=\"wp-block-image\">\n<figure class=\"alignright size-medium is-resized\"><img loading=\"lazy\" decoding=\"async\" src=\"https:\/\/kamp.linux.org.tr\/2022\/wp-content\/uploads\/2022\/07\/tlkd-300x300.png\" alt=\"\" class=\"wp-image-249\" width=\"200\" height=\"200\" srcset=\"https:\/\/kamp.linux.org.tr\/2022\/wp-content\/uploads\/sites\/2\/2022\/07\/tlkd.png 300w, https:\/\/kamp.linux.org.tr\/2022\/wp-content\/uploads\/sites\/2\/2022\/07\/tlkd-150x150.png 150w\" sizes=\"auto, (max-width: 200px) 100vw, 200px\" \/><\/figure>\n<\/div><\/div>\n\n\n\n<div class=\"wp-block-column is-vertically-aligned-center is-layout-flow wp-block-column-is-layout-flow\"><div class=\"wp-block-image\">\n<figure class=\"alignleft size-medium is-resized\"><img loading=\"lazy\" decoding=\"async\" src=\"https:\/\/kamp.linux.org.tr\/2022\/wp-content\/uploads\/2022\/07\/aibu-300x300.png\" alt=\"\" class=\"wp-image-250\" width=\"200\" height=\"200\" srcset=\"https:\/\/kamp.linux.org.tr\/2022\/wp-content\/uploads\/sites\/2\/2022\/07\/aibu.png 300w, https:\/\/kamp.linux.org.tr\/2022\/wp-content\/uploads\/sites\/2\/2022\/07\/aibu-150x150.png 150w\" sizes=\"auto, (max-width: 200px) 100vw, 200px\" \/><\/figure>\n<\/div><\/div>\n<\/div>\n\n\n\n<br><br>\n\n\n\n<p class=\"has-text-align-center has-large-font-size\"><strong><em>Destekleyen Kurumlar<\/em><\/strong><\/p>\n\n\n\n<br><br>\n\n\n\n<section id=\"gm1058e89\" class=\"wp-block-gutentor-m2 section-gm1058e89 gutentor-module gutentor-dynamic-columns sponsor1\"><div class=\"grid-container\"><div class=\"grid-row\">\n<div id=\"col-gmf0483d\" class=\"wp-block-gutentor-m2-col col-gmf0483d gutentor-module gutentor-dynamic-single-column grid-lg-4 grid-md-4 grid-12\"><div id=\"section-gmf0483d\" class=\"section-gmf0483d gutentor-single-col\"><div class=\"wp-block-image\">\n<figure class=\"alignright size-full\"><img loading=\"lazy\" decoding=\"async\" width=\"330\" height=\"99\" src=\"https:\/\/kamp.linux.org.tr\/2022\/wp-content\/uploads\/sites\/2\/2022\/07\/pardus_yatay.png\" alt=\"\" class=\"wp-image-130\" srcset=\"https:\/\/kamp.linux.org.tr\/2022\/wp-content\/uploads\/sites\/2\/2022\/07\/pardus_yatay.png 330w, https:\/\/kamp.linux.org.tr\/2022\/wp-content\/uploads\/sites\/2\/2022\/07\/pardus_yatay-300x90.png 300w\" sizes=\"auto, (max-width: 330px) 100vw, 330px\" \/><\/figure>\n<\/div><\/div><\/div>\n\n\n\n<div id=\"col-gm7969f5\" class=\"wp-block-gutentor-m2-col col-gm7969f5 gutentor-module gutentor-dynamic-single-column grid-lg-4 grid-md-4 grid-12\"><div id=\"section-gm7969f5\" class=\"section-gm7969f5 gutentor-single-col\"><div class=\"wp-block-image\">\n<figure class=\"alignright size-full is-resized\"><img loading=\"lazy\" decoding=\"async\" src=\"https:\/\/kamp.linux.org.tr\/2022\/wp-content\/uploads\/sites\/2\/2022\/07\/para-logo3.png\" alt=\"\" class=\"wp-image-92\" width=\"269\" height=\"105\" srcset=\"https:\/\/kamp.linux.org.tr\/2022\/wp-content\/uploads\/sites\/2\/2022\/07\/para-logo3.png 400w, https:\/\/kamp.linux.org.tr\/2022\/wp-content\/uploads\/sites\/2\/2022\/07\/para-logo3-300x117.png 300w\" sizes=\"auto, (max-width: 269px) 100vw, 269px\" \/><\/figure>\n<\/div><\/div><\/div>\n\n\n\n<div id=\"col-gma67146\" class=\"wp-block-gutentor-m2-col col-gma67146 gutentor-module gutentor-dynamic-single-column grid-lg-4 grid-md-4 grid-12\"><div id=\"section-gma67146\" class=\"section-gma67146 gutentor-single-col\">\n<figure class=\"wp-block-image size-full\"><img loading=\"lazy\" decoding=\"async\" width=\"412\" height=\"153\" src=\"https:\/\/kamp.linux.org.tr\/2022\/wp-content\/uploads\/sites\/2\/2022\/08\/labris.png\" alt=\"\" class=\"wp-image-363\" srcset=\"https:\/\/kamp.linux.org.tr\/2022\/wp-content\/uploads\/sites\/2\/2022\/08\/labris.png 412w, https:\/\/kamp.linux.org.tr\/2022\/wp-content\/uploads\/sites\/2\/2022\/08\/labris-300x111.png 300w\" sizes=\"auto, (max-width: 412px) 100vw, 412px\" \/><\/figure>\n<\/div><\/div>\n<\/div><\/div><\/section>\n\n\n\n<br><br>\n\n\n\n<p class=\"has-text-align-center has-large-font-size\"><strong><em>S\u0131n\u0131f Sponsorlar\u0131<\/em><\/strong><\/p>\n\n\n\n<br><br>\n\n\n\n<section id=\"gm806e024\" class=\"wp-block-gutentor-m2 section-gm806e024 gutentor-module gutentor-dynamic-columns sponsor2\"><div class=\"grid-container\"><div class=\"grid-row\">\n<div id=\"col-gm8b9307\" class=\"wp-block-gutentor-m2-col col-gm8b9307 gutentor-module gutentor-dynamic-single-column grid-lg-4 grid-md-4 grid-12\"><div id=\"section-gm8b9307\" class=\"section-gm8b9307 gutentor-single-col\">\n<figure class=\"wp-block-image size-full\"><img loading=\"lazy\" decoding=\"async\" width=\"224\" height=\"150\" src=\"https:\/\/kamp.linux.org.tr\/2022\/wp-content\/uploads\/sites\/2\/2022\/08\/ozgur_yazilim_as.png\" alt=\"\" class=\"wp-image-325\" \/><\/figure>\n<\/div><\/div>\n\n\n\n<div id=\"col-gm5acea6\" class=\"wp-block-gutentor-m2-col col-gm5acea6 gutentor-module gutentor-dynamic-single-column grid-lg-4 grid-md-4 grid-12\"><div id=\"section-gm5acea6\" class=\"section-gm5acea6 gutentor-single-col\">\n<figure class=\"wp-block-image size-full\"><img loading=\"lazy\" decoding=\"async\" width=\"830\" height=\"380\" src=\"https:\/\/kamp.linux.org.tr\/2022\/wp-content\/uploads\/sites\/2\/2022\/08\/mono-logo-830.png\" alt=\"\" class=\"wp-image-332\" srcset=\"https:\/\/kamp.linux.org.tr\/2022\/wp-content\/uploads\/sites\/2\/2022\/08\/mono-logo-830.png 830w, https:\/\/kamp.linux.org.tr\/2022\/wp-content\/uploads\/sites\/2\/2022\/08\/mono-logo-830-300x137.png 300w, https:\/\/kamp.linux.org.tr\/2022\/wp-content\/uploads\/sites\/2\/2022\/08\/mono-logo-830-768x352.png 768w\" sizes=\"auto, (max-width: 830px) 100vw, 830px\" \/><\/figure>\n<\/div><\/div>\n\n\n\n<div id=\"col-gm2fc0a1\" class=\"wp-block-gutentor-m2-col col-gm2fc0a1 gutentor-module gutentor-dynamic-single-column grid-lg-4 grid-md-4 grid-12\"><div id=\"section-gm2fc0a1\" class=\"section-gm2fc0a1 gutentor-single-col\">\n<figure class=\"wp-block-image size-full\"><img loading=\"lazy\" decoding=\"async\" width=\"430\" height=\"216\" src=\"https:\/\/kamp.linux.org.tr\/2022\/wp-content\/uploads\/sites\/2\/2022\/08\/3bfab.png\" alt=\"\" class=\"wp-image-346\" srcset=\"https:\/\/kamp.linux.org.tr\/2022\/wp-content\/uploads\/sites\/2\/2022\/08\/3bfab.png 430w, https:\/\/kamp.linux.org.tr\/2022\/wp-content\/uploads\/sites\/2\/2022\/08\/3bfab-300x151.png 300w\" sizes=\"auto, (max-width: 430px) 100vw, 430px\" \/><\/figure>\n<\/div><\/div>\n\n\n\n<div id=\"col-gmcb2a4a\" class=\"wp-block-gutentor-m2-col col-gmcb2a4a gutentor-module gutentor-dynamic-single-column grid-lg-4 grid-md-4 grid-12\"><div id=\"section-gmcb2a4a\" class=\"section-gmcb2a4a gutentor-single-col\">\n<figure class=\"wp-block-image size-full\"><img loading=\"lazy\" decoding=\"async\" width=\"629\" height=\"150\" src=\"https:\/\/kamp.linux.org.tr\/2022\/wp-content\/uploads\/sites\/2\/2022\/08\/sekom-logo-e1660726334117.png\" alt=\"\" class=\"wp-image-356\" srcset=\"https:\/\/kamp.linux.org.tr\/2022\/wp-content\/uploads\/sites\/2\/2022\/08\/sekom-logo-e1660726334117.png 629w, https:\/\/kamp.linux.org.tr\/2022\/wp-content\/uploads\/sites\/2\/2022\/08\/sekom-logo-e1660726334117-300x72.png 300w\" sizes=\"auto, (max-width: 629px) 100vw, 629px\" \/><\/figure>\n<\/div><\/div>\n\n\n\n<div id=\"col-gm02614a\" class=\"wp-block-gutentor-m2-col col-gm02614a gutentor-module gutentor-dynamic-single-column grid-lg-4 grid-md-4 grid-12\"><div id=\"section-gm02614a\" class=\"section-gm02614a gutentor-single-col\">\n<figure class=\"wp-block-image size-large\"><img loading=\"lazy\" decoding=\"async\" width=\"1024\" height=\"228\" src=\"https:\/\/kamp.linux.org.tr\/2022\/wp-content\/uploads\/2022\/08\/nt-connect-1024x228.png\" alt=\"\" class=\"wp-image-360\" srcset=\"https:\/\/kamp.linux.org.tr\/2022\/wp-content\/uploads\/sites\/2\/2022\/08\/nt-connect-1024x228.png 1024w, https:\/\/kamp.linux.org.tr\/2022\/wp-content\/uploads\/sites\/2\/2022\/08\/nt-connect-300x67.png 300w, https:\/\/kamp.linux.org.tr\/2022\/wp-content\/uploads\/sites\/2\/2022\/08\/nt-connect-768x171.png 768w, https:\/\/kamp.linux.org.tr\/2022\/wp-content\/uploads\/sites\/2\/2022\/08\/nt-connect-1536x341.png 1536w, https:\/\/kamp.linux.org.tr\/2022\/wp-content\/uploads\/sites\/2\/2022\/08\/nt-connect.png 1800w\" sizes=\"auto, (max-width: 1024px) 100vw, 1024px\" \/><\/figure>\n<\/div><\/div>\n<\/div><\/div><\/section>\n\n\n\n\n\n<p><\/p>\n\n\n\n<p><\/p>\n","protected":false},"excerpt":{"rendered":"<p>Organizasyon Destekleyen Kurumlar S\u0131n\u0131f Sponsorlar\u0131<\/p>\n","protected":false},"author":1,"featured_media":0,"parent":0,"menu_order":0,"comment_status":"closed","ping_status":"closed","template":"","meta":{"footnotes":""},"class_list":["post-16","page","type-page","status-publish","hentry"],"jetpack_sharing_enabled":true,"_links":{"self":[{"href":"https:\/\/kamp.linux.org.tr\/2022\/wp-json\/wp\/v2\/pages\/16","targetHints":{"allow":["GET"]}}],"collection":[{"href":"https:\/\/kamp.linux.org.tr\/2022\/wp-json\/wp\/v2\/pages"}],"about":[{"href":"https:\/\/kamp.linux.org.tr\/2022\/wp-json\/wp\/v2\/types\/page"}],"author":[{"embeddable":true,"href":"https:\/\/kamp.linux.org.tr\/2022\/wp-json\/wp\/v2\/users\/1"}],"replies":[{"embeddable":true,"href":"https:\/\/kamp.linux.org.tr\/2022\/wp-json\/wp\/v2\/comments?post=16"}],"version-history":[{"count":0,"href":"https:\/\/kamp.linux.org.tr\/2022\/wp-json\/wp\/v2\/pages\/16\/revisions"}],"wp:attachment":[{"href":"https:\/\/kamp.linux.org.tr\/2022\/wp-json\/wp\/v2\/media?parent=16"}],"curies":[{"name":"wp","href":"https:\/\/api.w.org\/{rel}","templated":true}]}}