{"id":210,"date":"2022-07-27T20:00:35","date_gmt":"2022-07-27T20:00:35","guid":{"rendered":"https:\/\/kamp.linux.org.tr\/2022\/?page_id=210"},"modified":"2022-07-27T20:00:35","modified_gmt":"2022-07-27T20:00:35","slug":"is-hayatinda-python-programlama-dili","status":"publish","type":"page","link":"https:\/\/kamp.linux.org.tr\/2022\/kurslar\/is-hayatinda-python-programlama-dili\/","title":{"rendered":"\u0130\u015f Hayat\u0131nda Python Programlama Dili"},"content":{"rendered":"\n<p><strong>E\u011fitimin K\u0131sa \u00d6zeti<\/strong><\/p>\n\n\n\n<ul class=\"wp-block-list\"><li>Python \u00e7ok yava\u015f, acaba yava\u015f m\u0131 ? O zaman sadece python bilerek nas\u0131l mobil, web, oyun, masa\u00fcst\u00fc (Linux &#8211; Windows) ve elektronik uygulamalar geli\u015ftirilebilir \u00f6\u011frenelim.<br><\/li><\/ul>\n\n\n\n<p><strong>E\u011fitmenler: <\/strong>Nikita T\u00fcrkmen, Semih \u015eevik<\/p>\n\n\n\n<p><strong>Kat\u0131l\u0131mc\u0131lar i\u00e7in \u00f6n-\u015fartlar<\/strong><\/p>\n\n\n\n<ul class=\"wp-block-list\"><li>Temel programlama bilgisi (Programlama dillerinden en az birisini biliyor olmak. Tercihen python ile ha\u015f\u0131r ne\u015fir olmu\u015f adaylar.)<\/li><\/ul>\n\n\n\n<p><strong>Kat\u0131l\u0131mc\u0131lar\u0131n e\u011fitime bilgisayar d\u0131\u015f\u0131nda getirmesi gereken donan\u0131m\/yaz\u0131l\u0131m<\/strong><\/p>\n\n\n\n<ul class=\"wp-block-list\"><li>E\u011fitim s\u0131ras\u0131nda Ubuntu 22.04 kullan\u0131lacakt\u0131r. Kat\u0131l\u0131mc\u0131lardan bilgisayarlar\u0131na Ubuntu 22.04 versiyonunu direkt veya sanal olarak kurmas\u0131 beklenmektedir.<\/li><li>Gereken donan\u0131m e\u011fitmenler taraf\u0131ndan kat\u0131l\u0131mc\u0131lara sa\u011flanacakt\u0131r. (Raspberry Pi Pico W)<\/li><li>(<strong>Not:<\/strong> Deneyimsiz kat\u0131l\u0131mc\u0131lar\u0131n sanal olarak Ubuntu 22.04 kurmas\u0131 beklenmektedir. Deneyimli kat\u0131l\u0131mc\u0131lar\u0131n farkl\u0131 bir s\u00fcr\u00fcm tercih etmesi durumunda bu sebeple ya\u015fayacaklar\u0131 hatalar\u0131 kendilerinin \u00e7\u00f6zmesi gerekecektir.)<\/li><\/ul>\n\n\n\n<p><strong>E\u011fitim Konu Ba\u015fl\u0131klar\u0131<\/strong><\/p>\n\n\n\n<ul class=\"wp-block-list\"><li>Temel Python\u2019a giri\u015f<\/li><li>Python\u2019un ge\u00e7mi\u015fi ve gelece\u011fi<\/li><li>Python\u2019un i\u015f hayat\u0131nda g\u00fc\u00e7l\u00fc oldu\u011fu ve kullan\u0131ld\u0131\u011f\u0131 alanlar ger\u00e7ek global bir proje \u00fczerinden ele al\u0131nacakt\u0131r. (3D Printer)<\/li><li>Qt for Python \u2013 PySide2 Python ile aray\u00fcz programlama<\/li><li>Django \u2013 Python ile web uygulamalar\u0131 geli\u015ftirme<\/li><li>MicroPython ile elektronik programlama<\/li><li>T\u00fcm bu \u00f6\u011frenilen alanlar\u0131n birlikte kullan\u0131ld\u0131\u011f\u0131 bir sistem geli\u015ftirilecektir.<\/li><\/ul>\n","protected":false},"excerpt":{"rendered":"<p>E\u011fitimin K\u0131sa \u00d6zeti Python \u00e7ok yava\u015f, acaba yava\u015f m\u0131 ? O zaman sadece python bilerek nas\u0131l mobil, web, oyun, masa\u00fcst\u00fc (Linux &#8211; Windows) ve elektronik uygulamalar geli\u015ftirilebilir \u00f6\u011frenelim. E\u011fitmenler: Nikita T\u00fcrkmen, Semih \u015eevik Kat\u0131l\u0131mc\u0131lar i\u00e7in \u00f6n-\u015fartlar Temel programlama bilgisi (Programlama dillerinden en az birisini biliyor olmak. Tercihen python ile ha\u015f\u0131r ne\u015fir olmu\u015f adaylar.) Kat\u0131l\u0131mc\u0131lar\u0131n e\u011fitime [&hellip;]<\/p>\n","protected":false},"author":1,"featured_media":346,"parent":8,"menu_order":0,"comment_status":"closed","ping_status":"closed","template":"page-egitimler.php","meta":{"footnotes":""},"class_list":["post-210","page","type-page","status-publish","has-post-thumbnail","hentry"],"jetpack_sharing_enabled":true,"_links":{"self":[{"href":"https:\/\/kamp.linux.org.tr\/2022\/wp-json\/wp\/v2\/pages\/210","targetHints":{"allow":["GET"]}}],"collection":[{"href":"https:\/\/kamp.linux.org.tr\/2022\/wp-json\/wp\/v2\/pages"}],"about":[{"href":"https:\/\/kamp.linux.org.tr\/2022\/wp-json\/wp\/v2\/types\/page"}],"author":[{"embeddable":true,"href":"https:\/\/kamp.linux.org.tr\/2022\/wp-json\/wp\/v2\/users\/1"}],"replies":[{"embeddable":true,"href":"https:\/\/kamp.linux.org.tr\/2022\/wp-json\/wp\/v2\/comments?post=210"}],"version-history":[{"count":0,"href":"https:\/\/kamp.linux.org.tr\/2022\/wp-json\/wp\/v2\/pages\/210\/revisions"}],"up":[{"embeddable":true,"href":"https:\/\/kamp.linux.org.tr\/2022\/wp-json\/wp\/v2\/pages\/8"}],"wp:featuredmedia":[{"embeddable":true,"href":"https:\/\/kamp.linux.org.tr\/2022\/wp-json\/wp\/v2\/media\/346"}],"wp:attachment":[{"href":"https:\/\/kamp.linux.org.tr\/2022\/wp-json\/wp\/v2\/media?parent=210"}],"curies":[{"name":"wp","href":"https:\/\/api.w.org\/{rel}","templated":true}]}}