{"id":262,"date":"2022-07-27T21:18:21","date_gmt":"2022-07-27T21:18:21","guid":{"rendered":"https:\/\/kamp.linux.org.tr\/2022\/?page_id=262"},"modified":"2022-07-27T21:18:21","modified_gmt":"2022-07-27T21:18:21","slug":"gnu-linux-sistem-yonetimi-1-duzey","status":"publish","type":"page","link":"https:\/\/kamp.linux.org.tr\/2022\/kurslar\/gnu-linux-sistem-yonetimi-1-duzey\/","title":{"rendered":"GNU\/Linux Sistem Y\u00f6netimi 1. D\u00fczey"},"content":{"rendered":"\n<p><strong>E\u011fitimin K\u0131sa \u00d6zeti<\/strong><\/p>\n\n\n\n<ul class=\"wp-block-list\"><li>GNU\/Linux Sistem Y\u00f6neticisi olmak ya da yaln\u0131zca GNU\/Linux\u2019u temellerinden ba\u015flayarak \u00f6\u011frenmek isteyenlere y\u00f6nelik bir e\u011fitimdir.<br><\/li><\/ul>\n\n\n\n<p><strong>E\u011fitmenler: <\/strong>Ahmetcan \u0130rdem(c), Ali Sezi\u015fli(c), Doruk Fi\u015fek(a), Osman Or\u00e7un Ser\u00e7e(c), Seda Ar\u0131k(d), Selin Akbu\u011fa(d), \u015eenol Ald\u0131ba\u015f(b), Yusuf D\u00fczg\u00fcn(b)<\/p>\n\n\n\n<p><strong>Kat\u0131l\u0131mc\u0131lar i\u00e7in \u00f6n-\u015fartlar<\/strong><\/p>\n\n\n\n<ul class=\"wp-block-list\"><li>Okudu\u011funu anlayabilecek d\u00fczeyde \u0130ngilizce bilgisi<\/li><li>Sanal makine kurabilme \/ kullanabilme<\/li><\/ul>\n\n\n\n<p><strong>Kat\u0131l\u0131mc\u0131lar\u0131n e\u011fitime bilgisayar d\u0131\u015f\u0131nda getirmesi gereken donan\u0131m\/yaz\u0131l\u0131m<\/strong><\/p>\n\n\n\n<p>\u00d6n haz\u0131rl\u0131k olarak a\u015fa\u011f\u0131daki ad\u0131mlar\u0131n tamamlanmas\u0131 beklenmektedir:<\/p>\n\n\n\n<ul class=\"wp-block-list\"><li>VirtualBox Sanalla\u015ft\u0131rma Ortam\u0131n\u0131n Kurulmas\u0131<\/li><li>Sanalla\u015ft\u0131rma Ortam\u0131n\u0131n Kurulmas\u0131<\/li><li>RPM: Centos, RockyLinux &amp; DEB: Debian, Ubuntu, Pardus da\u011f\u0131t\u0131mlar\u0131n\u0131n en az birinin kurulmas\u0131<\/li><\/ul>\n\n\n\n<p><strong>E\u011fitim Konu Ba\u015fl\u0131klar\u0131<\/strong><\/p>\n\n\n\n<ul class=\"wp-block-list\"><li>\u00d6zg\u00fcr Yaz\u0131l\u0131m Felsefesi ve Temel Kavramlar<\/li><li>GNU\/Linux \u0130\u015fletim Sisteminin Yap\u0131s\u0131<\/li><li>Komut Sat\u0131r\u0131 (Kabuk) ve Temel Komutlar<\/li><li>Kabuk ve \u00d6zellikleri<\/li><li>Kullan\u0131c\u0131 ve Grup Y\u00f6netimi<\/li><li>Paket Y\u00f6netim Sistemi<\/li><li>S\u00fcre\u00e7ler ve Servisler<\/li><li>Sistem Kay\u0131tlar\u0131<\/li><li>Depolama Ayg\u0131tlar\u0131n\u0131n Y\u00f6netimi<\/li><li>Zamanlanm\u0131\u015f G\u00f6revler<\/li><li>Temel TCP\/IP Bilgisi ve A\u011f Y\u00f6netimi<\/li><li>DNS Teknolojisine Giri\u015f<\/li><li>G\u00fcvenli Uzaktan Eri\u015fim<\/li><li>Yedekleme, Ar\u015fivleme ve S\u0131k\u0131\u015ft\u0131rma<\/li><li>Web Teknolojisine Giri\u015f<\/li><li>LAMP (Apache\/PHP\/MySQL) veya LEMP (nginx\/php\/MySQL) Kurulumu ve \u00d6rnek Bir Uygulaman\u0131n Ko\u015fturulmas\u0131<\/li><li>Bash Betik (Script) Yaz\u0131m\u0131na Giri\u015f<\/li><\/ul>\n","protected":false},"excerpt":{"rendered":"<p>E\u011fitimin K\u0131sa \u00d6zeti GNU\/Linux Sistem Y\u00f6neticisi olmak ya da yaln\u0131zca GNU\/Linux\u2019u temellerinden ba\u015flayarak \u00f6\u011frenmek isteyenlere y\u00f6nelik bir e\u011fitimdir. E\u011fitmenler: Ahmetcan \u0130rdem(c), Ali Sezi\u015fli(c), Doruk Fi\u015fek(a), Osman Or\u00e7un Ser\u00e7e(c), Seda Ar\u0131k(d), Selin Akbu\u011fa(d), \u015eenol Ald\u0131ba\u015f(b), Yusuf D\u00fczg\u00fcn(b) Kat\u0131l\u0131mc\u0131lar i\u00e7in \u00f6n-\u015fartlar Okudu\u011funu anlayabilecek d\u00fczeyde \u0130ngilizce bilgisi Sanal makine kurabilme \/ kullanabilme Kat\u0131l\u0131mc\u0131lar\u0131n e\u011fitime bilgisayar d\u0131\u015f\u0131nda getirmesi gereken [&hellip;]<\/p>\n","protected":false},"author":1,"featured_media":328,"parent":8,"menu_order":0,"comment_status":"closed","ping_status":"closed","template":"page-egitimler.php","meta":{"footnotes":""},"class_list":["post-262","page","type-page","status-publish","has-post-thumbnail","hentry"],"jetpack_sharing_enabled":true,"_links":{"self":[{"href":"https:\/\/kamp.linux.org.tr\/2022\/wp-json\/wp\/v2\/pages\/262","targetHints":{"allow":["GET"]}}],"collection":[{"href":"https:\/\/kamp.linux.org.tr\/2022\/wp-json\/wp\/v2\/pages"}],"about":[{"href":"https:\/\/kamp.linux.org.tr\/2022\/wp-json\/wp\/v2\/types\/page"}],"author":[{"embeddable":true,"href":"https:\/\/kamp.linux.org.tr\/2022\/wp-json\/wp\/v2\/users\/1"}],"replies":[{"embeddable":true,"href":"https:\/\/kamp.linux.org.tr\/2022\/wp-json\/wp\/v2\/comments?post=262"}],"version-history":[{"count":0,"href":"https:\/\/kamp.linux.org.tr\/2022\/wp-json\/wp\/v2\/pages\/262\/revisions"}],"up":[{"embeddable":true,"href":"https:\/\/kamp.linux.org.tr\/2022\/wp-json\/wp\/v2\/pages\/8"}],"wp:featuredmedia":[{"embeddable":true,"href":"https:\/\/kamp.linux.org.tr\/2022\/wp-json\/wp\/v2\/media\/328"}],"wp:attachment":[{"href":"https:\/\/kamp.linux.org.tr\/2022\/wp-json\/wp\/v2\/media?parent=262"}],"curies":[{"name":"wp","href":"https:\/\/api.w.org\/{rel}","templated":true}]}}