{"id":302,"date":"2022-07-28T12:11:22","date_gmt":"2022-07-28T12:11:22","guid":{"rendered":"https:\/\/kamp.linux.org.tr\/2022\/?page_id=302"},"modified":"2022-07-28T12:11:22","modified_gmt":"2022-07-28T12:11:22","slug":"linux-internals-introduction-to-xdp","status":"publish","type":"page","link":"https:\/\/kamp.linux.org.tr\/2022\/kurslar\/linux-internals-introduction-to-xdp\/","title":{"rendered":"Linux Internals : Introduction to XDP"},"content":{"rendered":"\n<p><strong>E\u011fitimin K\u0131sa \u00d6zeti<\/strong><\/p>\n\n\n\n<ul class=\"wp-block-list\"><li><strong>Linux \u00c7ekirde\u011fi<\/strong> etraf\u0131nda \u00f6zelle\u015fmi\u015f bir \u0130\u015fletim Sisteminde \u00e7ekirdek-i\u00e7i sanal makinelerinden <strong>BPF<\/strong>\u2019nin yard\u0131m\u0131 ile ekspres veri yolu <strong>XDP<\/strong>\u2019yi ke\u015ffetmeyi hedefleyen giri\u015f e\u011fitimidir.<br><\/li><\/ul>\n\n\n\n<p><strong>E\u011fitmenler: <\/strong>Metin \u00d6zy\u0131ld\u0131r\u0131m, R. Eng\u00fcr Pi\u015firici<\/p>\n\n\n\n<p><strong>Kat\u0131l\u0131mc\u0131lar i\u00e7in \u00f6n-\u015fartlar<\/strong><\/p>\n\n\n\n<ul class=\"wp-block-list\"><li><strong>Temel d\u00fczey:<\/strong> Linux \u00c7ekirde\u011fi, Programlama (C,asm), TCP\/IP Stack, BSD sockets, A\u011f Programlama<\/li><li><strong>Orta d\u00fczey:<\/strong> Betik Programlama, (GNU\/)Linux Da\u011f\u0131t\u0131mlar\u0131ndan birine hakimiyet, Computer Organization, Digital Design, Operating Systems<\/li><li><strong>\u0130leri d\u00fczey:<\/strong> Bili\u015fim okurlu\u011fu, konu hakk\u0131nda motivasyon<\/li><li><strong>2 \u00c7ekirdek\/4 hyperthread<\/strong>li, min. <strong>6 GB RAM<\/strong>li, <strong>500 GB<\/strong> bo\u015f yeri olan bir laptopa sahip olmak<\/li><li>min. <strong>10m uzunlu\u011funda cat5e\/6 utp kablo<\/strong>ya sahip olmak<\/li><li>(gnu\/)<strong>linux<\/strong> da\u011f\u0131t\u0131ml\u0131 bir desktop kullanm\u0131\u015f olmak<\/li><li><strong>Virtualbox 64bit<\/strong> gibi bir sanalla\u015ft\u0131rma ortam\u0131n\u0131n g\u00fcncel s\u00fcr\u00fcmlerini deneyimlemi\u015f olmak<\/li><li>D\u00fcr\u00fcst olmak, ne eksik ne fazlay\u0131 g\u00f6stermek!<\/li><\/ul>\n\n\n\n<p><strong>Kat\u0131l\u0131mc\u0131lar\u0131n e\u011fitime bilgisayar d\u0131\u015f\u0131nda getirmesi gereken donan\u0131m\/yaz\u0131l\u0131m<\/strong><\/p>\n\n\n\n<ul class=\"wp-block-list\"><li>Kamp ba\u015flama tarihine kadar e\u011fitmenin isteyebilece\u011fi dosyalar\u0131 indirmek, bilgisayar\u0131n\u0131z\u0131 ayarlamak, a\u00e7\u0131lacak Telegram grubuna \u00fcye olmak, verilecek \u00f6devleri yapmak<\/li><li>Herhangi bir durum de\u011fi\u015fikli\u011finde, derhal e\u011fitmene haber vermek<\/li><\/ul>\n\n\n\n<p><strong>E\u011fitim Konu Ba\u015fl\u0131klar\u0131<\/strong><\/p>\n\n\n\n<ul class=\"wp-block-list\"><li> <\/li><\/ul>\n","protected":false},"excerpt":{"rendered":"<p>E\u011fitimin K\u0131sa \u00d6zeti Linux \u00c7ekirde\u011fi etraf\u0131nda \u00f6zelle\u015fmi\u015f bir \u0130\u015fletim Sisteminde \u00e7ekirdek-i\u00e7i sanal makinelerinden BPF\u2019nin yard\u0131m\u0131 ile ekspres veri yolu XDP\u2019yi ke\u015ffetmeyi hedefleyen giri\u015f e\u011fitimidir. E\u011fitmenler: Metin \u00d6zy\u0131ld\u0131r\u0131m, R. Eng\u00fcr Pi\u015firici Kat\u0131l\u0131mc\u0131lar i\u00e7in \u00f6n-\u015fartlar Temel d\u00fczey: Linux \u00c7ekirde\u011fi, Programlama (C,asm), TCP\/IP Stack, BSD sockets, A\u011f Programlama Orta d\u00fczey: Betik Programlama, (GNU\/)Linux Da\u011f\u0131t\u0131mlar\u0131ndan birine hakimiyet, Computer Organization, [&hellip;]<\/p>\n","protected":false},"author":1,"featured_media":356,"parent":8,"menu_order":0,"comment_status":"closed","ping_status":"closed","template":"page-egitimler.php","meta":{"footnotes":""},"class_list":["post-302","page","type-page","status-publish","has-post-thumbnail","hentry"],"jetpack_sharing_enabled":true,"_links":{"self":[{"href":"https:\/\/kamp.linux.org.tr\/2022\/wp-json\/wp\/v2\/pages\/302","targetHints":{"allow":["GET"]}}],"collection":[{"href":"https:\/\/kamp.linux.org.tr\/2022\/wp-json\/wp\/v2\/pages"}],"about":[{"href":"https:\/\/kamp.linux.org.tr\/2022\/wp-json\/wp\/v2\/types\/page"}],"author":[{"embeddable":true,"href":"https:\/\/kamp.linux.org.tr\/2022\/wp-json\/wp\/v2\/users\/1"}],"replies":[{"embeddable":true,"href":"https:\/\/kamp.linux.org.tr\/2022\/wp-json\/wp\/v2\/comments?post=302"}],"version-history":[{"count":0,"href":"https:\/\/kamp.linux.org.tr\/2022\/wp-json\/wp\/v2\/pages\/302\/revisions"}],"up":[{"embeddable":true,"href":"https:\/\/kamp.linux.org.tr\/2022\/wp-json\/wp\/v2\/pages\/8"}],"wp:featuredmedia":[{"embeddable":true,"href":"https:\/\/kamp.linux.org.tr\/2022\/wp-json\/wp\/v2\/media\/356"}],"wp:attachment":[{"href":"https:\/\/kamp.linux.org.tr\/2022\/wp-json\/wp\/v2\/media?parent=302"}],"curies":[{"name":"wp","href":"https:\/\/api.w.org\/{rel}","templated":true}]}}