{"id":59,"date":"2022-07-12T21:50:12","date_gmt":"2022-07-12T21:50:12","guid":{"rendered":"https:\/\/kamp.linux.org.tr\/2022\/?page_id=59"},"modified":"2022-07-12T21:50:12","modified_gmt":"2022-07-12T21:50:12","slug":"mustafa-akgul","status":"publish","type":"page","link":"https:\/\/kamp.linux.org.tr\/2022\/hakkinda\/mustafa-akgul\/","title":{"rendered":"Mustafa Akg\u00fcl"},"content":{"rendered":"<div class=\"wp-block-image is-style-default\">\n<figure class=\"alignleft is-resized\"><img loading=\"lazy\" decoding=\"async\" src=\"https:\/\/kamp.linux.org.tr\/2022\/wp-content\/uploads\/sites\/2\/2022\/07\/photo_2022-07-28_14-23-11.jpg\" alt=\"\" class=\"wp-image-285\" width=\"397\" height=\"375\" srcset=\"https:\/\/kamp.linux.org.tr\/2022\/wp-content\/uploads\/sites\/2\/2022\/07\/photo_2022-07-28_14-23-11.jpg 793w, https:\/\/kamp.linux.org.tr\/2022\/wp-content\/uploads\/sites\/2\/2022\/07\/photo_2022-07-28_14-23-11-300x284.jpg 300w, https:\/\/kamp.linux.org.tr\/2022\/wp-content\/uploads\/sites\/2\/2022\/07\/photo_2022-07-28_14-23-11-768x726.jpg 768w\" sizes=\"auto, (max-width: 397px) 100vw, 397px\" \/><\/figure>\n<\/div>\n\n\n<p>Mustafa Akg\u00fcl, 1990\u2019lar\u0131n ba\u015f\u0131ndan 2017 y\u0131l\u0131nda aram\u0131zdan ayr\u0131l\u0131\u015f\u0131na kadar ge\u00e7en \u00e7eyrek as\u0131rda T\u00fcrkiye\u2019de \u00f6zg\u00fcr yaz\u0131l\u0131m toplulu\u011funun olu\u015fmas\u0131 ve geli\u015fmesi i\u00e7in durmaks\u0131z\u0131n \u00e7al\u0131\u015ft\u0131.<\/p>\n\n\n\n<p>1993\u2019te \u00f6zg\u00fcr yaz\u0131l\u0131mc\u0131lar\u0131n haberle\u015febilmesi i\u00e7in linux@bilkent.edu.tr e-posta listesini kurduktan sonra, liste \u00fcyelerini 1995\u2019te 1. T\u00fcrkiye\u2019de \u0130nternet Konferans\u0131\u2019nda biraraya getirdi. Bu konferansta kurulan T\u00fcrkiye Linux Kullan\u0131c\u0131lar\u0131 Grubu, \u00f6zg\u00fcr yaz\u0131l\u0131mlar \u00fczerine ilk konu\u015fmas\u0131n\u0131 yine bu konferansta yapt\u0131.<\/p>\n\n\n\n<p>Akg\u00fcl\u2019\u00fcn itici g\u00fcc\u00fcyle topluluk, 1990\u2019lar\u0131n ikinci yar\u0131s\u0131nda <a rel=\"noreferrer noopener\" href=\"https:\/\/web.archive.org\/web\/20200217131107\/http:\/\/www.linux.org.tr\/\" target=\"_blank\"><strong>www.linux.org.tr<\/strong><\/a> web sitesinin a\u00e7\u0131lmas\u0131, T\u00fcrkiye\u2019deki ilk GNU\/Linux da\u011f\u0131t\u0131m\u0131n\u0131n geli\u015ftirilmesi, ilk GNU\/Linux kitab\u0131n\u0131n yay\u0131nlanmas\u0131, \u0130nternet Konferans\u0131\u2019nda her sene bir salonda \u00f6zg\u00fcr yaz\u0131l\u0131m temal\u0131 konu\u015fmalar yap\u0131lmas\u0131 gibi bir\u00e7ok ba\u015far\u0131ya imza att\u0131.<\/p>\n\n\n\n<p>2000\u2019li y\u0131llarda <strong>Linux Kullan\u0131c\u0131lar\u0131 Derne\u011fi<\/strong> ad\u0131yla yasal bir \u00e7at\u0131 olu\u015fturan toplulu\u011fun 8 y\u0131l boyunca y\u00f6netim kurulu ba\u015fkanl\u0131\u011f\u0131n\u0131 yapt\u0131ktan sonra derne\u011fin onursal ba\u015fkan\u0131 \u00fcnvan\u0131n\u0131 ald\u0131. 2000\u2019li y\u0131llarda \u00f6zg\u00fcr yaz\u0131l\u0131mc\u0131lar\u0131n ilk kez \u201c\u00d6zg\u00fcr Yaz\u0131l\u0131m ve Linux \u015eenli\u011fi\u201d ad\u0131yla kendi etkinlikleri oldu. Yine Akg\u00fcl\u2019\u00fcn \u00f6nc\u00fcl\u00fc\u011f\u00fcn\u00fc yapt\u0131\u011f\u0131 ve her y\u0131l yap\u0131lan Akademik Bili\u015fim Konferans\u0131\u2019n\u0131n \u00f6ncesinde kurslar d\u00fczenlediler.<\/p>\n\n\n\n<p>2010 y\u0131l\u0131nda Akg\u00fcl uzun zamand\u0131r d\u00fc\u015fledi\u011fi \u201cLinux Yaz Kamp\u0131\u201dn\u0131 ya\u015fama ge\u00e7irdi. 1 s\u0131n\u0131fta 10 g\u00fcnl\u00fck bir e\u011fitim olarak ba\u015flayan etkinlik, 2017 y\u0131l\u0131na gelindi\u011finde 21 s\u0131n\u0131fta 13 farkl\u0131 konuda 15 g\u00fcnl\u00fck bir kampta y\u0131lda 500\u2019\u00fcn \u00fczerinde kat\u0131l\u0131mc\u0131ya e\u011fitim veriyordu.<\/p>\n\n\n\n<p>Mustafa Akg\u00fcl, 2017 y\u0131l\u0131n\u0131n sonunda aram\u0131zdan ayr\u0131ld\u0131.<\/p>\n\n\n\n<p>\u00d6nc\u00fcs\u00fc ve en b\u00fcy\u00fck destek\u00e7isi oldu\u011fu, birbirini tamamlayan ve besleyen iki geleneksel etkinli\u011fe ad\u0131 verildi:<br><br><\/p>\n\n\n\n<ul class=\"wp-block-list\"><li>Yaz aylar\u0131nda yap\u0131lan \u201cLinux Yaz Kamp\u0131\u201d art\u0131k <strong>\u201cMustafa Akg\u00fcl \u00d6zg\u00fcr Yaz\u0131l\u0131m Yaz Kamp\u0131<\/strong>\u201d olarak d\u00fczenleniyor.<\/li><li>K\u0131\u015f aylar\u0131nda yap\u0131lan \u201cAkademik Bili\u015fim \u00d6ncesi Kurslar\u201d art\u0131k <strong>\u201cMustafa Akg\u00fcl \u00d6zg\u00fcr Yaz\u0131l\u0131m K\u0131\u015f Kamp\u0131\u201d<\/strong> olarak d\u00fczenleniyor.<\/li><\/ul>\n\n\n\n<p><br>Hi\u00e7 bitmeyen ya\u015fam enerjisi art\u0131k bizlerin i\u00e7inde ya\u015f\u0131yor. Her birimize a\u015f\u0131lad\u0131\u011f\u0131 \u00f6zg\u00fcr yaz\u0131l\u0131m felsefesini daha da ileriye ta\u015f\u0131yaca\u011f\u0131z.<\/p>\n\n\n\n<div class=\"wp-block-group\"><div class=\"wp-block-group__inner-container is-layout-flow wp-block-group-is-layout-flow\"><\/div><\/div>\n","protected":false},"excerpt":{"rendered":"<p>Mustafa Akg\u00fcl, 1990\u2019lar\u0131n ba\u015f\u0131ndan 2017 y\u0131l\u0131nda aram\u0131zdan ayr\u0131l\u0131\u015f\u0131na kadar ge\u00e7en \u00e7eyrek as\u0131rda T\u00fcrkiye\u2019de \u00f6zg\u00fcr yaz\u0131l\u0131m toplulu\u011funun olu\u015fmas\u0131 ve geli\u015fmesi i\u00e7in durmaks\u0131z\u0131n \u00e7al\u0131\u015ft\u0131. 1993\u2019te \u00f6zg\u00fcr yaz\u0131l\u0131mc\u0131lar\u0131n haberle\u015febilmesi i\u00e7in linux@bilkent.edu.tr e-posta listesini kurduktan sonra, liste \u00fcyelerini 1995\u2019te 1. T\u00fcrkiye\u2019de \u0130nternet Konferans\u0131\u2019nda biraraya getirdi. Bu konferansta kurulan T\u00fcrkiye Linux Kullan\u0131c\u0131lar\u0131 Grubu, \u00f6zg\u00fcr yaz\u0131l\u0131mlar \u00fczerine ilk konu\u015fmas\u0131n\u0131 yine bu [&hellip;]<\/p>\n","protected":false},"author":1,"featured_media":0,"parent":61,"menu_order":0,"comment_status":"closed","ping_status":"closed","template":"","meta":{"footnotes":""},"class_list":["post-59","page","type-page","status-publish","hentry"],"jetpack_sharing_enabled":true,"_links":{"self":[{"href":"https:\/\/kamp.linux.org.tr\/2022\/wp-json\/wp\/v2\/pages\/59","targetHints":{"allow":["GET"]}}],"collection":[{"href":"https:\/\/kamp.linux.org.tr\/2022\/wp-json\/wp\/v2\/pages"}],"about":[{"href":"https:\/\/kamp.linux.org.tr\/2022\/wp-json\/wp\/v2\/types\/page"}],"author":[{"embeddable":true,"href":"https:\/\/kamp.linux.org.tr\/2022\/wp-json\/wp\/v2\/users\/1"}],"replies":[{"embeddable":true,"href":"https:\/\/kamp.linux.org.tr\/2022\/wp-json\/wp\/v2\/comments?post=59"}],"version-history":[{"count":0,"href":"https:\/\/kamp.linux.org.tr\/2022\/wp-json\/wp\/v2\/pages\/59\/revisions"}],"up":[{"embeddable":true,"href":"https:\/\/kamp.linux.org.tr\/2022\/wp-json\/wp\/v2\/pages\/61"}],"wp:attachment":[{"href":"https:\/\/kamp.linux.org.tr\/2022\/wp-json\/wp\/v2\/media?parent=59"}],"curies":[{"name":"wp","href":"https:\/\/api.w.org\/{rel}","templated":true}]}}