{"id":69,"date":"2022-07-12T22:04:01","date_gmt":"2022-07-12T22:04:01","guid":{"rendered":"https:\/\/kamp.linux.org.tr\/2022\/?page_id=69"},"modified":"2022-07-12T22:04:01","modified_gmt":"2022-07-12T22:04:01","slug":"69-2","status":"publish","type":"page","link":"https:\/\/kamp.linux.org.tr\/2022\/","title":{"rendered":"Ana Sayfa"},"content":{"rendered":"\n<div class=\"wp-block-columns is-layout-flex wp-container-core-columns-is-layout-9d6595d7 wp-block-columns-is-layout-flex\">\n<div class=\"wp-block-column is-layout-flow wp-block-column-is-layout-flow\" style=\"flex-basis:66.66%\">\n<h1 class=\"has-text-align-left wp-block-heading\">Mustafa Akg\u00fcl <br>\u00d6zg\u00fcr Yaz\u0131l\u0131m Yaz Kamp\u0131<\/h1>\n\n\n\n<p>Linux Kullan\u0131c\u0131lar\u0131 Derne\u011fi ve Bolu Abant \u0130zzet Baysal \u00dcniversitesi\u2019nin organizasyonunu \u00fcstlendi\u011fi etkinlik bu y\u0131l 19 \u2013 28 A\u011fustos tarihleri aras\u0131nda Bolu Abant \u0130zzet Baysal \u00dcniversitesi G\u00f6lk\u00f6y Yerle\u015fkesi\u2019nde yap\u0131l\u0131yor.<\/p>\n\n\n\n<p>Farkl\u0131 alanlarda, farkl\u0131 bilgi d\u00fczeylerine hitap eden paralel s\u0131n\u0131flarda ger\u00e7ekle\u015ftirilen e\u011fitimlere kat\u0131l\u0131m \u00fccretsizdir. Kat\u0131l\u0131mc\u0131lardan yaln\u0131zca kendi yol\/konaklama\/yemek masraflar\u0131n\u0131 kar\u015f\u0131lamalar\u0131 beklenmektedir.<\/p>\n\n\n\n<p>Ba\u015fvuru \u00f6ncesinde kurslar\u0131n detaylar\u0131n\u0131 <a href=\"https:\/\/kamp.linux.org.tr\/2022\/kurslar\/\" data-type=\"page\" data-id=\"8\">Kurslar<\/a> sayfas\u0131nda inceleyiniz.<\/p>\n\n\n\n<div class=\"wp-block-group\"><div class=\"wp-block-group__inner-container is-layout-flow wp-block-group-is-layout-flow\">\n<p>Kampa ili\u015fkin hemen her sorunun yan\u0131t\u0131n\u0131 <a href=\"https:\/\/kamp.linux.org.tr\/2022\/sikca-sorulan-sorular\/\" data-type=\"page\" data-id=\"14\">S\u0131k\u00e7a Sorulan Sorular<\/a> sayfas\u0131nda bulabilirsiniz.<\/p>\n<\/div><\/div>\n<\/div>\n\n\n\n<div class=\"wp-block-column is-layout-flow wp-block-column-is-layout-flow\" style=\"flex-basis:33.33%\">\n<div class=\"wp-block-columns is-layout-flex wp-container-core-columns-is-layout-9d6595d7 wp-block-columns-is-layout-flex\">\n<div class=\"wp-block-column is-layout-flow wp-block-column-is-layout-flow\" style=\"flex-basis:100%\">\n<figure class=\"wp-block-table is-style-stripes\"><table><tbody><tr><th>Takvim<\/th><th><\/th><th><\/th><\/tr><tr><td>Kat\u0131l\u0131mc\u0131 Ba\u015fvurular\u0131<\/td><td>:<\/td><td>28 Temmuz \u2013 05 A\u011fustos<\/td><\/tr><tr><td>1. Tur Yerle\u015ftirmeler<\/td><td>:<\/td><td>06 &#8211; 07 A\u011fustos<\/td><\/tr><tr><td>2. Tur Yerle\u015ftirmeler<\/td><td>:<\/td><td>11 &#8211; 14 A\u011fustos <\/td><\/tr><tr><td>KAMP<\/td><td>:<\/td><td>19 \u2013 28 A\u011fustos<\/td><\/tr><tr><td>Derslerin Ba\u015flamas\u0131<\/td><td>:<\/td><td>20 A\u011fustos<\/td><\/tr><\/tbody><\/table><\/figure>\n<\/div>\n<\/div>\n<\/div>\n<\/div>\n\n\n\n<div class=\"wp-block-group\"><div class=\"wp-block-group__inner-container is-layout-flow wp-block-group-is-layout-flow\"><\/div><\/div>\n","protected":false},"excerpt":{"rendered":"<p>Mustafa Akg\u00fcl \u00d6zg\u00fcr Yaz\u0131l\u0131m Yaz Kamp\u0131 Linux Kullan\u0131c\u0131lar\u0131 Derne\u011fi ve Bolu Abant \u0130zzet Baysal \u00dcniversitesi\u2019nin organizasyonunu \u00fcstlendi\u011fi etkinlik bu y\u0131l 19 \u2013 28 A\u011fustos tarihleri aras\u0131nda Bolu Abant \u0130zzet Baysal \u00dcniversitesi G\u00f6lk\u00f6y Yerle\u015fkesi\u2019nde yap\u0131l\u0131yor. Farkl\u0131 alanlarda, farkl\u0131 bilgi d\u00fczeylerine hitap eden paralel s\u0131n\u0131flarda ger\u00e7ekle\u015ftirilen e\u011fitimlere kat\u0131l\u0131m \u00fccretsizdir. Kat\u0131l\u0131mc\u0131lardan yaln\u0131zca kendi yol\/konaklama\/yemek masraflar\u0131n\u0131 kar\u015f\u0131lamalar\u0131 beklenmektedir. Ba\u015fvuru [&hellip;]<\/p>\n","protected":false},"author":1,"featured_media":0,"parent":0,"menu_order":0,"comment_status":"closed","ping_status":"closed","template":"","meta":{"footnotes":""},"class_list":["post-69","page","type-page","status-publish","hentry"],"jetpack_sharing_enabled":true,"_links":{"self":[{"href":"https:\/\/kamp.linux.org.tr\/2022\/wp-json\/wp\/v2\/pages\/69","targetHints":{"allow":["GET"]}}],"collection":[{"href":"https:\/\/kamp.linux.org.tr\/2022\/wp-json\/wp\/v2\/pages"}],"about":[{"href":"https:\/\/kamp.linux.org.tr\/2022\/wp-json\/wp\/v2\/types\/page"}],"author":[{"embeddable":true,"href":"https:\/\/kamp.linux.org.tr\/2022\/wp-json\/wp\/v2\/users\/1"}],"replies":[{"embeddable":true,"href":"https:\/\/kamp.linux.org.tr\/2022\/wp-json\/wp\/v2\/comments?post=69"}],"version-history":[{"count":0,"href":"https:\/\/kamp.linux.org.tr\/2022\/wp-json\/wp\/v2\/pages\/69\/revisions"}],"wp:attachment":[{"href":"https:\/\/kamp.linux.org.tr\/2022\/wp-json\/wp\/v2\/media?parent=69"}],"curies":[{"name":"wp","href":"https:\/\/api.w.org\/{rel}","templated":true}]}}