{"id":8,"date":"2022-07-06T12:57:00","date_gmt":"2022-07-06T12:57:00","guid":{"rendered":"https:\/\/kamp.linux.org.tr\/2022\/?page_id=8"},"modified":"2022-07-06T12:57:00","modified_gmt":"2022-07-06T12:57:00","slug":"kurslar","status":"publish","type":"page","link":"https:\/\/kamp.linux.org.tr\/2022\/kurslar\/","title":{"rendered":"Kurslar"},"content":{"rendered":"\n<div class=\"wp-block-group\"><div class=\"wp-block-group__inner-container is-layout-flow wp-block-group-is-layout-flow\">\n<p style=\"font-size:16px\">Bu seneki kampta paralel s\u0131n\u0131flarda verilecek kurslar belirlendik\u00e7e, kurslar\u0131n bilgilerine a\u015fa\u011f\u0131daki listeden ula\u015fabilirsiniz.<\/p>\n\n\n\n<p style=\"font-size:16px\">Ba\u015fvurmay\u0131 planlad\u0131\u011f\u0131n\u0131z kursun web sayfas\u0131ndaki detay program\u0131, anlat\u0131lanlar\u0131, kat\u0131l\u0131mc\u0131lardan beklenenleri mutlaka inceleyiniz.<\/p>\n\n\n\n<p style=\"font-size:16px\">E\u011fer hen\u00fcz okumad\u0131ysan\u0131z <a href=\"https:\/\/kamp.linux.org.tr\/2022\/sikca-sorulan-sorular\/\">S\u0131k\u00e7a Sorulan Sorular<\/a> sayfas\u0131n\u0131 da dikkatlice okuyunuz.<br><\/p>\n\n\n\n<p><br><strong>KURS L\u0130STES\u0130<\/strong><\/p>\n<\/div><\/div>\n\n\n\n<ul class=\"wp-block-list\" style=\"font-size:15px\"><li><a data-type=\"page\" data-id=\"262\" href=\"https:\/\/kamp.linux.org.tr\/2022\/kurslar\/gnu-linux-sistem-yonetimi-1-duzey\/\">GNU\/Linux Sistem Y\u00f6netimi 1. D\u00fczey<\/a><\/li><li><a data-type=\"page\" data-id=\"200\" href=\"https:\/\/kamp.linux.org.tr\/2022\/kurslar\/php-ile-web-programlamaya-giris\/\">PHP ile Web Programlamaya Giri\u015f<\/a><\/li><li><a data-type=\"page\" data-id=\"210\" href=\"https:\/\/kamp.linux.org.tr\/2022\/kurslar\/is-hayatinda-python-programlama-dili\/\">\u0130\u015f Hayat\u0131nda Python Programlama Dili<\/a><\/li><li><a data-type=\"page\" data-id=\"151\" href=\"https:\/\/kamp.linux.org.tr\/2022\/kurslar\/r-ile-veri-gorsellestirme\/\">R ile Veri G\u00f6rselle\u015ftirme<\/a><\/li><li><a data-type=\"page\" data-id=\"134\" href=\"https:\/\/kamp.linux.org.tr\/2022\/kurslar\/gelistiriciler-ve-dba-ler-icin-mongodb-ve-mass-data\/\">Geli\u015ftiriciler ve DBA ler i\u00e7in MongoDB ve Mass Data<\/a><\/li><li><a data-type=\"page\" data-id=\"302\" href=\"https:\/\/kamp.linux.org.tr\/2022\/kurslar\/linux-internals-introduction-to-xdp\/\">Linux Internals : Introduction to XDP<\/a><\/li><li><a data-type=\"page\" data-id=\"252\" href=\"https:\/\/kamp.linux.org.tr\/2022\/kurslar\/blokzincir-101\/\">Blokzincir 101<\/a><\/li><\/ul>\n\n\n\n<p><\/p>\n","protected":false},"excerpt":{"rendered":"<p>Bu seneki kampta paralel s\u0131n\u0131flarda verilecek kurslar belirlendik\u00e7e, kurslar\u0131n bilgilerine a\u015fa\u011f\u0131daki listeden ula\u015fabilirsiniz. Ba\u015fvurmay\u0131 planlad\u0131\u011f\u0131n\u0131z kursun web sayfas\u0131ndaki detay program\u0131, anlat\u0131lanlar\u0131, kat\u0131l\u0131mc\u0131lardan beklenenleri mutlaka inceleyiniz. E\u011fer hen\u00fcz okumad\u0131ysan\u0131z S\u0131k\u00e7a Sorulan Sorular sayfas\u0131n\u0131 da dikkatlice okuyunuz. KURS L\u0130STES\u0130 GNU\/Linux Sistem Y\u00f6netimi 1. D\u00fczey PHP ile Web Programlamaya Giri\u015f \u0130\u015f Hayat\u0131nda Python Programlama Dili R ile Veri [&hellip;]<\/p>\n","protected":false},"author":1,"featured_media":0,"parent":0,"menu_order":0,"comment_status":"closed","ping_status":"closed","template":"","meta":{"footnotes":""},"class_list":["post-8","page","type-page","status-publish","hentry"],"jetpack_sharing_enabled":true,"_links":{"self":[{"href":"https:\/\/kamp.linux.org.tr\/2022\/wp-json\/wp\/v2\/pages\/8","targetHints":{"allow":["GET"]}}],"collection":[{"href":"https:\/\/kamp.linux.org.tr\/2022\/wp-json\/wp\/v2\/pages"}],"about":[{"href":"https:\/\/kamp.linux.org.tr\/2022\/wp-json\/wp\/v2\/types\/page"}],"author":[{"embeddable":true,"href":"https:\/\/kamp.linux.org.tr\/2022\/wp-json\/wp\/v2\/users\/1"}],"replies":[{"embeddable":true,"href":"https:\/\/kamp.linux.org.tr\/2022\/wp-json\/wp\/v2\/comments?post=8"}],"version-history":[{"count":0,"href":"https:\/\/kamp.linux.org.tr\/2022\/wp-json\/wp\/v2\/pages\/8\/revisions"}],"wp:attachment":[{"href":"https:\/\/kamp.linux.org.tr\/2022\/wp-json\/wp\/v2\/media?parent=8"}],"curies":[{"name":"wp","href":"https:\/\/api.w.org\/{rel}","templated":true}]}}