{"id":12,"date":"2022-07-06T12:57:32","date_gmt":"2022-07-06T09:57:32","guid":{"rendered":"https:\/\/kamp.linux.org.tr\/2022\/?page_id=12"},"modified":"2023-02-01T21:55:36","modified_gmt":"2023-02-01T18:55:36","slug":"egitmenler","status":"publish","type":"page","link":"https:\/\/kamp.linux.org.tr\/2023-kis\/egitmenler\/","title":{"rendered":"E\u011fitmenler"},"content":{"rendered":"\n<p>Alfabetik olarak e\u011fitmenlerimiz<\/p>\n\n\n\n<ul class=\"wp-block-list\">\n<li><a href=\"https:\/\/kamp.linux.org.tr\/2023-kis\/egitmenler\/ahmet-ogulcan-cankaya\/\" data-type=\"URL\" data-id=\"https:\/\/kamp.linux.org.tr\/2023-kis\/egitmenler\/ahmet-ogulcan-cankaya\/\">Ahmet Ogulcan \u00c7ankaya<\/a><\/li>\n\n\n\n<li><a href=\"https:\/\/kamp.linux.org.tr\/2023-kis\/egitmenler\/ali-sezisli\/\" data-type=\"URL\" data-id=\"https:\/\/kamp.linux.org.tr\/2023-kis\/egitmenler\/ali-sezisli\/\">Ali Sezi\u015fli<\/a><\/li>\n\n\n\n<li><a href=\"https:\/\/kamp.linux.org.tr\/2023-kis\/egitmenler\/aydin-yakar\/\" data-type=\"URL\" data-id=\"https:\/\/kamp.linux.org.tr\/2023-kis\/egitmenler\/aydin-yakar\/\">Ayd\u0131n Yakar<\/a><\/li>\n\n\n\n<li><a href=\"https:\/\/kamp.linux.org.tr\/2023-kis\/egitmenler\/aysegul-aktas\/\" data-type=\"URL\" data-id=\"https:\/\/kamp.linux.org.tr\/2023-kis\/egitmenler\/aysegul-aktas\/\">Ay\u015feg\u00fcl Akta\u015f<\/a><\/li>\n\n\n\n<li><a href=\"https:\/\/kamp.linux.org.tr\/2023-kis\/egitmenler\/batuhan-berk-sahin\/\" data-type=\"URL\" data-id=\"https:\/\/kamp.linux.org.tr\/2023-kis\/egitmenler\/batuhan-berk-sahin\/\">Batuhan Berk \u015eahin<\/a><\/li>\n\n\n\n<li><a href=\"https:\/\/kamp.linux.org.tr\/2023-kis\/egitmenler\/berkay-guclu\/\" data-type=\"URL\" data-id=\"https:\/\/kamp.linux.org.tr\/2023-kis\/egitmenler\/berkay-guclu\/\">Berkay G\u00fc\u00e7l\u00fc<\/a><\/li>\n\n\n\n<li><a href=\"https:\/\/kamp.linux.org.tr\/2023-kis\/egitmenler\/burcin-sarigul\/\" data-type=\"URL\" data-id=\"https:\/\/kamp.linux.org.tr\/2023-kis\/egitmenler\/burcin-sarigul\/\">Bur\u00e7in Sar\u0131g\u00fcl<\/a><\/li>\n\n\n\n<li><a href=\"https:\/\/kamp.linux.org.tr\/2023-kis\/egitmenler\/busra-keskin\/\" data-type=\"URL\" data-id=\"https:\/\/kamp.linux.org.tr\/2023-kis\/egitmenler\/busra-keskin\/\">B\u00fc\u015fra Keskin<\/a><\/li>\n\n\n\n<li><a href=\"https:\/\/kamp.linux.org.tr\/2023-kis\/egitmenler\/canberk-koc\/\" data-type=\"URL\" data-id=\"https:\/\/kamp.linux.org.tr\/2023-kis\/egitmenler\/canberk-koc\/\">Canberk Ko\u00e7<\/a><\/li>\n\n\n\n<li><a href=\"https:\/\/kamp.linux.org.tr\/2023-kis\/egitmenler\/doruk-fisek\/\" data-type=\"URL\" data-id=\"https:\/\/kamp.linux.org.tr\/2023-kis\/egitmenler\/doruk-fisek\/\">Doruk Fi\u015fek<\/a><\/li>\n\n\n\n<li><a href=\"https:\/\/kamp.linux.org.tr\/2023-kis\/egitmenler\/ege-akat\/\" data-type=\"URL\" data-id=\"https:\/\/kamp.linux.org.tr\/2023-kis\/egitmenler\/ege-akat\/\">Ege Akat<\/a><\/li>\n\n\n\n<li><a href=\"https:\/\/kamp.linux.org.tr\/2023-kis\/egitmenler\/elif-ozge-ozdamar\/\" data-type=\"URL\" data-id=\"https:\/\/kamp.linux.org.tr\/2023-kis\/egitmenler\/elif-ozge-ozdamar\/\">Elif \u00d6zge \u00d6zdamar<\/a><\/li>\n\n\n\n<li><a href=\"https:\/\/kamp.linux.org.tr\/2023-kis\/egitmenler\/kerem-yaldiz\/\" data-type=\"URL\" data-id=\"https:\/\/kamp.linux.org.tr\/2023-kis\/egitmenler\/kerem-yaldiz\/\">Kerem Yald\u0131z<\/a><\/li>\n\n\n\n<li><a href=\"https:\/\/kamp.linux.org.tr\/2023-kis\/egitmenler\/mehmet-ayberk-annadinc\/\" data-type=\"URL\" data-id=\"https:\/\/kamp.linux.org.tr\/2023-kis\/egitmenler\/mehmet-ayberk-annadinc\/\" target=\"_blank\" rel=\"noreferrer noopener\">Mehmet Ayberk Annadin\u00e7<\/a><\/li>\n\n\n\n<li><a href=\"https:\/\/kamp.linux.org.tr\/2023-kis\/egitmenler\/murathan-bostanci\/\" data-type=\"URL\" data-id=\"https:\/\/kamp.linux.org.tr\/2023-kis\/egitmenler\/murathan-bostanci\/\">Murathan Bostanc\u0131<\/a><\/li>\n\n\n\n<li><a href=\"https:\/\/kamp.linux.org.tr\/2023-kis\/egitmenler\/mustafa-dervisoglu\/\" data-type=\"URL\" data-id=\"https:\/\/kamp.linux.org.tr\/2023-kis\/egitmenler\/mustafa-dervisoglu\/\">Mustafa Dervi\u015fo\u011flu<\/a><\/li>\n\n\n\n<li><a href=\"https:\/\/kamp.linux.org.tr\/2023-kis\/egitmenler\/mustafa-karakaya\/\" data-type=\"URL\" data-id=\"https:\/\/kamp.linux.org.tr\/2023-kis\/egitmenler\/mustafa-karakaya\/\">Mustafa Karakaya<\/a><\/li>\n\n\n\n<li><a href=\"https:\/\/kamp.linux.org.tr\/2023-kis\/egitmenler\/mustafa-us\/\" data-type=\"URL\" data-id=\"https:\/\/kamp.linux.org.tr\/2023-kis\/egitmenler\/mustafa-us\/\">Mustafa Us<\/a><\/li>\n\n\n\n<li><a href=\"https:\/\/kamp.linux.org.tr\/2023-kis\/egitmenler\/nikita-turkmen\/\" data-type=\"URL\" data-id=\"https:\/\/kamp.linux.org.tr\/2023-kis\/egitmenler\/nikita-turkmen\/\">Nikita T\u00fcrkmen<\/a><\/li>\n\n\n\n<li><a href=\"https:\/\/kamp.linux.org.tr\/2023-kis\/egitmenler\/nuri-akman\/\" data-type=\"URL\" data-id=\"https:\/\/kamp.linux.org.tr\/2023-kis\/egitmenler\/nuri-akman\/\">Nuri Akman<\/a><\/li>\n\n\n\n<li><a href=\"https:\/\/kamp.linux.org.tr\/2023-kis\/egitmenler\/oben-battal\/\" data-type=\"URL\" data-id=\"https:\/\/kamp.linux.org.tr\/2023-kis\/egitmenler\/oben-battal\/\">Oben Battal<\/a><\/li>\n\n\n\n<li><a href=\"https:\/\/kamp.linux.org.tr\/2023-kis\/egitmenler\/oguz-halit-sak\/\" data-type=\"URL\" data-id=\"https:\/\/kamp.linux.org.tr\/2023-kis\/egitmenler\/oguz-halit-sak\/\">O\u011fuz Halit Sak<\/a><\/li>\n\n\n\n<li><a href=\"https:\/\/kamp.linux.org.tr\/2023-kis\/egitmenler\/onur-can-kayakiran\/\" data-type=\"URL\" data-id=\"https:\/\/kamp.linux.org.tr\/2023-kis\/egitmenler\/onur-can-kayakiran\/\">Onur Can Kayak\u0131ran<\/a><\/li>\n\n\n\n<li><a href=\"https:\/\/kamp.linux.org.tr\/2023-kis\/egitmenler\/osman-kayi\/\" data-type=\"URL\" data-id=\"https:\/\/kamp.linux.org.tr\/2023-kis\/egitmenler\/osman-kayi\/\">Osman Kay\u0131<\/a><\/li>\n\n\n\n<li><a href=\"https:\/\/kamp.linux.org.tr\/2023-kis\/egitmenler\/omer-citak\/\" data-type=\"URL\" data-id=\"https:\/\/kamp.linux.org.tr\/2023-kis\/egitmenler\/omer-citak\/\">\u00d6mer \u00c7\u0131tak<\/a><\/li>\n\n\n\n<li><a href=\"https:\/\/kamp.linux.org.tr\/2023-kis\/egitmenler\/ozcan-oguz\/\" data-type=\"URL\" data-id=\"https:\/\/kamp.linux.org.tr\/2023-kis\/egitmenler\/ozcan-oguz\/\">\u00d6zcan O\u011fuz<\/a><\/li>\n\n\n\n<li><a href=\"https:\/\/kamp.linux.org.tr\/2023-kis\/egitmenler\/ozcan-yarimdunya\/\" data-type=\"URL\" data-id=\"https:\/\/kamp.linux.org.tr\/2023-kis\/egitmenler\/ozcan-yarimdunya\/\">\u00d6zcan Yar\u0131md\u00fcnya<\/a><\/li>\n\n\n\n<li><a href=\"https:\/\/kamp.linux.org.tr\/2023-kis\/egitmenler\/sami-lekesiz\/\" data-type=\"URL\" data-id=\"https:\/\/kamp.linux.org.tr\/2023-kis\/egitmenler\/sami-lekesiz\/\">Sami Lekesiz<\/a><\/li>\n\n\n\n<li><a href=\"https:\/\/kamp.linux.org.tr\/2023-kis\/egitmenler\/sezer-yavuzer-bozkir\/\" data-type=\"URL\" data-id=\"https:\/\/kamp.linux.org.tr\/2023-kis\/egitmenler\/sezer-yavuzer-bozkir\/\">Sezer Yavuzer Bozk\u0131r<\/a><\/li>\n\n\n\n<li><a href=\"https:\/\/kamp.linux.org.tr\/2023-kis\/egitmenler\/sahap-asci\/\" data-type=\"URL\" data-id=\"https:\/\/kamp.linux.org.tr\/2023-kis\/egitmenler\/sahap-asci\/\">\u015eahap A\u015f\u00e7\u0131<\/a><\/li>\n\n\n\n<li><a href=\"https:\/\/kamp.linux.org.tr\/2023-kis\/egitmenler\/senol-aldibas\/\" data-type=\"URL\" data-id=\"https:\/\/kamp.linux.org.tr\/2023-kis\/egitmenler\/senol-aldibas\/\">\u015eenol Ald\u0131ba\u015f<\/a><\/li>\n\n\n\n<li><a href=\"https:\/\/kamp.linux.org.tr\/2023-kis\/egitmenler\/tugce-kaynak-bozkir\/\" data-type=\"URL\" data-id=\"https:\/\/kamp.linux.org.tr\/2023-kis\/egitmenler\/tugce-kaynak-bozkir\/\">Tu\u011f\u00e7e Kaynak Bozk\u0131r<\/a><\/li>\n\n\n\n<li><a href=\"https:\/\/kamp.linux.org.tr\/2023-kis\/egitmenler\/ugur-arici\/\" data-type=\"URL\" data-id=\"https:\/\/kamp.linux.org.tr\/2023-kis\/egitmenler\/ugur-arici\/\">U\u011fur Ar\u0131c\u0131<\/a><\/li>\n\n\n\n<li><a href=\"https:\/\/kamp.linux.org.tr\/2023-kis\/egitmenler\/yunus-emre-baloglu\/\" data-type=\"URL\" data-id=\"https:\/\/kamp.linux.org.tr\/2023-kis\/egitmenler\/yunus-emre-baloglu\/\">Yunus Emre Balo\u011flu<\/a><\/li>\n\n\n\n<li><a href=\"https:\/\/kamp.linux.org.tr\/2023-kis\/egitmenler\/yusuf-duzgun\/\" data-type=\"URL\" data-id=\"https:\/\/kamp.linux.org.tr\/2023-kis\/egitmenler\/yusuf-duzgun\/\">Yusuf D\u00fczg\u00fcn<\/a><\/li>\n<\/ul>\n","protected":false},"excerpt":{"rendered":"<p>Alfabetik olarak e\u011fitmenlerimiz<\/p>\n","protected":false},"author":1,"featured_media":0,"parent":0,"menu_order":0,"comment_status":"closed","ping_status":"closed","template":"","meta":{"footnotes":""},"class_list":["post-12","page","type-page","status-publish","hentry"],"jetpack_sharing_enabled":true,"_links":{"self":[{"href":"https:\/\/kamp.linux.org.tr\/2023-kis\/wp-json\/wp\/v2\/pages\/12","targetHints":{"allow":["GET"]}}],"collection":[{"href":"https:\/\/kamp.linux.org.tr\/2023-kis\/wp-json\/wp\/v2\/pages"}],"about":[{"href":"https:\/\/kamp.linux.org.tr\/2023-kis\/wp-json\/wp\/v2\/types\/page"}],"author":[{"embeddable":true,"href":"https:\/\/kamp.linux.org.tr\/2023-kis\/wp-json\/wp\/v2\/users\/1"}],"replies":[{"embeddable":true,"href":"https:\/\/kamp.linux.org.tr\/2023-kis\/wp-json\/wp\/v2\/comments?post=12"}],"version-history":[{"count":32,"href":"https:\/\/kamp.linux.org.tr\/2023-kis\/wp-json\/wp\/v2\/pages\/12\/revisions"}],"predecessor-version":[{"id":749,"href":"https:\/\/kamp.linux.org.tr\/2023-kis\/wp-json\/wp\/v2\/pages\/12\/revisions\/749"}],"wp:attachment":[{"href":"https:\/\/kamp.linux.org.tr\/2023-kis\/wp-json\/wp\/v2\/media?parent=12"}],"curies":[{"name":"wp","href":"https:\/\/api.w.org\/{rel}","templated":true}]}}