{"id":156,"date":"2022-07-27T13:01:33","date_gmt":"2022-07-27T13:01:33","guid":{"rendered":"https:\/\/kamp.linux.org.tr\/2022\/?page_id=156"},"modified":"2023-01-27T13:22:36","modified_gmt":"2023-01-27T10:22:36","slug":"program-kurulu","status":"publish","type":"page","link":"https:\/\/kamp.linux.org.tr\/2023-kis\/program-kurulu\/","title":{"rendered":"Program Kurulu"},"content":{"rendered":"\n<p><strong>Kurul Ba\u015fkan\u0131<\/strong><\/p>\n\n\n\n<p>Atilla \u00d6zgit<\/p>\n\n\n\n<p><strong>Alfabetik olarak program kurulu \u00fcyeleri<\/strong><\/p>\n\n\n\n<ul class=\"wp-block-list\">\n<li>Bark\u0131n K\u0131l\u0131\u00e7<\/li>\n\n\n\n<li>Eng\u00fcr Pi\u015firici<\/li>\n\n\n\n<li>Hakan Uygun<\/li>\n\n\n\n<li>Murathan Bostanc\u0131<\/li>\n\n\n\n<li>Onur K\u00fc\u00e7\u00fck<\/li>\n\n\n\n<li>Oya G\u00fcnendi<\/li>\n\n\n\n<li>U\u011fur Ar\u0131c\u0131<\/li>\n<\/ul>\n","protected":false},"excerpt":{"rendered":"<p>Kurul Ba\u015fkan\u0131 Atilla \u00d6zgit Alfabetik olarak program kurulu \u00fcyeleri<\/p>\n","protected":false},"author":1,"featured_media":0,"parent":0,"menu_order":0,"comment_status":"closed","ping_status":"closed","template":"","meta":{"footnotes":""},"class_list":["post-156","page","type-page","status-publish","hentry"],"jetpack_sharing_enabled":true,"_links":{"self":[{"href":"https:\/\/kamp.linux.org.tr\/2023-kis\/wp-json\/wp\/v2\/pages\/156","targetHints":{"allow":["GET"]}}],"collection":[{"href":"https:\/\/kamp.linux.org.tr\/2023-kis\/wp-json\/wp\/v2\/pages"}],"about":[{"href":"https:\/\/kamp.linux.org.tr\/2023-kis\/wp-json\/wp\/v2\/types\/page"}],"author":[{"embeddable":true,"href":"https:\/\/kamp.linux.org.tr\/2023-kis\/wp-json\/wp\/v2\/users\/1"}],"replies":[{"embeddable":true,"href":"https:\/\/kamp.linux.org.tr\/2023-kis\/wp-json\/wp\/v2\/comments?post=156"}],"version-history":[{"count":8,"href":"https:\/\/kamp.linux.org.tr\/2023-kis\/wp-json\/wp\/v2\/pages\/156\/revisions"}],"predecessor-version":[{"id":730,"href":"https:\/\/kamp.linux.org.tr\/2023-kis\/wp-json\/wp\/v2\/pages\/156\/revisions\/730"}],"wp:attachment":[{"href":"https:\/\/kamp.linux.org.tr\/2023-kis\/wp-json\/wp\/v2\/media?parent=156"}],"curies":[{"name":"wp","href":"https:\/\/api.w.org\/{rel}","templated":true}]}}