{"id":362,"date":"2022-07-06T12:57:00","date_gmt":"2022-07-06T12:57:00","guid":{"rendered":"https:\/\/kamp.linux.org.tr\/2022\/?page_id=8"},"modified":"2023-01-12T12:36:02","modified_gmt":"2023-01-12T09:36:02","slug":"kurslar","status":"publish","type":"page","link":"https:\/\/kamp.linux.org.tr\/2023-kis\/kurslar\/","title":{"rendered":"Kurslar"},"content":{"rendered":"\n<div class=\"wp-block-group\"><div class=\"wp-block-group__inner-container is-layout-flow wp-block-group-is-layout-flow\">\n<p style=\"font-size:16px\">Bu seneki kampta paralel s\u0131n\u0131flarda verilecek kurslar belirlendik\u00e7e, kurslar\u0131n bilgilerine a\u015fa\u011f\u0131daki listeden ula\u015fabilirsiniz.<\/p>\n\n\n\n<p style=\"font-size:16px\">Ba\u015fvurmay\u0131 planlad\u0131\u011f\u0131n\u0131z kursun web sayfas\u0131ndaki detay program\u0131, anlat\u0131lanlar\u0131, kat\u0131l\u0131mc\u0131lardan beklenenleri mutlaka inceleyiniz.<\/p>\n\n\n\n<p style=\"font-size:16px\">E\u011fer hen\u00fcz okumad\u0131ysan\u0131z <a href=\"https:\/\/kamp.linux.org.tr\/2023-kis\/sikca-sorulan-sorular\/\" data-type=\"URL\" data-id=\"https:\/\/kamp.linux.org.tr\/2023-kis\/sikca-sorulan-sorular\/\">S\u0131k\u00e7a Sorulan Sorular<\/a> sayfas\u0131n\u0131 da dikkatlice okuyunuz.<\/p>\n\n\n\n<p><a rel=\"noreferrer noopener\" href=\"https:\/\/kayit.linux.org.tr\/\" data-type=\"URL\" data-id=\"https:\/\/kayit.linux.org.tr\/\" target=\"_blank\">Kurslara kay\u0131t olmak i\u00e7in t\u0131klay\u0131n<\/a><\/p>\n\n\n\n<p style=\"font-size:16px\"><strong>Kurs listemiz<\/strong><\/p>\n<\/div><\/div>\n\n\n\n<ul class=\"wp-block-list\" style=\"font-style:normal;font-weight:400\">\n<li><a href=\"https:\/\/kamp.linux.org.tr\/2023-kis\/kurslar\/gnu-linux-sistem-yonetimi-0-5\/\" data-type=\"URL\" data-id=\"https:\/\/kamp.linux.org.tr\/2023-kis\/kurslar\/gnu-linux-sistem-yonetimi-0-5\/\" target=\"_blank\" rel=\"noreferrer noopener\">GNU\/Linux: Sistem Y\u00f6netimi 0.5<\/a><\/li>\n<\/ul>\n\n\n\n<p><\/p>\n\n\n\n<ul class=\"wp-block-list\" style=\"font-style:normal;font-weight:400\">\n<li><a rel=\"noreferrer noopener\" href=\"https:\/\/kamp.linux.org.tr\/2023-kis\/kurslar\/blockchain-101\/\" data-type=\"URL\" data-id=\"https:\/\/kamp.linux.org.tr\/2023-kis\/kurslar\/blockchain-101\/\" target=\"_blank\">Blockchain 101<\/a><\/li>\n<\/ul>\n\n\n\n<p><\/p>\n\n\n\n<ul class=\"wp-block-list\" style=\"font-style:normal;font-weight:400\">\n<li><a rel=\"noreferrer noopener\" href=\"https:\/\/kamp.linux.org.tr\/2023-kis\/kurslar\/ag-yoneticiligine-giris\/\" data-type=\"URL\" data-id=\"https:\/\/kamp.linux.org.tr\/2023-kis\/kurslar\/ag-yoneticiligine-giris\/\" target=\"_blank\">A\u011f Y\u00f6neticili\u011fine Giri\u015f<\/a><\/li>\n<\/ul>\n\n\n\n<p><\/p>\n\n\n\n<ul class=\"wp-block-list\" style=\"font-style:normal;font-weight:400\">\n<li><a rel=\"noreferrer noopener\" href=\"https:\/\/kamp.linux.org.tr\/2023-kis\/kurslar\/latex-101\/\" data-type=\"URL\" data-id=\"https:\/\/kamp.linux.org.tr\/2023-kis\/kurslar\/latex-101\/\" target=\"_blank\">LaTeX 101<\/a><\/li>\n<\/ul>\n\n\n\n<p><\/p>\n\n\n\n<ul class=\"wp-block-list\" style=\"font-style:normal;font-weight:400\">\n<li><a rel=\"noreferrer noopener\" href=\"https:\/\/kamp.linux.org.tr\/2023-kis\/kurslar\/laravel-ile-modern-web-programlama\/\" data-type=\"URL\" data-id=\"https:\/\/kamp.linux.org.tr\/2023-kis\/kurslar\/laravel-ile-modern-web-programlama\/\" target=\"_blank\">Laravel ile Modern Web Programlama<\/a><\/li>\n<\/ul>\n\n\n\n<p><\/p>\n\n\n\n<ul class=\"wp-block-list\" style=\"font-style:normal;font-weight:400\">\n<li><a rel=\"noreferrer noopener\" href=\"https:\/\/kamp.linux.org.tr\/2023-kis\/kurslar\/zimbra-open-source-edition-egitimi\/\" data-type=\"URL\" data-id=\"https:\/\/kamp.linux.org.tr\/2023-kis\/kurslar\/zimbra-open-source-edition-egitimi\/\" target=\"_blank\">Zimbra Open Source Edition E\u011fitimi<\/a><\/li>\n<\/ul>\n\n\n\n<p><\/p>\n\n\n\n<ul class=\"wp-block-list\" style=\"font-style:normal;font-weight:400\">\n<li><a rel=\"noreferrer noopener\" href=\"https:\/\/kamp.linux.org.tr\/2023-kis\/kurslar\/python-101\/\" data-type=\"URL\" data-id=\"https:\/\/kamp.linux.org.tr\/2023-kis\/kurslar\/python-101\/\" target=\"_blank\">Python 101<\/a><\/li>\n<\/ul>\n\n\n\n<p><\/p>\n\n\n\n<ul class=\"wp-block-list\" style=\"font-style:normal;font-weight:400\">\n<li><a rel=\"noreferrer noopener\" href=\"https:\/\/kamp.linux.org.tr\/2023-kis\/kurslar\/php-ile-web-programlamaya-giris\/\" data-type=\"URL\" data-id=\"https:\/\/kamp.linux.org.tr\/2023-kis\/kurslar\/php-ile-web-programlamaya-giris\/\" target=\"_blank\">PHP ile Web Programlamaya Giri\u015f<\/a><\/li>\n<\/ul>\n\n\n\n<p><\/p>\n\n\n\n<ul class=\"wp-block-list\" style=\"font-style:normal;font-weight:400\">\n<li><a rel=\"noreferrer noopener\" href=\"https:\/\/kamp.linux.org.tr\/2023-kis\/kurslar\/r-ile-veri-madenciligi\/\" data-type=\"URL\" data-id=\"https:\/\/kamp.linux.org.tr\/2023-kis\/kurslar\/r-ile-veri-madenciligi\/\" target=\"_blank\">R ile Veri madencili\u011fi<\/a><\/li>\n<\/ul>\n\n\n\n<p><\/p>\n\n\n\n<ul class=\"wp-block-list\" style=\"font-style:normal;font-weight:400\">\n<li><a rel=\"noreferrer noopener\" href=\"https:\/\/kamp.linux.org.tr\/2023-kis\/kurslar\/web-uygulama-guvenligi\/\" data-type=\"URL\" data-id=\"https:\/\/kamp.linux.org.tr\/2023-kis\/kurslar\/web-uygulama-guvenligi\/\" target=\"_blank\">Web Uygulama G\u00fcvenli\u011fi<\/a><\/li>\n<\/ul>\n\n\n\n<p><\/p>\n\n\n\n<ul class=\"wp-block-list\" style=\"font-style:normal;font-weight:400\">\n<li><a rel=\"noreferrer noopener\" href=\"https:\/\/kamp.linux.org.tr\/2023-kis\/kurslar\/web3-ve-defi-web3-defiden-ibaret-midir\/\" data-type=\"URL\" data-id=\"https:\/\/kamp.linux.org.tr\/2023-kis\/kurslar\/web3-ve-defi-web3-defiden-ibaret-midir\/\" target=\"_blank\">Web3 ve DeFi, Web3 DeFi&#8217;den ibaret midir?<\/a><\/li>\n<\/ul>\n\n\n\n<p><\/p>\n\n\n\n<ul class=\"wp-block-list\" style=\"font-style:normal;font-weight:400\">\n<li><a rel=\"noreferrer noopener\" href=\"https:\/\/kamp.linux.org.tr\/2023-kis\/kurslar\/kubernetes-nedir-yenir-mi-icilir-mi\/\" data-type=\"URL\" data-id=\"https:\/\/kamp.linux.org.tr\/2023-kis\/kurslar\/kubernetes-nedir-yenir-mi-icilir-mi\/\" target=\"_blank\">Kubernetes nedir yenir mi i\u00e7ilir mi?<\/a><\/li>\n<\/ul>\n\n\n\n<p><\/p>\n\n\n\n<ul class=\"wp-block-list\" style=\"font-style:normal;font-weight:400\">\n<li><a rel=\"noreferrer noopener\" href=\"https:\/\/kamp.linux.org.tr\/2023-kis\/ansible-ile-konfigurasyon-yonetimi\/\" data-type=\"URL\" data-id=\"https:\/\/kamp.linux.org.tr\/2023-kis\/ansible-ile-konfigurasyon-yonetimi\/\" target=\"_blank\">Ansible ile Konfig\u00fcrasyon Y\u00f6netimi<\/a><\/li>\n<\/ul>\n\n\n\n<p><\/p>\n\n\n\n<ul class=\"wp-block-list\" style=\"font-style:normal;font-weight:400\">\n<li><a rel=\"noreferrer noopener\" href=\"https:\/\/kamp.linux.org.tr\/2023-kis\/kurslar\/postgresql-101\/\" data-type=\"URL\" data-id=\"https:\/\/kamp.linux.org.tr\/2023-kis\/kurslar\/postgresql-101\/\" target=\"_blank\">PostgreSQL 101<\/a><\/li>\n<\/ul>\n\n\n\n<p><\/p>\n\n\n\n<ul class=\"wp-block-list\" style=\"font-style:normal;font-weight:400\">\n<li><a rel=\"noreferrer noopener\" href=\"https:\/\/kamp.linux.org.tr\/2023-kis\/kurslar\/dockera-giris\/\" data-type=\"URL\" data-id=\"https:\/\/kamp.linux.org.tr\/2023-kis\/kurslar\/dockera-giris\/\" target=\"_blank\">Docker&#8217;a Giri\u015f<\/a><\/li>\n<\/ul>\n\n\n\n<p><\/p>\n\n\n\n<ul class=\"wp-block-list\" style=\"font-style:normal;font-weight:400\">\n<li><a rel=\"noreferrer noopener\" href=\"https:\/\/kamp.linux.org.tr\/2023-kis\/kurslar\/html-css-javascript-ile-modern-web-gelistirmeye-giris\/\" data-type=\"URL\" data-id=\"https:\/\/kamp.linux.org.tr\/2023-kis\/kurslar\/html-css-javascript-ile-modern-web-gelistirmeye-giris\/\" target=\"_blank\">HTML, CSS, Javascript ile Modern Web geli\u015ftirmeye giri\u015f<\/a><\/li>\n<\/ul>\n\n\n\n<p><\/p>\n\n\n\n<ul class=\"wp-block-list\" style=\"font-style:normal;font-weight:400\">\n<li><a href=\"https:\/\/kamp.linux.org.tr\/2023-kis\/kurslar\/graylog-ile-log-yonetimi-ve-analizi\/\" data-type=\"URL\" data-id=\"https:\/\/kamp.linux.org.tr\/2023-kis\/kurslar\/graylog-ile-log-yonetimi-ve-analizi\/\" target=\"_blank\" rel=\"noreferrer noopener\">Graylog ile Merkezi Log Y\u00f6netimi ve Analizi<\/a><\/li>\n<\/ul>\n","protected":false},"excerpt":{"rendered":"<p>Bu seneki kampta paralel s\u0131n\u0131flarda verilecek kurslar belirlendik\u00e7e, kurslar\u0131n bilgilerine a\u015fa\u011f\u0131daki listeden ula\u015fabilirsiniz. Ba\u015fvurmay\u0131 planlad\u0131\u011f\u0131n\u0131z kursun web sayfas\u0131ndaki detay program\u0131, anlat\u0131lanlar\u0131, kat\u0131l\u0131mc\u0131lardan beklenenleri mutlaka inceleyiniz. E\u011fer hen\u00fcz okumad\u0131ysan\u0131z S\u0131k\u00e7a Sorulan Sorular sayfas\u0131n\u0131 da dikkatlice okuyunuz. Kurslara kay\u0131t olmak i\u00e7in t\u0131klay\u0131n Kurs listemiz<\/p>\n","protected":false},"author":1,"featured_media":0,"parent":0,"menu_order":0,"comment_status":"closed","ping_status":"closed","template":"","meta":{"footnotes":""},"class_list":["post-362","page","type-page","status-publish","hentry"],"jetpack_sharing_enabled":true,"_links":{"self":[{"href":"https:\/\/kamp.linux.org.tr\/2023-kis\/wp-json\/wp\/v2\/pages\/362","targetHints":{"allow":["GET"]}}],"collection":[{"href":"https:\/\/kamp.linux.org.tr\/2023-kis\/wp-json\/wp\/v2\/pages"}],"about":[{"href":"https:\/\/kamp.linux.org.tr\/2023-kis\/wp-json\/wp\/v2\/types\/page"}],"author":[{"embeddable":true,"href":"https:\/\/kamp.linux.org.tr\/2023-kis\/wp-json\/wp\/v2\/users\/1"}],"replies":[{"embeddable":true,"href":"https:\/\/kamp.linux.org.tr\/2023-kis\/wp-json\/wp\/v2\/comments?post=362"}],"version-history":[{"count":31,"href":"https:\/\/kamp.linux.org.tr\/2023-kis\/wp-json\/wp\/v2\/pages\/362\/revisions"}],"predecessor-version":[{"id":561,"href":"https:\/\/kamp.linux.org.tr\/2023-kis\/wp-json\/wp\/v2\/pages\/362\/revisions\/561"}],"wp:attachment":[{"href":"https:\/\/kamp.linux.org.tr\/2023-kis\/wp-json\/wp\/v2\/media?parent=362"}],"curies":[{"name":"wp","href":"https:\/\/api.w.org\/{rel}","templated":true}]}}