{"id":450,"date":"2023-01-10T16:50:53","date_gmt":"2023-01-10T13:50:53","guid":{"rendered":"https:\/\/kamp.linux.org.tr\/2023-kis\/?page_id=450"},"modified":"2023-01-20T10:52:55","modified_gmt":"2023-01-20T07:52:55","slug":"dockera-giris","status":"publish","type":"page","link":"https:\/\/kamp.linux.org.tr\/2023-kis\/kurslar\/dockera-giris\/","title":{"rendered":"Docker&#8217;a Giri\u015f"},"content":{"rendered":"\n<div class=\"wp-block-columns is-layout-flex wp-container-core-columns-is-layout-9d6595d7 wp-block-columns-is-layout-flex\">\n<div class=\"wp-block-column is-layout-flow wp-block-column-is-layout-flow\">\n<figure class=\"wp-block-image size-full\"><img loading=\"lazy\" decoding=\"async\" width=\"500\" height=\"313\" src=\"https:\/\/kamp.linux.org.tr\/2023-kis\/wp-content\/uploads\/sites\/3\/2023\/01\/altosec.png\" alt=\"\" class=\"wp-image-577\" srcset=\"https:\/\/kamp.linux.org.tr\/2023-kis\/wp-content\/uploads\/sites\/3\/2023\/01\/altosec.png 500w, https:\/\/kamp.linux.org.tr\/2023-kis\/wp-content\/uploads\/sites\/3\/2023\/01\/altosec-300x188.png 300w\" sizes=\"auto, (max-width: 500px) 100vw, 500px\" \/><figcaption class=\"wp-element-caption\">S\u0131n\u0131f Sponsoru<\/figcaption><\/figure>\n<\/div>\n\n\n\n<div class=\"wp-block-column is-layout-flow wp-block-column-is-layout-flow\"><\/div>\n\n\n\n<div class=\"wp-block-column is-layout-flow wp-block-column-is-layout-flow\"><\/div>\n<\/div>\n\n\n\n<p><strong>E\u011fitmenler:<\/strong> <a href=\"https:\/\/kamp.linux.org.tr\/2023-kis\/egitmenler\/oguz-halit-sak\/\" data-type=\"URL\" data-id=\"https:\/\/kamp.linux.org.tr\/2023-kis\/egitmenler\/oguz-halit-sak\/\">O\u011fuz Halit Sak<\/a>, <a href=\"https:\/\/kamp.linux.org.tr\/2023-kis\/egitmenler\/aysegul-aktas\/\" data-type=\"URL\" data-id=\"https:\/\/kamp.linux.org.tr\/2023-kis\/egitmenler\/aysegul-aktas\/\">Ay\u015feg\u00fcl Akta\u015f<\/a><\/p>\n\n\n\n<p><strong>Kat\u0131l\u0131mc\u0131lar i\u00e7in \u00f6n-\u015fartlar<\/strong><br>Temel programlama ve temel Linux bilgisi<\/p>\n\n\n\n<p><strong>Kurs i\u00e7eri\u011fi<\/strong><\/p>\n\n\n\n<ul class=\"wp-block-list\">\n<li>\u0130\u015fletim Sistemi ve Kernel (\u00c7ekirdek) Nedir<\/li>\n\n\n\n<li>Sanalla\u015ft\u0131rma Nedir<\/li>\n\n\n\n<li>Container Nedir<\/li>\n\n\n\n<li>Sanal Makine ve Container Farklar\u0131<\/li>\n\n\n\n<li>Image ve Container Farklar\u0131<\/li>\n\n\n\n<li>Docker Nedir ve Docker Tarih\u00e7esi<\/li>\n\n\n\n<li>Docker Engine<\/li>\n\n\n\n<li>Docker Komutlar\u0131<\/li>\n\n\n\n<li>Docker Network Y\u00f6netimi<\/li>\n\n\n\n<li>Docker \u0130mage y\u00f6netimi<\/li>\n\n\n\n<li>Dockerfile<\/li>\n\n\n\n<li>Docker Registry<\/li>\n\n\n\n<li>Docker Storage<\/li>\n\n\n\n<li>Docker Compose<\/li>\n<\/ul>\n","protected":false},"excerpt":{"rendered":"<p>E\u011fitmenler: O\u011fuz Halit Sak, Ay\u015feg\u00fcl Akta\u015f Kat\u0131l\u0131mc\u0131lar i\u00e7in \u00f6n-\u015fartlarTemel programlama ve temel Linux bilgisi Kurs i\u00e7eri\u011fi<\/p>\n","protected":false},"author":1,"featured_media":0,"parent":362,"menu_order":0,"comment_status":"closed","ping_status":"closed","template":"","meta":{"footnotes":""},"class_list":["post-450","page","type-page","status-publish","hentry"],"jetpack_sharing_enabled":true,"_links":{"self":[{"href":"https:\/\/kamp.linux.org.tr\/2023-kis\/wp-json\/wp\/v2\/pages\/450","targetHints":{"allow":["GET"]}}],"collection":[{"href":"https:\/\/kamp.linux.org.tr\/2023-kis\/wp-json\/wp\/v2\/pages"}],"about":[{"href":"https:\/\/kamp.linux.org.tr\/2023-kis\/wp-json\/wp\/v2\/types\/page"}],"author":[{"embeddable":true,"href":"https:\/\/kamp.linux.org.tr\/2023-kis\/wp-json\/wp\/v2\/users\/1"}],"replies":[{"embeddable":true,"href":"https:\/\/kamp.linux.org.tr\/2023-kis\/wp-json\/wp\/v2\/comments?post=450"}],"version-history":[{"count":5,"href":"https:\/\/kamp.linux.org.tr\/2023-kis\/wp-json\/wp\/v2\/pages\/450\/revisions"}],"predecessor-version":[{"id":702,"href":"https:\/\/kamp.linux.org.tr\/2023-kis\/wp-json\/wp\/v2\/pages\/450\/revisions\/702"}],"up":[{"embeddable":true,"href":"https:\/\/kamp.linux.org.tr\/2023-kis\/wp-json\/wp\/v2\/pages\/362"}],"wp:attachment":[{"href":"https:\/\/kamp.linux.org.tr\/2023-kis\/wp-json\/wp\/v2\/media?parent=450"}],"curies":[{"name":"wp","href":"https:\/\/api.w.org\/{rel}","templated":true}]}}