{"id":453,"date":"2023-01-10T16:54:51","date_gmt":"2023-01-10T13:54:51","guid":{"rendered":"https:\/\/kamp.linux.org.tr\/2023-kis\/?page_id=453"},"modified":"2023-01-20T10:17:28","modified_gmt":"2023-01-20T07:17:28","slug":"laravel-ile-modern-web-programlama","status":"publish","type":"page","link":"https:\/\/kamp.linux.org.tr\/2023-kis\/kurslar\/laravel-ile-modern-web-programlama\/","title":{"rendered":"Laravel ile Modern Web Programlama"},"content":{"rendered":"\n<p><strong>E\u011fitmenler:<\/strong> <a href=\"https:\/\/kamp.linux.org.tr\/2023-kis\/egitmenler\/ugur-arici\/\" data-type=\"URL\" data-id=\"https:\/\/kamp.linux.org.tr\/2023-kis\/egitmenler\/ugur-arici\/\">U\u011fur Ar\u0131c\u0131<\/a>, <a href=\"https:\/\/kamp.linux.org.tr\/2023-kis\/egitmenler\/yunus-emre-baloglu\/\" data-type=\"URL\" data-id=\"https:\/\/kamp.linux.org.tr\/2023-kis\/egitmenler\/yunus-emre-baloglu\/\">Yunus Emre Balo\u011flu<\/a><\/p>\n\n\n\n<p><strong>Kat\u0131l\u0131mc\u0131lar i\u00e7in \u00f6n-\u015fartlar<\/strong><br>Web geli\u015ftirme temellerine dair bilgi sahibi olmak tercih sebebidir.<\/p>\n\n\n\n<p><strong>E\u011fitim i\u00e7eri\u011fi<\/strong><\/p>\n\n\n\n<ul class=\"wp-block-list\">\n<li>Web nedir?<\/li>\n\n\n\n<li>\u0130nternet ve Web\u2019in fark\u0131<\/li>\n\n\n\n<li>Web siteleri ve Web uygulamalar\u0131<\/li>\n\n\n\n<li>Modern Web uygulamalar\u0131 ihtiya\u00e7lar\u0131<\/li>\n\n\n\n<li>PHP, OOP, MVC hakk\u0131nda<\/li>\n\n\n\n<li>Laravel kurulumu<\/li>\n\n\n\n<li>Laravel ya\u015fam d\u00f6ng\u00fcs\u00fc<\/li>\n\n\n\n<li>Rotalama (Routes)<\/li>\n\n\n\n<li>Controller<\/li>\n\n\n\n<li>View yap\u0131s\u0131 ve Blade tema motoru<\/li>\n\n\n\n<li>Model yap\u0131s\u0131<\/li>\n\n\n\n<li>Veritaban\u0131 i\u015flemleri<\/li>\n\n\n\n<li>Migrationlar<\/li>\n\n\n\n<li>Service Container ve Service Providerlar<\/li>\n\n\n\n<li>Ba\u011f\u0131ml\u0131l\u0131k S\u0131zd\u0131rma<\/li>\n\n\n\n<li>D\u0131\u015f servislerin Laravel\u2019e dahli<\/li>\n\n\n\n<li>Modeller aras\u0131 \u0130li\u015fkiler<\/li>\n\n\n\n<li>Yo\u011fun i\u015flemler i\u00e7in kuyruklama ve y\u00f6netimi (queues)<\/li>\n\n\n\n<li>Laravel ile sa\u011flanabilecek \u00e7\u00f6z\u00fcmler i\u00e7in di\u011fer ana ba\u015fl\u0131klar<\/li>\n<\/ul>\n","protected":false},"excerpt":{"rendered":"<p>E\u011fitmenler: U\u011fur Ar\u0131c\u0131, Yunus Emre Balo\u011flu Kat\u0131l\u0131mc\u0131lar i\u00e7in \u00f6n-\u015fartlarWeb geli\u015ftirme temellerine dair bilgi sahibi olmak tercih sebebidir. E\u011fitim i\u00e7eri\u011fi<\/p>\n","protected":false},"author":1,"featured_media":0,"parent":362,"menu_order":0,"comment_status":"closed","ping_status":"closed","template":"","meta":{"footnotes":""},"class_list":["post-453","page","type-page","status-publish","hentry"],"jetpack_sharing_enabled":true,"_links":{"self":[{"href":"https:\/\/kamp.linux.org.tr\/2023-kis\/wp-json\/wp\/v2\/pages\/453","targetHints":{"allow":["GET"]}}],"collection":[{"href":"https:\/\/kamp.linux.org.tr\/2023-kis\/wp-json\/wp\/v2\/pages"}],"about":[{"href":"https:\/\/kamp.linux.org.tr\/2023-kis\/wp-json\/wp\/v2\/types\/page"}],"author":[{"embeddable":true,"href":"https:\/\/kamp.linux.org.tr\/2023-kis\/wp-json\/wp\/v2\/users\/1"}],"replies":[{"embeddable":true,"href":"https:\/\/kamp.linux.org.tr\/2023-kis\/wp-json\/wp\/v2\/comments?post=453"}],"version-history":[{"count":4,"href":"https:\/\/kamp.linux.org.tr\/2023-kis\/wp-json\/wp\/v2\/pages\/453\/revisions"}],"predecessor-version":[{"id":633,"href":"https:\/\/kamp.linux.org.tr\/2023-kis\/wp-json\/wp\/v2\/pages\/453\/revisions\/633"}],"up":[{"embeddable":true,"href":"https:\/\/kamp.linux.org.tr\/2023-kis\/wp-json\/wp\/v2\/pages\/362"}],"wp:attachment":[{"href":"https:\/\/kamp.linux.org.tr\/2023-kis\/wp-json\/wp\/v2\/media?parent=453"}],"curies":[{"name":"wp","href":"https:\/\/api.w.org\/{rel}","templated":true}]}}