{"id":461,"date":"2023-01-10T17:05:04","date_gmt":"2023-01-10T14:05:04","guid":{"rendered":"https:\/\/kamp.linux.org.tr\/2023-kis\/?page_id=461"},"modified":"2023-01-20T10:45:35","modified_gmt":"2023-01-20T07:45:35","slug":"postgresql-101","status":"publish","type":"page","link":"https:\/\/kamp.linux.org.tr\/2023-kis\/kurslar\/postgresql-101\/","title":{"rendered":"PostgreSQL 101"},"content":{"rendered":"\n<p><strong>E\u011fitmenler:<\/strong>  <a href=\"https:\/\/kamp.linux.org.tr\/2023-kis\/egitmenler\/sahap-asci\/\" data-type=\"URL\" data-id=\"https:\/\/kamp.linux.org.tr\/2023-kis\/egitmenler\/sahap-asci\/\">\u015eahap A\u015f\u00e7\u0131<\/a>, <a href=\"https:\/\/kamp.linux.org.tr\/2023-kis\/egitmenler\/sami-lekesiz\/\" data-type=\"URL\" data-id=\"https:\/\/kamp.linux.org.tr\/2023-kis\/egitmenler\/sami-lekesiz\/\">Sami Lekesiz<\/a><\/p>\n\n\n\n<p><strong>Kat\u0131l\u0131mc\u0131lar i\u00e7in \u00f6n-\u015fartlar<\/strong><br>Temel Linux bilgisi, Virtual Box bilgisi, e\u011fitimlerde Debian i\u015fletim sistemi kullan\u0131lacakt\u0131r<\/p>\n\n\n\n<p><strong>Kurs i\u00e7eri\u011fi<\/strong><\/p>\n\n\n\n<ul class=\"wp-block-list\">\n<li>PostgreSQL&#8217;e genel bak\u0131\u015f<\/li>\n\n\n\n<li>D\u00f6k\u00fcmantasyon, site ve g\u00fcncelleme notlar\u0131n\u0131n okumas\u0131<\/li>\n\n\n\n<li>PostgreSQL mimarisi<\/li>\n\n\n\n<li>PostgreSQL konfig\u00fcrasyon dosyalar\u0131 ve parametrelerin incelenmesi<\/li>\n\n\n\n<li>PostgreSQL kurulum ve konfig\u00fcrasyonu<\/li>\n\n\n\n<li>Psql ve pgadmin istemcisi<\/li>\n\n\n\n<li>Temel SQL bilgisi<\/li>\n\n\n\n<li>DB olu\u015fturma<\/li>\n\n\n\n<li>Kullan\u0131c\u0131 yap\u0131s\u0131 ve izinleri<\/li>\n\n\n\n<li>Backup kurulumu ve y\u00f6netim politikalar\u0131<\/li>\n<\/ul>\n","protected":false},"excerpt":{"rendered":"<p>E\u011fitmenler: \u015eahap A\u015f\u00e7\u0131, Sami Lekesiz Kat\u0131l\u0131mc\u0131lar i\u00e7in \u00f6n-\u015fartlarTemel Linux bilgisi, Virtual Box bilgisi, e\u011fitimlerde Debian i\u015fletim sistemi kullan\u0131lacakt\u0131r Kurs i\u00e7eri\u011fi<\/p>\n","protected":false},"author":1,"featured_media":0,"parent":362,"menu_order":0,"comment_status":"closed","ping_status":"closed","template":"","meta":{"footnotes":""},"class_list":["post-461","page","type-page","status-publish","hentry"],"jetpack_sharing_enabled":true,"_links":{"self":[{"href":"https:\/\/kamp.linux.org.tr\/2023-kis\/wp-json\/wp\/v2\/pages\/461","targetHints":{"allow":["GET"]}}],"collection":[{"href":"https:\/\/kamp.linux.org.tr\/2023-kis\/wp-json\/wp\/v2\/pages"}],"about":[{"href":"https:\/\/kamp.linux.org.tr\/2023-kis\/wp-json\/wp\/v2\/types\/page"}],"author":[{"embeddable":true,"href":"https:\/\/kamp.linux.org.tr\/2023-kis\/wp-json\/wp\/v2\/users\/1"}],"replies":[{"embeddable":true,"href":"https:\/\/kamp.linux.org.tr\/2023-kis\/wp-json\/wp\/v2\/comments?post=461"}],"version-history":[{"count":3,"href":"https:\/\/kamp.linux.org.tr\/2023-kis\/wp-json\/wp\/v2\/pages\/461\/revisions"}],"predecessor-version":[{"id":694,"href":"https:\/\/kamp.linux.org.tr\/2023-kis\/wp-json\/wp\/v2\/pages\/461\/revisions\/694"}],"up":[{"embeddable":true,"href":"https:\/\/kamp.linux.org.tr\/2023-kis\/wp-json\/wp\/v2\/pages\/362"}],"wp:attachment":[{"href":"https:\/\/kamp.linux.org.tr\/2023-kis\/wp-json\/wp\/v2\/media?parent=461"}],"curies":[{"name":"wp","href":"https:\/\/api.w.org\/{rel}","templated":true}]}}