{"id":474,"date":"2023-01-10T17:33:39","date_gmt":"2023-01-10T14:33:39","guid":{"rendered":"https:\/\/kamp.linux.org.tr\/2023-kis\/?page_id=474"},"modified":"2023-01-20T10:27:50","modified_gmt":"2023-01-20T07:27:50","slug":"php-ile-web-programlamaya-giris","status":"publish","type":"page","link":"https:\/\/kamp.linux.org.tr\/2023-kis\/kurslar\/php-ile-web-programlamaya-giris\/","title":{"rendered":"PHP ile Web Programlamaya Giri\u015f"},"content":{"rendered":"\n<p><strong>E\u011fitmenler:<\/strong> <a href=\"https:\/\/kamp.linux.org.tr\/2023-kis\/egitmenler\/nuri-akman\/\" data-type=\"URL\" data-id=\"https:\/\/kamp.linux.org.tr\/2023-kis\/egitmenler\/nuri-akman\/\">Nuri Akman<\/a>, <a href=\"https:\/\/kamp.linux.org.tr\/2023-kis\/egitmenler\/osman-kayi\/\" data-type=\"URL\" data-id=\"https:\/\/kamp.linux.org.tr\/2023-kis\/egitmenler\/osman-kayi\/\">Osman Kay\u0131<\/a><\/p>\n\n\n\n<p><strong>Kat\u0131l\u0131mc\u0131lar i\u00e7in \u00f6n-\u015fartlar<\/strong><br>Temel HTML ve CSS bilgisi yeterlidir.<\/p>\n\n\n\n<p><strong>E\u011fitim i\u00e7eri\u011fi<\/strong><\/p>\n\n\n\n<ul class=\"wp-block-list\">\n<li>Giri\u015f\n<ul class=\"wp-block-list\">\n<li>\u00c7al\u0131\u015fma ortam\u0131 haz\u0131rlanmas\u0131 (xampp)<\/li>\n\n\n\n<li>Edit\u00f6r ve eklentilerinin kurulumu (VS Code)<\/li>\n<\/ul>\n<\/li>\n\n\n\n<li>PHP Temel E\u011fitimi\n<ul class=\"wp-block-list\">\n<li>PHP S\u00f6z dizimi<\/li>\n\n\n\n<li>De\u011fi\u015fken t\u00fcrleri, sabitler, operat\u00f6rler<\/li>\n\n\n\n<li>Karar yap\u0131lar\u0131<\/li>\n\n\n\n<li>D\u00f6ng\u00fc t\u00fcrleri<\/li>\n\n\n\n<li>Diziler ve dizi i\u015flemleri<\/li>\n\n\n\n<li>Tarih i\u015flemleri<\/li>\n<\/ul>\n<\/li>\n\n\n\n<li>Temel Web Bilgisi\n<ul class=\"wp-block-list\">\n<li>Web kavramlar\u0131<\/li>\n\n\n\n<li>Taray\u0131c\u0131lar<\/li>\n\n\n\n<li>\u00c7erezler<\/li>\n\n\n\n<li>Oturum y\u00f6netimi<\/li>\n\n\n\n<li>Temel HTML ve CSS<\/li>\n\n\n\n<li>Javascript nedir<\/li>\n\n\n\n<li>SQL nedir?<\/li>\n\n\n\n<li>Temel SQL e\u011fitimi (MySQL \u00fczerinden)<\/li>\n\n\n\n<li>Ajax nedir?<\/li>\n\n\n\n<li>JSON nedir?<\/li>\n\n\n\n<li>Get\/Post metodlar\u0131<\/li>\n\n\n\n<li>Temel API e\u011fitimi<\/li>\n\n\n\n<li>HTML Form ve form elemanlar\u0131<\/li>\n<\/ul>\n<\/li>\n\n\n\n<li>Geli\u015fmi\u015f PHP E\u011fitimi\n<ul class=\"wp-block-list\">\n<li>MySQL veritaban\u0131na giri\u015f<\/li>\n\n\n\n<li>PDO ile veritaban\u0131 kullan\u0131m\u0131<\/li>\n\n\n\n<li>Hata yakalama<\/li>\n\n\n\n<li>Form do\u011frulama<\/li>\n\n\n\n<li>Dosya y\u00fckleme<\/li>\n\n\n\n<li>PHP ve S\u0131n\u0131flar<\/li>\n\n\n\n<li>PHP ve AJAX<\/li>\n\n\n\n<li>PHP ve XML<\/li>\n\n\n\n<li>PHP ve JSON<\/li>\n\n\n\n<li>PHP ve Oturum Y\u00f6netimi<\/li>\n\n\n\n<li>JSON ile veri transferi<\/li>\n\n\n\n<li>RSS ve XML kullan\u0131m\u0131<\/li>\n\n\n\n<li>JQuery ile get\/post kullan\u0131m\u0131<\/li>\n<\/ul>\n<\/li>\n\n\n\n<li>Uygulamalar\n<ul class=\"wp-block-list\">\n<li>MySQL ile CRUD \u00f6rne\u011fi (Telefon rehberi)<\/li>\n\n\n\n<li>Haber sitelerinden RSS \u00e7ekip yay\u0131nlama \u00f6rne\u011fi<\/li>\n\n\n\n<li>JSON cevap \u00fcreten API servis haz\u0131rlama \u00f6rne\u011fi<\/li>\n\n\n\n<li>dummyjson.com sitesi \u00fczerinden API kullan\u0131m\u0131na giri\u015f \u00f6rne\u011fi<\/li>\n\n\n\n<li>Redis kullan\u0131m \u00f6rne\u011fi<\/li>\n<\/ul>\n<\/li>\n<\/ul>\n","protected":false},"excerpt":{"rendered":"<p>E\u011fitmenler: Nuri Akman, Osman Kay\u0131 Kat\u0131l\u0131mc\u0131lar i\u00e7in \u00f6n-\u015fartlarTemel HTML ve CSS bilgisi yeterlidir. E\u011fitim i\u00e7eri\u011fi<\/p>\n","protected":false},"author":1,"featured_media":0,"parent":362,"menu_order":0,"comment_status":"closed","ping_status":"closed","template":"","meta":{"footnotes":""},"class_list":["post-474","page","type-page","status-publish","hentry"],"jetpack_sharing_enabled":true,"_links":{"self":[{"href":"https:\/\/kamp.linux.org.tr\/2023-kis\/wp-json\/wp\/v2\/pages\/474","targetHints":{"allow":["GET"]}}],"collection":[{"href":"https:\/\/kamp.linux.org.tr\/2023-kis\/wp-json\/wp\/v2\/pages"}],"about":[{"href":"https:\/\/kamp.linux.org.tr\/2023-kis\/wp-json\/wp\/v2\/types\/page"}],"author":[{"embeddable":true,"href":"https:\/\/kamp.linux.org.tr\/2023-kis\/wp-json\/wp\/v2\/users\/1"}],"replies":[{"embeddable":true,"href":"https:\/\/kamp.linux.org.tr\/2023-kis\/wp-json\/wp\/v2\/comments?post=474"}],"version-history":[{"count":8,"href":"https:\/\/kamp.linux.org.tr\/2023-kis\/wp-json\/wp\/v2\/pages\/474\/revisions"}],"predecessor-version":[{"id":655,"href":"https:\/\/kamp.linux.org.tr\/2023-kis\/wp-json\/wp\/v2\/pages\/474\/revisions\/655"}],"up":[{"embeddable":true,"href":"https:\/\/kamp.linux.org.tr\/2023-kis\/wp-json\/wp\/v2\/pages\/362"}],"wp:attachment":[{"href":"https:\/\/kamp.linux.org.tr\/2023-kis\/wp-json\/wp\/v2\/media?parent=474"}],"curies":[{"name":"wp","href":"https:\/\/api.w.org\/{rel}","templated":true}]}}