{"id":478,"date":"2023-01-10T17:40:17","date_gmt":"2023-01-10T14:40:17","guid":{"rendered":"https:\/\/kamp.linux.org.tr\/2023-kis\/?page_id=478"},"modified":"2023-01-20T10:39:38","modified_gmt":"2023-01-20T07:39:38","slug":"kubernetes-nedir-yenir-mi-icilir-mi","status":"publish","type":"page","link":"https:\/\/kamp.linux.org.tr\/2023-kis\/kurslar\/kubernetes-nedir-yenir-mi-icilir-mi\/","title":{"rendered":"Kubernetes nedir yenir mi i\u00e7ilir mi ?"},"content":{"rendered":"\n<div class=\"wp-block-columns is-layout-flex wp-container-core-columns-is-layout-9d6595d7 wp-block-columns-is-layout-flex\">\n<div class=\"wp-block-column is-layout-flow wp-block-column-is-layout-flow\">\n<figure class=\"wp-block-image size-large\"><img loading=\"lazy\" decoding=\"async\" width=\"1024\" height=\"203\" src=\"https:\/\/kamp.linux.org.tr\/2023-kis\/wp-content\/uploads\/sites\/3\/2023\/01\/MonoLogo-1024x203.png\" alt=\"\" class=\"wp-image-562\" srcset=\"https:\/\/kamp.linux.org.tr\/2023-kis\/wp-content\/uploads\/sites\/3\/2023\/01\/MonoLogo-1024x203.png 1024w, https:\/\/kamp.linux.org.tr\/2023-kis\/wp-content\/uploads\/sites\/3\/2023\/01\/MonoLogo-300x59.png 300w, https:\/\/kamp.linux.org.tr\/2023-kis\/wp-content\/uploads\/sites\/3\/2023\/01\/MonoLogo-768x152.png 768w, https:\/\/kamp.linux.org.tr\/2023-kis\/wp-content\/uploads\/sites\/3\/2023\/01\/MonoLogo-1536x304.png 1536w, https:\/\/kamp.linux.org.tr\/2023-kis\/wp-content\/uploads\/sites\/3\/2023\/01\/MonoLogo-2048x406.png 2048w\" sizes=\"auto, (max-width: 1024px) 100vw, 1024px\" \/><figcaption class=\"wp-element-caption\">S\u0131n\u0131f sponsoru<\/figcaption><\/figure>\n<\/div>\n\n\n\n<div class=\"wp-block-column is-layout-flow wp-block-column-is-layout-flow\"><\/div>\n\n\n\n<div class=\"wp-block-column is-layout-flow wp-block-column-is-layout-flow\"><\/div>\n<\/div>\n\n\n\n<p><strong>E\u011fitmenler:<\/strong>  <a href=\"https:\/\/kamp.linux.org.tr\/2023-kis\/egitmenler\/onur-can-kayakiran\/\" data-type=\"URL\" data-id=\"https:\/\/kamp.linux.org.tr\/2023-kis\/egitmenler\/onur-can-kayakiran\/\">Onur Can Kayak\u0131ran<\/a>, <a href=\"https:\/\/kamp.linux.org.tr\/2023-kis\/egitmenler\/canberk-koc\/\" data-type=\"URL\" data-id=\"https:\/\/kamp.linux.org.tr\/2023-kis\/egitmenler\/canberk-koc\/\">Canberk Ko\u00e7<\/a><\/p>\n\n\n\n<p><strong>Kat\u0131l\u0131mc\u0131lar i\u00e7in \u00f6n-\u015fartlar<\/strong><br>GNU\/Linux Sistem Admini e\u011fitimi alm\u0131\u015f veya GNU\/Linux da\u011f\u0131t\u0131mlar\u0131 konusunda bilgi sahibi olmak<\/p>\n\n\n\n<p><strong>E\u011fitim i\u00e7eri\u011fi<\/strong><br>Neden Kubernetes \u00d6\u011frenmeniz gerekiyor?<br><em>Kubernetes E\u011fitimi container deployment s\u00fcre\u00e7leri:<\/em> Bu, container&#8217;lar\u0131n nas\u0131l haz\u0131rlanaca\u011f\u0131, nas\u0131l da\u011f\u0131t\u0131laca\u011f\u0131 ve nas\u0131l y\u00fckseltilece\u011fi gibi konular\u0131 kapsar.<br><em>\u00d6l\u00e7eklendirme ve performans:<\/em> Bu, container&#8217;lar\u0131n nas\u0131l \u00f6l\u00e7eklendirilece\u011fi ve nas\u0131l optimize edilece\u011fi gibi konular\u0131 kapsar.<br><em>G\u00fcvenlik:<\/em> Bu, container&#8217;lar\u0131n nas\u0131l g\u00fcvenli\u011finin sa\u011flanaca\u011f\u0131 ve nas\u0131l korunaca\u011f\u0131 gibi konular\u0131 kapsar.<br>Kubernetes Cluster kurulumlar\u0131 nas\u0131l yap\u0131l\u0131r?<br><em>Container orkestrasyonu temel kavramlar\u0131:<\/em> Bu, container&#8217;lar\u0131n nas\u0131l da\u011f\u0131t\u0131laca\u011f\u0131, y\u00f6netilece\u011fi ve bak\u0131m\u0131n\u0131n yap\u0131laca\u011f\u0131 gibi konular\u0131 kapsar.<\/p>\n\n\n\n<ul class=\"wp-block-list\">\n<li>Container nedir?<\/li>\n\n\n\n<li>Kubernetes komponentleri<\/li>\n\n\n\n<li>Kubernetes D\u00f6ng\u00fcs\u00fc<\/li>\n\n\n\n<li>Kubectl<\/li>\n\n\n\n<li>Pod<\/li>\n\n\n\n<li>Yaml<\/li>\n\n\n\n<li>Pod ya\u015fam d\u00f6ng\u00fcleri<\/li>\n\n\n\n<li>\u00c7oklu Container Pod yap\u0131s\u0131<\/li>\n\n\n\n<li>Init Container<\/li>\n\n\n\n<li>Label ve selector<\/li>\n\n\n\n<li>Annotation<\/li>\n\n\n\n<li>Namespace<\/li>\n\n\n\n<li>Deployment<\/li>\n\n\n\n<li>ReplicaSet<\/li>\n\n\n\n<li>Rollout ve Rollback<\/li>\n\n\n\n<li>Kubernetes A\u011f yap\u0131s\u0131<\/li>\n\n\n\n<li>Service<\/li>\n\n\n\n<li>Liveness Probe<\/li>\n\n\n\n<li>Readiness Probe<\/li>\n\n\n\n<li>Resource Limit<\/li>\n\n\n\n<li>Enviroment Variable<\/li>\n<\/ul>\n\n\n\n<p>Bu konular\u0131n devam\u0131nda zaman yeterli olursa<\/p>\n\n\n\n<ul class=\"wp-block-list\">\n<li>Volume<\/li>\n\n\n\n<li>ConfigMap<\/li>\n\n\n\n<li>DaemonSet<\/li>\n\n\n\n<li>Ingress<\/li>\n<\/ul>\n\n\n\n<p><br>Ba\u015fvurusu kabul edilen kat\u0131l\u0131mc\u0131lar\u0131n bilgisayarlar\u0131na Ubuntu 20.04 veya Ubuntu 22.04 Desktop da\u011f\u0131t\u0131m\u0131n\u0131 kurup gelmesi beklenmektedir. Dersler GNU\/Linux i\u015fletim sistemi \u00fczerinden i\u015flenece\u011fi i\u00e7in kat\u0131l\u0131mc\u0131lar\u0131n belirtilen da\u011f\u0131t\u0131mlardan birini kullanmalar\u0131 \u00f6nerilir.<\/p>\n","protected":false},"excerpt":{"rendered":"<p>E\u011fitmenler: Onur Can Kayak\u0131ran, Canberk Ko\u00e7 Kat\u0131l\u0131mc\u0131lar i\u00e7in \u00f6n-\u015fartlarGNU\/Linux Sistem Admini e\u011fitimi alm\u0131\u015f veya GNU\/Linux da\u011f\u0131t\u0131mlar\u0131 konusunda bilgi sahibi olmak E\u011fitim i\u00e7eri\u011fiNeden Kubernetes \u00d6\u011frenmeniz gerekiyor?Kubernetes E\u011fitimi container deployment s\u00fcre\u00e7leri: Bu, container&#8217;lar\u0131n nas\u0131l haz\u0131rlanaca\u011f\u0131, nas\u0131l da\u011f\u0131t\u0131laca\u011f\u0131 ve nas\u0131l y\u00fckseltilece\u011fi gibi konular\u0131 kapsar.\u00d6l\u00e7eklendirme ve performans: Bu, container&#8217;lar\u0131n nas\u0131l \u00f6l\u00e7eklendirilece\u011fi ve nas\u0131l optimize edilece\u011fi gibi konular\u0131 kapsar.G\u00fcvenlik: Bu, [&hellip;]<\/p>\n","protected":false},"author":1,"featured_media":0,"parent":362,"menu_order":0,"comment_status":"closed","ping_status":"closed","template":"","meta":{"footnotes":""},"class_list":["post-478","page","type-page","status-publish","hentry"],"jetpack_sharing_enabled":true,"_links":{"self":[{"href":"https:\/\/kamp.linux.org.tr\/2023-kis\/wp-json\/wp\/v2\/pages\/478","targetHints":{"allow":["GET"]}}],"collection":[{"href":"https:\/\/kamp.linux.org.tr\/2023-kis\/wp-json\/wp\/v2\/pages"}],"about":[{"href":"https:\/\/kamp.linux.org.tr\/2023-kis\/wp-json\/wp\/v2\/types\/page"}],"author":[{"embeddable":true,"href":"https:\/\/kamp.linux.org.tr\/2023-kis\/wp-json\/wp\/v2\/users\/1"}],"replies":[{"embeddable":true,"href":"https:\/\/kamp.linux.org.tr\/2023-kis\/wp-json\/wp\/v2\/comments?post=478"}],"version-history":[{"count":4,"href":"https:\/\/kamp.linux.org.tr\/2023-kis\/wp-json\/wp\/v2\/pages\/478\/revisions"}],"predecessor-version":[{"id":681,"href":"https:\/\/kamp.linux.org.tr\/2023-kis\/wp-json\/wp\/v2\/pages\/478\/revisions\/681"}],"up":[{"embeddable":true,"href":"https:\/\/kamp.linux.org.tr\/2023-kis\/wp-json\/wp\/v2\/pages\/362"}],"wp:attachment":[{"href":"https:\/\/kamp.linux.org.tr\/2023-kis\/wp-json\/wp\/v2\/media?parent=478"}],"curies":[{"name":"wp","href":"https:\/\/api.w.org\/{rel}","templated":true}]}}