{"id":481,"date":"2023-01-10T17:48:17","date_gmt":"2023-01-10T14:48:17","guid":{"rendered":"https:\/\/kamp.linux.org.tr\/2023-kis\/?page_id=481"},"modified":"2023-01-20T11:06:01","modified_gmt":"2023-01-20T08:06:01","slug":"graylog-ile-log-yonetimi-ve-analizi","status":"publish","type":"page","link":"https:\/\/kamp.linux.org.tr\/2023-kis\/kurslar\/graylog-ile-log-yonetimi-ve-analizi\/","title":{"rendered":"Graylog ile Log Y\u00f6netimi ve Analizi"},"content":{"rendered":"\n<p><strong>E\u011fitmenler:<\/strong> <a href=\"https:\/\/kamp.linux.org.tr\/2023-kis\/egitmenler\/doruk-fisek\/\" data-type=\"URL\" data-id=\"https:\/\/kamp.linux.org.tr\/2023-kis\/egitmenler\/doruk-fisek\/\">Doruk Fi\u015fek<\/a>, <a href=\"https:\/\/kamp.linux.org.tr\/2023-kis\/egitmenler\/berkay-guclu\/\" data-type=\"URL\" data-id=\"https:\/\/kamp.linux.org.tr\/2023-kis\/egitmenler\/berkay-guclu\/\">Berkay G\u00fc\u00e7l\u00fc<\/a><\/p>\n\n\n\n<p><strong>Kat\u0131l\u0131mc\u0131lar i\u00e7in \u00f6n-\u015fartlar<\/strong><\/p>\n\n\n\n<p>Kat\u0131l\u0131mc\u0131lar\u0131n yaz kamp\u0131nda verilen GNU\/Linux Sistem Y\u00f6netimi 1 e\u011fitimi d\u00fczeyinde sistem bilgisi istenmektedir.<\/p>\n\n\n\n<p><strong>E\u011fitim i\u00e7eri\u011fi<\/strong><\/p>\n\n\n\n<ul class=\"wp-block-list\">\n<li>Graylog&#8217;un Mimarisi ve Kullan\u0131m Alanlar\u0131<\/li>\n\n\n\n<li>Graylog Kurulumu<\/li>\n\n\n\n<li>Input (log toplama) \u00e7e\u015fitleri ve yap\u0131land\u0131rmalar\u0131<\/li>\n\n\n\n<li>Stream yap\u0131land\u0131rmalar\u0131<\/li>\n\n\n\n<li>Arama ve Geni\u015fletilmi\u015f Arama<\/li>\n\n\n\n<li>Extractor, \u0130\u00e7erik Paketleri, Logstash gibi ara\u00e7larla log ay\u0131klama<br>(parse)<\/li>\n\n\n\n<li>Sidecar\n<ul class=\"wp-block-list\">\n<li>beat (auditbeat, winlogbeat vs)<\/li>\n<\/ul>\n<\/li>\n\n\n\n<li>Uyar\u0131 (alarm) \u00fcretilmesi<\/li>\n\n\n\n<li>Dashboard (h\u0131zl\u0131 eri\u015fim panosu) ile ki\u015fiselle\u015ftirme<\/li>\n\n\n\n<li>K\u00fcmeleme (cluster) mimarisi<\/li>\n<\/ul>\n","protected":false},"excerpt":{"rendered":"<p>E\u011fitmenler: Doruk Fi\u015fek, Berkay G\u00fc\u00e7l\u00fc Kat\u0131l\u0131mc\u0131lar i\u00e7in \u00f6n-\u015fartlar Kat\u0131l\u0131mc\u0131lar\u0131n yaz kamp\u0131nda verilen GNU\/Linux Sistem Y\u00f6netimi 1 e\u011fitimi d\u00fczeyinde sistem bilgisi istenmektedir. E\u011fitim i\u00e7eri\u011fi<\/p>\n","protected":false},"author":1,"featured_media":0,"parent":362,"menu_order":0,"comment_status":"closed","ping_status":"closed","template":"","meta":{"footnotes":""},"class_list":["post-481","page","type-page","status-publish","hentry"],"jetpack_sharing_enabled":true,"_links":{"self":[{"href":"https:\/\/kamp.linux.org.tr\/2023-kis\/wp-json\/wp\/v2\/pages\/481","targetHints":{"allow":["GET"]}}],"collection":[{"href":"https:\/\/kamp.linux.org.tr\/2023-kis\/wp-json\/wp\/v2\/pages"}],"about":[{"href":"https:\/\/kamp.linux.org.tr\/2023-kis\/wp-json\/wp\/v2\/types\/page"}],"author":[{"embeddable":true,"href":"https:\/\/kamp.linux.org.tr\/2023-kis\/wp-json\/wp\/v2\/users\/1"}],"replies":[{"embeddable":true,"href":"https:\/\/kamp.linux.org.tr\/2023-kis\/wp-json\/wp\/v2\/comments?post=481"}],"version-history":[{"count":3,"href":"https:\/\/kamp.linux.org.tr\/2023-kis\/wp-json\/wp\/v2\/pages\/481\/revisions"}],"predecessor-version":[{"id":714,"href":"https:\/\/kamp.linux.org.tr\/2023-kis\/wp-json\/wp\/v2\/pages\/481\/revisions\/714"}],"up":[{"embeddable":true,"href":"https:\/\/kamp.linux.org.tr\/2023-kis\/wp-json\/wp\/v2\/pages\/362"}],"wp:attachment":[{"href":"https:\/\/kamp.linux.org.tr\/2023-kis\/wp-json\/wp\/v2\/media?parent=481"}],"curies":[{"name":"wp","href":"https:\/\/api.w.org\/{rel}","templated":true}]}}