{"id":487,"date":"2023-01-10T17:55:44","date_gmt":"2023-01-10T14:55:44","guid":{"rendered":"https:\/\/kamp.linux.org.tr\/2023-kis\/?page_id=487"},"modified":"2023-01-20T10:30:24","modified_gmt":"2023-01-20T07:30:24","slug":"r-ile-veri-madenciligi","status":"publish","type":"page","link":"https:\/\/kamp.linux.org.tr\/2023-kis\/kurslar\/r-ile-veri-madenciligi\/","title":{"rendered":"R ile Veri Madencili\u011fi"},"content":{"rendered":"\n<p><strong>E\u011fitmenler:<\/strong>  <a href=\"https:\/\/kamp.linux.org.tr\/2023-kis\/egitmenler\/elif-ozge-ozdamar\/\" data-type=\"URL\" data-id=\"https:\/\/kamp.linux.org.tr\/2023-kis\/egitmenler\/elif-ozge-ozdamar\/\">Elif \u00d6zge \u00d6zdamar<\/a>, <a href=\"https:\/\/kamp.linux.org.tr\/2023-kis\/egitmenler\/tugce-kaynak-bozkir\/\" data-type=\"URL\" data-id=\"https:\/\/kamp.linux.org.tr\/2023-kis\/egitmenler\/tugce-kaynak-bozkir\/\">Tu\u011f\u00e7e Kaynak Bozk\u0131r<\/a><\/p>\n\n\n\n<p><strong>Kat\u0131l\u0131mc\u0131lar i\u00e7in \u00f6n-\u015fartlar<\/strong><br>R temel bilgisi<\/p>\n\n\n\n<p><strong>E\u011fitim i\u00e7eri\u011fi<\/strong><\/p>\n\n\n\n<ul class=\"wp-block-list\">\n<li>Veri \u00f6ni\u015fleme\n<ul class=\"wp-block-list\">\n<li>Veri kontrol\u00fc<\/li>\n\n\n\n<li>Veri d\u00fczenleme<\/li>\n\n\n\n<li>Veri d\u00f6n\u00fc\u015ft\u00fcrme, normalle\u015ftirme, indirgeme<\/li>\n\n\n\n<li>Eksik\/ kay\u0131p veri tamamlamas\u0131<\/li>\n\n\n\n<li>Ayk\u0131r\u0131 de\u011fer be g\u00fcr\u00fclt\u00fc temizleme<\/li>\n<\/ul>\n<\/li>\n\n\n\n<li>Veri Analizi\n<ul class=\"wp-block-list\">\n<li>Lineer Regresyon<\/li>\n\n\n\n<li>Lojistik Regresyon<\/li>\n\n\n\n<li>K\u00fcmeleme<\/li>\n\n\n\n<li>K-En yak\u0131n kom\u015fu<\/li>\n\n\n\n<li>Karar A\u011fa\u00e7lar\u0131<\/li>\n\n\n\n<li>Naive Bayes<\/li>\n\n\n\n<li>Birliktelik Kural\u0131<\/li>\n\n\n\n<li>Model iyile\u015ftirme<\/li>\n\n\n\n<li>Proje<\/li>\n<\/ul>\n<\/li>\n<\/ul>\n","protected":false},"excerpt":{"rendered":"<p>E\u011fitmenler: Elif \u00d6zge \u00d6zdamar, Tu\u011f\u00e7e Kaynak Bozk\u0131r Kat\u0131l\u0131mc\u0131lar i\u00e7in \u00f6n-\u015fartlarR temel bilgisi E\u011fitim i\u00e7eri\u011fi<\/p>\n","protected":false},"author":1,"featured_media":0,"parent":362,"menu_order":0,"comment_status":"closed","ping_status":"closed","template":"","meta":{"footnotes":""},"class_list":["post-487","page","type-page","status-publish","hentry"],"jetpack_sharing_enabled":true,"_links":{"self":[{"href":"https:\/\/kamp.linux.org.tr\/2023-kis\/wp-json\/wp\/v2\/pages\/487","targetHints":{"allow":["GET"]}}],"collection":[{"href":"https:\/\/kamp.linux.org.tr\/2023-kis\/wp-json\/wp\/v2\/pages"}],"about":[{"href":"https:\/\/kamp.linux.org.tr\/2023-kis\/wp-json\/wp\/v2\/types\/page"}],"author":[{"embeddable":true,"href":"https:\/\/kamp.linux.org.tr\/2023-kis\/wp-json\/wp\/v2\/users\/1"}],"replies":[{"embeddable":true,"href":"https:\/\/kamp.linux.org.tr\/2023-kis\/wp-json\/wp\/v2\/comments?post=487"}],"version-history":[{"count":3,"href":"https:\/\/kamp.linux.org.tr\/2023-kis\/wp-json\/wp\/v2\/pages\/487\/revisions"}],"predecessor-version":[{"id":661,"href":"https:\/\/kamp.linux.org.tr\/2023-kis\/wp-json\/wp\/v2\/pages\/487\/revisions\/661"}],"up":[{"embeddable":true,"href":"https:\/\/kamp.linux.org.tr\/2023-kis\/wp-json\/wp\/v2\/pages\/362"}],"wp:attachment":[{"href":"https:\/\/kamp.linux.org.tr\/2023-kis\/wp-json\/wp\/v2\/media?parent=487"}],"curies":[{"name":"wp","href":"https:\/\/api.w.org\/{rel}","templated":true}]}}