{"id":493,"date":"2023-01-10T18:01:05","date_gmt":"2023-01-10T15:01:05","guid":{"rendered":"https:\/\/kamp.linux.org.tr\/2023-kis\/?page_id=493"},"modified":"2023-01-20T10:14:21","modified_gmt":"2023-01-20T07:14:21","slug":"blockchain-101","status":"publish","type":"page","link":"https:\/\/kamp.linux.org.tr\/2023-kis\/kurslar\/blockchain-101\/","title":{"rendered":"Blockchain 101"},"content":{"rendered":"\n<p><strong>E\u011fitmenler:<\/strong> <a href=\"https:\/\/kamp.linux.org.tr\/2023-kis\/egitmenler\/aydin-yakar\/\" data-type=\"URL\" data-id=\"https:\/\/kamp.linux.org.tr\/2023-kis\/egitmenler\/aydin-yakar\/\">Ayd\u0131n Yakar<\/a>, <a href=\"https:\/\/kamp.linux.org.tr\/2023-kis\/egitmenler\/busra-keskin\/\" data-type=\"URL\" data-id=\"https:\/\/kamp.linux.org.tr\/2023-kis\/egitmenler\/busra-keskin\/\">B\u00fc\u015fra Keskin<\/a><\/p>\n\n\n\n<p><strong>Kat\u0131l\u0131mc\u0131lar i\u00e7in \u00f6n-\u015fartlar<\/strong><br>Herhangi bir yaz\u0131l\u0131m dilini basit algoritmalar yazabilecek kadar biliyor olmak<\/p>\n\n\n\n<p><strong>E\u011fitim i\u00e7eri\u011fi<\/strong><\/p>\n\n\n\n<ul class=\"wp-block-list\">\n<li>Hash Algoritmalar\u0131\n<ul class=\"wp-block-list\">\n<li>Hash algoritmalar\u0131n\u0131n k\u0131sa tarihi<\/li>\n\n\n\n<li>Hash algoritmalar\u0131n\u0131n \u00f6zellikleri<\/li>\n\n\n\n<li>Kriptografik hash algoritmalar\u0131<\/li>\n<\/ul>\n<\/li>\n\n\n\n<li>Simetrik ve Asimetrik \u015eifreleme\n<ul class=\"wp-block-list\">\n<li>Simetrik \u015eifreleme<\/li>\n\n\n\n<li>Ge\u00e7mi\u015fte kullan\u0131lan \u015fifreleme algoritmalar\u0131<\/li>\n\n\n\n<li>\u015eifreleme algoritmalar\u0131n\u0131n geli\u015fimi<\/li>\n\n\n\n<li>G\u00fcn\u00fcm\u00fczde kullan\u0131lan \u015fifreleme algoritmalar\u0131<\/li>\n\n\n\n<li>Simetrik \u015fifrelemede anahtar de\u011fi\u015fim problemi<\/li>\n\n\n\n<li>Asimetrik \u015eifreleme<\/li>\n\n\n\n<li>Public Key, Private Key Algoritmas\u0131<\/li>\n\n\n\n<li>RSA algoritmalar\u0131<\/li>\n\n\n\n<li>Elliptic Curve Algoritmalar\u0131(Seckp1)<\/li>\n\n\n\n<li>Asimetrik \u015fifrelemenin performans ve g\u00fcvenlik problemleri<\/li>\n\n\n\n<li>Hibrit Yap\u0131lar<\/li>\n\n\n\n<li>Hibrit \u015fifreleme algoritmalar\u0131<\/li>\n\n\n\n<li>G\u00fcn\u00fcm\u00fczde kullan\u0131lan hibrit yap\u0131lar<\/li>\n<\/ul>\n<\/li>\n\n\n\n<li>P2P A\u011f Yap\u0131s\u0131\n<ul class=\"wp-block-list\">\n<li>P2P A\u011f Modelinin Tarih\u00e7esi<\/li>\n\n\n\n<li>P2P A\u011f Modelinin Kullan\u0131m alanlar\u0131<\/li>\n\n\n\n<li>Da\u011f\u0131t\u0131k d\u00fc\u011f\u00fcm yap\u0131s\u0131 ve Da\u011f\u0131t\u0131k A\u011fa Kat\u0131lma<\/li>\n<\/ul>\n<\/li>\n\n\n\n<li>Blockchainde Konsensus mekanizmalar\u0131\n<ul class=\"wp-block-list\">\n<li>Konsensus kelimesinin tarih\u00e7esi<\/li>\n\n\n\n<li>Proof of Work Konsensus Algoritmas\u0131<\/li>\n\n\n\n<li>Miner se\u00e7imi<\/li>\n\n\n\n<li>Hash bulmacas\u0131n\u0131n zorlu\u011funun ayarlanmas\u0131<\/li>\n\n\n\n<li>Timestamp<\/li>\n\n\n\n<li>Selfish mining<\/li>\n\n\n\n<li>Blockchain Blok Yap\u0131s\u0131<\/li>\n\n\n\n<li>Empty Blocks<\/li>\n<\/ul>\n<\/li>\n\n\n\n<li>Di\u011fer Blockchain A\u011flar\u0131 ve Konsensus Metodlar\u0131<\/li>\n<\/ul>\n","protected":false},"excerpt":{"rendered":"<p>E\u011fitmenler: Ayd\u0131n Yakar, B\u00fc\u015fra Keskin Kat\u0131l\u0131mc\u0131lar i\u00e7in \u00f6n-\u015fartlarHerhangi bir yaz\u0131l\u0131m dilini basit algoritmalar yazabilecek kadar biliyor olmak E\u011fitim i\u00e7eri\u011fi<\/p>\n","protected":false},"author":1,"featured_media":0,"parent":362,"menu_order":0,"comment_status":"closed","ping_status":"closed","template":"","meta":{"footnotes":""},"class_list":["post-493","page","type-page","status-publish","hentry"],"jetpack_sharing_enabled":true,"_links":{"self":[{"href":"https:\/\/kamp.linux.org.tr\/2023-kis\/wp-json\/wp\/v2\/pages\/493","targetHints":{"allow":["GET"]}}],"collection":[{"href":"https:\/\/kamp.linux.org.tr\/2023-kis\/wp-json\/wp\/v2\/pages"}],"about":[{"href":"https:\/\/kamp.linux.org.tr\/2023-kis\/wp-json\/wp\/v2\/types\/page"}],"author":[{"embeddable":true,"href":"https:\/\/kamp.linux.org.tr\/2023-kis\/wp-json\/wp\/v2\/users\/1"}],"replies":[{"embeddable":true,"href":"https:\/\/kamp.linux.org.tr\/2023-kis\/wp-json\/wp\/v2\/comments?post=493"}],"version-history":[{"count":3,"href":"https:\/\/kamp.linux.org.tr\/2023-kis\/wp-json\/wp\/v2\/pages\/493\/revisions"}],"predecessor-version":[{"id":628,"href":"https:\/\/kamp.linux.org.tr\/2023-kis\/wp-json\/wp\/v2\/pages\/493\/revisions\/628"}],"up":[{"embeddable":true,"href":"https:\/\/kamp.linux.org.tr\/2023-kis\/wp-json\/wp\/v2\/pages\/362"}],"wp:attachment":[{"href":"https:\/\/kamp.linux.org.tr\/2023-kis\/wp-json\/wp\/v2\/media?parent=493"}],"curies":[{"name":"wp","href":"https:\/\/api.w.org\/{rel}","templated":true}]}}