{"id":496,"date":"2023-01-10T18:04:14","date_gmt":"2023-01-10T15:04:14","guid":{"rendered":"https:\/\/kamp.linux.org.tr\/2023-kis\/?page_id=496"},"modified":"2023-01-20T11:01:54","modified_gmt":"2023-01-20T08:01:54","slug":"html-css-javascript-ile-modern-web-gelistirmeye-giris","status":"publish","type":"page","link":"https:\/\/kamp.linux.org.tr\/2023-kis\/kurslar\/html-css-javascript-ile-modern-web-gelistirmeye-giris\/","title":{"rendered":"HTML, CSS, Javascript ile Modern Web geli\u015ftirmeye giri\u015f"},"content":{"rendered":"\n<p><strong>E\u011fitmenler: <\/strong> <a href=\"https:\/\/kamp.linux.org.tr\/2023-kis\/egitmenler\/ege-akat\/\" data-type=\"URL\" data-id=\"https:\/\/kamp.linux.org.tr\/2023-kis\/egitmenler\/ege-akat\/\">Ege Akat<\/a>, <a href=\"https:\/\/kamp.linux.org.tr\/2023-kis\/egitmenler\/batuhan-berk-sahin\/\" data-type=\"URL\" data-id=\"https:\/\/kamp.linux.org.tr\/2023-kis\/egitmenler\/batuhan-berk-sahin\/\">Batuhan Berk \u015eahin<\/a><\/p>\n\n\n\n<p><strong>Kat\u0131l\u0131mc\u0131lar i\u00e7in \u00f6n-\u015fartlar<\/strong><br>Teknik terimleri anlayabilecek ve d\u00f6k\u00fcman okuyup anlayabilecek d\u00fczeyde ingilizce<\/p>\n\n\n\n<p><strong>E\u011fitim i\u00e7eri\u011fi<\/strong><\/p>\n\n\n\n<ul class=\"wp-block-list\">\n<li>\u0130nternet ve web nedir?<\/li>\n\n\n\n<li>Web geli\u015ftirmenin tarihi<\/li>\n\n\n\n<li>Web requestlerinin hayat d\u00f6ng\u00fcs\u00fc<\/li>\n\n\n\n<li>Front-end geli\u015ftirme giri\u015f.<\/li>\n\n\n\n<li>Back-end geli\u015ftirmeye tan\u0131t\u0131m.<\/li>\n\n\n\n<li>Web geli\u015ftirmeye giri\u015f.<\/li>\n\n\n\n<li>Html:\n<ul class=\"wp-block-list\">\n<li>HTML ve Tag yap\u0131s\u0131<\/li>\n\n\n\n<li>Tagler (h1, p, div, span vs\u2026)<\/li>\n\n\n\n<li>Attributelar<\/li>\n\n\n\n<li>Formlar, tablolar, listeler<\/li>\n\n\n\n<li>Semantic HTML<\/li>\n\n\n\n<li>Inline CSS<\/li>\n<\/ul>\n<\/li>\n\n\n\n<li>CSS:\n<ul class=\"wp-block-list\">\n<li>CSS yap\u0131s\u0131<\/li>\n\n\n\n<li>Stillendirme kurallar\u0131 (color, background-color, font-size vs\u2026)<\/li>\n\n\n\n<li>Selector, pseudo-class yap\u0131lar\u0131<\/li>\n\n\n\n<li>Box model ve padding, margin.<\/li>\n\n\n\n<li>Display yap\u0131s\u0131 ve pozisyonland\u0131rma<\/li>\n\n\n\n<li>Flexbox ve modern layout sistemi<\/li>\n\n\n\n<li>Transitionlar, animasyonlar<\/li>\n<\/ul>\n<\/li>\n\n\n\n<li>Javascript:\n<ul class=\"wp-block-list\">\n<li>Javascript yap\u0131s\u0131<\/li>\n\n\n\n<li>Javascript ile programlamaya giri\u015f<\/li>\n\n\n\n<li>De\u011fi\u015fkenler, d\u00f6ng\u00fcler, \u015fartl\u0131 kontrol ifadeleri, fonksiyonlar ve javascript nesneleri.<\/li>\n\n\n\n<li>Event bazl\u0131 programlamaya giri\u015f<\/li>\n\n\n\n<li>Event listenerlar<\/li>\n\n\n\n<li>DOM&#8217;a (Document Object Model) giri\u015f<\/li>\n\n\n\n<li>DOM manip\u00fclasyonlar\u0131<\/li>\n\n\n\n<li>Yayg\u0131n javascript pratikleri<\/li>\n\n\n\n<li>Modern javascript framework&#8217;lerine tan\u0131t\u0131m ve giri\u015f (React.js)<\/li>\n<\/ul>\n<\/li>\n<\/ul>\n","protected":false},"excerpt":{"rendered":"<p>E\u011fitmenler: Ege Akat, Batuhan Berk \u015eahin Kat\u0131l\u0131mc\u0131lar i\u00e7in \u00f6n-\u015fartlarTeknik terimleri anlayabilecek ve d\u00f6k\u00fcman okuyup anlayabilecek d\u00fczeyde ingilizce E\u011fitim i\u00e7eri\u011fi<\/p>\n","protected":false},"author":1,"featured_media":0,"parent":362,"menu_order":0,"comment_status":"closed","ping_status":"closed","template":"","meta":{"footnotes":""},"class_list":["post-496","page","type-page","status-publish","hentry"],"jetpack_sharing_enabled":true,"_links":{"self":[{"href":"https:\/\/kamp.linux.org.tr\/2023-kis\/wp-json\/wp\/v2\/pages\/496","targetHints":{"allow":["GET"]}}],"collection":[{"href":"https:\/\/kamp.linux.org.tr\/2023-kis\/wp-json\/wp\/v2\/pages"}],"about":[{"href":"https:\/\/kamp.linux.org.tr\/2023-kis\/wp-json\/wp\/v2\/types\/page"}],"author":[{"embeddable":true,"href":"https:\/\/kamp.linux.org.tr\/2023-kis\/wp-json\/wp\/v2\/users\/1"}],"replies":[{"embeddable":true,"href":"https:\/\/kamp.linux.org.tr\/2023-kis\/wp-json\/wp\/v2\/comments?post=496"}],"version-history":[{"count":3,"href":"https:\/\/kamp.linux.org.tr\/2023-kis\/wp-json\/wp\/v2\/pages\/496\/revisions"}],"predecessor-version":[{"id":709,"href":"https:\/\/kamp.linux.org.tr\/2023-kis\/wp-json\/wp\/v2\/pages\/496\/revisions\/709"}],"up":[{"embeddable":true,"href":"https:\/\/kamp.linux.org.tr\/2023-kis\/wp-json\/wp\/v2\/pages\/362"}],"wp:attachment":[{"href":"https:\/\/kamp.linux.org.tr\/2023-kis\/wp-json\/wp\/v2\/media?parent=496"}],"curies":[{"name":"wp","href":"https:\/\/api.w.org\/{rel}","templated":true}]}}