{"id":526,"date":"2023-01-11T09:21:56","date_gmt":"2023-01-11T06:21:56","guid":{"rendered":"https:\/\/kamp.linux.org.tr\/2023-kis\/?page_id=526"},"modified":"2023-01-20T10:12:47","modified_gmt":"2023-01-20T07:12:47","slug":"gnu-linux-sistem-yonetimi-0-5","status":"publish","type":"page","link":"https:\/\/kamp.linux.org.tr\/2023-kis\/kurslar\/gnu-linux-sistem-yonetimi-0-5\/","title":{"rendered":"GNU\/Linux: Sistem Y\u00f6netimi 0.5"},"content":{"rendered":"\n<div class=\"wp-block-columns is-layout-flex wp-container-core-columns-is-layout-9d6595d7 wp-block-columns-is-layout-flex\">\n<div class=\"wp-block-column is-layout-flow wp-block-column-is-layout-flow\">\n<figure class=\"wp-block-image size-large\"><img loading=\"lazy\" decoding=\"async\" width=\"1024\" height=\"203\" src=\"https:\/\/kamp.linux.org.tr\/2023-kis\/wp-content\/uploads\/sites\/3\/2023\/01\/MonoLogo-1024x203.png\" alt=\"\" class=\"wp-image-562\" srcset=\"https:\/\/kamp.linux.org.tr\/2023-kis\/wp-content\/uploads\/sites\/3\/2023\/01\/MonoLogo-1024x203.png 1024w, https:\/\/kamp.linux.org.tr\/2023-kis\/wp-content\/uploads\/sites\/3\/2023\/01\/MonoLogo-300x59.png 300w, https:\/\/kamp.linux.org.tr\/2023-kis\/wp-content\/uploads\/sites\/3\/2023\/01\/MonoLogo-768x152.png 768w, https:\/\/kamp.linux.org.tr\/2023-kis\/wp-content\/uploads\/sites\/3\/2023\/01\/MonoLogo-1536x304.png 1536w, https:\/\/kamp.linux.org.tr\/2023-kis\/wp-content\/uploads\/sites\/3\/2023\/01\/MonoLogo-2048x406.png 2048w\" sizes=\"auto, (max-width: 1024px) 100vw, 1024px\" \/><figcaption class=\"wp-element-caption\">A S\u0131n\u0131f\u0131 sponsoru<\/figcaption><\/figure>\n<\/div>\n\n\n\n<div class=\"wp-block-column is-layout-flow wp-block-column-is-layout-flow\">\n<figure class=\"wp-block-image size-full\"><img loading=\"lazy\" decoding=\"async\" width=\"500\" height=\"313\" src=\"https:\/\/kamp.linux.org.tr\/2023-kis\/wp-content\/uploads\/sites\/3\/2023\/01\/altosec.png\" alt=\"\" class=\"wp-image-577\" srcset=\"https:\/\/kamp.linux.org.tr\/2023-kis\/wp-content\/uploads\/sites\/3\/2023\/01\/altosec.png 500w, https:\/\/kamp.linux.org.tr\/2023-kis\/wp-content\/uploads\/sites\/3\/2023\/01\/altosec-300x188.png 300w\" sizes=\"auto, (max-width: 500px) 100vw, 500px\" \/><figcaption class=\"wp-element-caption\">B S\u0131n\u0131f\u0131 sponsoru<\/figcaption><\/figure>\n<\/div>\n\n\n\n<div class=\"wp-block-column is-layout-flow wp-block-column-is-layout-flow\"><\/div>\n<\/div>\n\n\n\n<p><strong>E\u011fitmenler:<\/strong> <a href=\"https:\/\/kamp.linux.org.tr\/2023-kis\/egitmenler\/senol-aldibas\/\" data-type=\"URL\" data-id=\"https:\/\/kamp.linux.org.tr\/2023-kis\/egitmenler\/senol-aldibas\/\">\u015eenol Ald\u0131ba\u015f<\/a> (A), <a href=\"https:\/\/kamp.linux.org.tr\/2023-kis\/egitmenler\/yusuf-duzgun\/\" data-type=\"URL\" data-id=\"https:\/\/kamp.linux.org.tr\/2023-kis\/egitmenler\/yusuf-duzgun\/\">Yusuf D\u00fczg\u00fcn<\/a>(B), <a href=\"https:\/\/kamp.linux.org.tr\/2023-kis\/egitmenler\/ali-sezisli\/\" data-type=\"URL\" data-id=\"https:\/\/kamp.linux.org.tr\/2023-kis\/egitmenler\/ali-sezisli\/\">Ali Sezi\u015fli<\/a>(C), <a href=\"https:\/\/kamp.linux.org.tr\/2023-kis\/egitmenler\/ahmet-ogulcan-cankaya\/\" data-type=\"URL\" data-id=\"https:\/\/kamp.linux.org.tr\/2023-kis\/egitmenler\/ahmet-ogulcan-cankaya\/\">Ahmet Ogulcan \u00c7ankaya<\/a>(C)<\/p>\n\n\n\n<p><strong>Kat\u0131l\u0131mc\u0131lar i\u00e7in \u00f6n-\u015fartlar<\/strong><\/p>\n\n\n\n<ul class=\"wp-block-list\">\n<li>Okudu\u011funu anlayabilecek d\u00fczeyde \u0130ngilizce bilgisi<\/li>\n\n\n\n<li>Sanal makine kurabilme \/ kullanabilme<\/li>\n<\/ul>\n\n\n\n<p><\/p>\n\n\n\n<p><strong>E\u011fitim i\u00e7eri\u011fi<\/strong><\/p>\n\n\n\n<ul class=\"wp-block-list\">\n<li>\u00d6zg\u00fcr Yaz\u0131l\u0131m Kavramlar\u0131\n<ul class=\"wp-block-list\">\n<li>\u201c\u00d6zg\u00fcr Yaz\u0131l\u0131m\u201d tan\u0131m\u0131 ve felsefesi<\/li>\n\n\n\n<li>GNU projesi<\/li>\n\n\n\n<li>Linux \u00e7ekirde\u011finin k\u0131sa tarihi\n<ul class=\"wp-block-list\">\n<li>Linux ve Linux-libre \u00e7ekirdekleri<\/li>\n<\/ul>\n<\/li>\n\n\n\n<li> Da\u011f\u0131t\u0131mlar, pencere y\u00f6neticileri, masa\u00fcst\u00fc ortamlar\u0131\n<ul class=\"wp-block-list\">\n<li>\u201cDa\u011f\u0131t\u0131m\u201d kavram\u0131, detay ve \u00f6rneklendirmeleri<\/li>\n\n\n\n<li>Pencere y\u00f6neticisi ve masa\u00fcst\u00fc ortam\u0131 fark\u0131<\/li>\n<\/ul>\n<\/li>\n<\/ul>\n<\/li>\n\n\n\n<li>\u0130\u015fletim Sistemleri ve Kavramlar\n<ul class=\"wp-block-list\">\n<li> \u201c\u0130\u015fletim Sistemi\u201d kavram\u0131n\u0131n tan\u0131mlanmas\u0131<\/li>\n\n\n\n<li> Genel kapsamda katmanlar (donan\u0131m, \u00e7ekirdek ve s\u00fcr\u00fcc\u00fcler, kabuk, uygulama, vs.)<\/li>\n<\/ul>\n<\/li>\n\n\n\n<li>Kabuk ve Temel Komutlar\n<ul class=\"wp-block-list\">\n<li>Dizin hiyerar\u015fisi<\/li>\n\n\n\n<li>Mutlak Yol, Ba\u011f\u0131l Yol<\/li>\n\n\n\n<li>Kabuk kavram\u0131, kabuk kullan\u0131m\u0131 ve komut yap\u0131s\u0131\n<ul class=\"wp-block-list\">\n<li>Se\u00e7enekler, \u00e7ift ve tek tire<\/li>\n\n\n\n<li>Parametre ve arg\u00fcmanlar<\/li>\n<\/ul>\n<\/li>\n\n\n\n<li>Dosyalarla \u00e7al\u0131\u015fmak ve GNU Nano d\u00fczenleyici kullan\u0131m\u0131<\/li>\n\n\n\n<li>Yard\u0131m almak (man, \u2013help, apropos \/ man -k, whatis ,which)<\/li>\n\n\n\n<li>Dosya ve dizinlerle \u00e7al\u0131\u015fma (pwd, cd, ls, cat, tac, less, more, cp, mv, rm, mkdir, rmdir, touch, head, tail, sort, uniq, cut, wc, fgrep \/ grep -F)<\/li>\n\n\n\n<li>Gizli dosyalar<\/li>\n\n\n\n<li>Girdi \/ \u00c7\u0131kt\u0131 y\u00f6nlendirme<\/li>\n\n\n\n<li>Kabuk k\u0131sayollar\u0131 ve u\u00e7birimde y\u00f6n bulma<\/li>\n\n\n\n<li>Filename globs<\/li>\n\n\n\n<li>locate \/ slocate<\/li>\n<\/ul>\n<\/li>\n\n\n\n<li>GNU\/Linux \u0130\u015fletim Sisteminin Yap\u0131s\u0131\n<ul class=\"wp-block-list\">\n<li>Kullan\u0131c\u0131 y\u00f6netimi\n<ul class=\"wp-block-list\">\n<li>Kullan\u0131c\u0131 ve grup kavramlar\u0131<\/li>\n\n\n\n<li>root kullan\u0131c\u0131s\u0131<\/li>\n\n\n\n<li>id<\/li>\n\n\n\n<li>\/etc\/passwd, \/etc\/shadow, \/etc\/group<\/li>\n\n\n\n<li>useradd, userdel, usermod<\/li>\n\n\n\n<li>passwd<\/li>\n\n\n\n<li>groupadd, groupdel, groupmod<\/li>\n\n\n\n<li>groups<\/li>\n\n\n\n<li>\/etc\/skel<\/li>\n<\/ul>\n<\/li>\n\n\n\n<li> su ve sudo<\/li>\n\n\n\n<li>Dosya sahiplikleri ve izinleri<\/li>\n<\/ul>\n<\/li>\n\n\n\n<li>Paketler ve Paket Y\u00f6netim Sistemi\n<ul class=\"wp-block-list\">\n<li>Kavramlar\n<ul class=\"wp-block-list\">\n<li>\u0130kili paket<\/li>\n\n\n\n<li>Paket deposu<\/li>\n\n\n\n<li>Kurulum zaman\u0131 ba\u011f\u0131ml\u0131l\u0131klar\u0131 ve ba\u011f\u0131ml\u0131l\u0131k \u00e7\u00f6zme<\/li>\n\n\n\n<li>\u00c7ak\u0131\u015fma ve hata durumlar\u0131<\/li>\n<\/ul>\n<\/li>\n\n\n\n<li>Arama i\u015flemleri<\/li>\n\n\n\n<li>Paket i\u015flemleri (Kurmak, kald\u0131rmak, vs.)<\/li>\n\n\n\n<li>Bilgi alma i\u015flemleri\n<ul class=\"wp-block-list\">\n<li>Kurulu paketleri listeleme<\/li>\n\n\n\n<li>Bir paketin olas\u0131 s\u00fcr\u00fcmlerini listeleme<\/li>\n<\/ul>\n<\/li>\n\n\n\n<li>G\u00fcncelleme i\u015flemleri<\/li>\n<\/ul>\n<\/li>\n\n\n\n<li>G\u00fcvenli Uzaktan Eri\u015fim\n<ul class=\"wp-block-list\">\n<li>Giri\u015f D\u00fczeyi SSH<\/li>\n\n\n\n<li>scp kullan\u0131m\u0131<\/li>\n<\/ul>\n<\/li>\n\n\n\n<li>Dosya Yedekleme \u0130\u015flemleri\n<ul class=\"wp-block-list\">\n<li>Ar\u015fivleme (GNU Tar) ve S\u0131k\u0131\u015ft\u0131rma (gzip, bzip2, xz, vs.) \u0130\u015flemleri<\/li>\n\n\n\n<li>rsync<\/li>\n<\/ul>\n<\/li>\n<\/ul>\n","protected":false},"excerpt":{"rendered":"<p>E\u011fitmenler: \u015eenol Ald\u0131ba\u015f (A), Yusuf D\u00fczg\u00fcn(B), Ali Sezi\u015fli(C), Ahmet Ogulcan \u00c7ankaya(C) Kat\u0131l\u0131mc\u0131lar i\u00e7in \u00f6n-\u015fartlar E\u011fitim i\u00e7eri\u011fi<\/p>\n","protected":false},"author":1,"featured_media":0,"parent":362,"menu_order":0,"comment_status":"closed","ping_status":"closed","template":"","meta":{"footnotes":""},"class_list":["post-526","page","type-page","status-publish","hentry"],"jetpack_sharing_enabled":true,"_links":{"self":[{"href":"https:\/\/kamp.linux.org.tr\/2023-kis\/wp-json\/wp\/v2\/pages\/526","targetHints":{"allow":["GET"]}}],"collection":[{"href":"https:\/\/kamp.linux.org.tr\/2023-kis\/wp-json\/wp\/v2\/pages"}],"about":[{"href":"https:\/\/kamp.linux.org.tr\/2023-kis\/wp-json\/wp\/v2\/types\/page"}],"author":[{"embeddable":true,"href":"https:\/\/kamp.linux.org.tr\/2023-kis\/wp-json\/wp\/v2\/users\/1"}],"replies":[{"embeddable":true,"href":"https:\/\/kamp.linux.org.tr\/2023-kis\/wp-json\/wp\/v2\/comments?post=526"}],"version-history":[{"count":8,"href":"https:\/\/kamp.linux.org.tr\/2023-kis\/wp-json\/wp\/v2\/pages\/526\/revisions"}],"predecessor-version":[{"id":627,"href":"https:\/\/kamp.linux.org.tr\/2023-kis\/wp-json\/wp\/v2\/pages\/526\/revisions\/627"}],"up":[{"embeddable":true,"href":"https:\/\/kamp.linux.org.tr\/2023-kis\/wp-json\/wp\/v2\/pages\/362"}],"wp:attachment":[{"href":"https:\/\/kamp.linux.org.tr\/2023-kis\/wp-json\/wp\/v2\/media?parent=526"}],"curies":[{"name":"wp","href":"https:\/\/api.w.org\/{rel}","templated":true}]}}