{"id":542,"date":"2023-01-11T16:24:36","date_gmt":"2023-01-11T13:24:36","guid":{"rendered":"https:\/\/kamp.linux.org.tr\/2023-kis\/?page_id=542"},"modified":"2023-01-11T16:31:35","modified_gmt":"2023-01-11T13:31:35","slug":"basvuru-degerlendirme-kriterleri","status":"publish","type":"page","link":"https:\/\/kamp.linux.org.tr\/2023-kis\/sikca-sorulan-sorular\/basvuru-degerlendirme-kriterleri\/","title":{"rendered":"Ba\u015fvuru De\u011ferlendirme Kriterleri"},"content":{"rendered":"\n<p>Ba\u015fvuran ki\u015fi LKD\u2019nin daha \u00f6nce yapt\u0131\u011f\u0131 kontenjanl\u0131 etkinliklere ba\u015fvurusunu kabul edildikten sonra iptal etmi\u015f, etkinli\u011fi yar\u0131m b\u0131rakm\u0131\u015f ve benzeri etkinlik kurallar\u0131na ayk\u0131r\u0131 hareket ettiyse ba\u015fvurusunun de\u011ferlendirilmesi s\u0131ras\u0131nda bu durum g\u00f6z \u00f6n\u00fcne al\u0131n\u0131yor.<\/p>\n\n\n\n<p>Ki\u015filerin (varsa) ba\u015fvurdu\u011fu e\u011fitim i\u00e7in aran\u0131lan \u00f6zelliklere sahip olup olmad\u0131\u011f\u0131 inceleniyor ve beklenen \u00f6zelliklere daha \u00e7ok uyan ki\u015filere \u00f6ncelik veriliyor.<\/p>\n\n\n\n<p>Beklenen \u00f6zellikleri e\u015fit d\u00fczeyde kar\u015f\u0131layan ba\u015fvurularda \u00f6nceliklendirmemiz temelde, <strong>her bir kurs i\u00e7in ayr\u0131 ayr\u0131<\/strong> \u015fu \u015fekilde:<\/p>\n\n\n\n<ol class=\"wp-block-list\">\n<li>18 ya\u015f\u0131ndan k\u00fc\u00e7\u00fck kat\u0131l\u0131mc\u0131lar\u0131n KYK yurtlar\u0131nda kalmas\u0131n\u0131 m\u00fcmk\u00fcn de\u011fidir. Kat\u0131l\u0131mc\u0131 olarak se\u00e7ilebilmek i\u00e7in kamp\u0131n bulundu\u011fu \u015fehir olan Eski\u015fehir\u2019de ikamet etmedi gereklidir. G\u00fcn\u00fcbirlik gidip gelemeyecek ki\u015fileri Kampa kabul edilmeyecektir<\/li>\n\n\n\n<li>Kad\u0131nlar i\u00e7in pozitif ayr\u0131mc\u0131l\u0131k yap\u0131lmas\u0131 beklenmektedir.<\/li>\n\n\n\n<li>Kamu\/\u00fcniversite kurum personeli (ayn\u0131 kurumdan ayn\u0131 s\u0131n\u0131fa \u00e7ok say\u0131da personel olmayacak bi\u00e7imde)<\/li>\n\n\n\n<li>Ba\u015fvurdu\u011fu e\u011fitimin varsa, bir \u00f6nceki e\u011fitimine Linux Yaz Kamp\u0131\u2019nda kat\u0131lanlar (\u00f6r: GNU\/Linux Sistem Y\u00f6netimi \u2013 2 i\u00e7in GNU\/Linux Sistem Y\u00f6netimi \u2013 1\u2019e kat\u0131lm\u0131\u015f olmak).<\/li>\n\n\n\n<li>GNU\/Linux ve \u00f6zg\u00fcr yaz\u0131l\u0131m alan\u0131ndan \u00e7al\u0131\u015fan kurumlar\u0131n personelleri ya da stajyerleri<\/li>\n\n\n\n<li>\u00dcniversite\/kamu kurumu stajyerleri<\/li>\n\n\n\n<li>Her \u00fcniversiteden her kursa 1\u2019er \u00f6\u011frenci (genellikle yak\u0131n bir dalda e\u011fitim g\u00f6ren tercih ediliyor bu noktada)<\/li>\n\n\n\n<li>Rastgele \/ kura y\u00f6ntemi ile.<\/li>\n<\/ol>\n\n\n\n<p>Kampa ba\u015fvuran herkesi kabul etmek istememizle beraber, elimizdeki e\u011fitmenlerin say\u0131s\u0131, ay\u0131rabildikleri s\u00fcre ve olanaklar \u00e7er\u00e7evesinde herkese e\u011fitim vermemiz m\u00fcmk\u00fcn de\u011fil. E\u011fitim s\u0131n\u0131flar\u0131n\u0131 \u00e7ok kalabal\u0131k yapmam\u0131z durumunda da, e\u011fitim kalitesi olduk\u00e7a d\u00fc\u015fecektir. O nedenle belirli bir kontenjan ile s\u0131n\u0131rlamak ve geri kalanlar\u0131 geri \u00e7evirmek zorunda kal\u0131yoruz.<\/p>\n","protected":false},"excerpt":{"rendered":"<p>Ba\u015fvuran ki\u015fi LKD\u2019nin daha \u00f6nce yapt\u0131\u011f\u0131 kontenjanl\u0131 etkinliklere ba\u015fvurusunu kabul edildikten sonra iptal etmi\u015f, etkinli\u011fi yar\u0131m b\u0131rakm\u0131\u015f ve benzeri etkinlik kurallar\u0131na ayk\u0131r\u0131 hareket ettiyse ba\u015fvurusunun de\u011ferlendirilmesi s\u0131ras\u0131nda bu durum g\u00f6z \u00f6n\u00fcne al\u0131n\u0131yor. Ki\u015filerin (varsa) ba\u015fvurdu\u011fu e\u011fitim i\u00e7in aran\u0131lan \u00f6zelliklere sahip olup olmad\u0131\u011f\u0131 inceleniyor ve beklenen \u00f6zelliklere daha \u00e7ok uyan ki\u015filere \u00f6ncelik veriliyor. Beklenen \u00f6zellikleri e\u015fit [&hellip;]<\/p>\n","protected":false},"author":1,"featured_media":0,"parent":14,"menu_order":0,"comment_status":"closed","ping_status":"closed","template":"","meta":{"footnotes":""},"class_list":["post-542","page","type-page","status-publish","hentry"],"jetpack_sharing_enabled":true,"_links":{"self":[{"href":"https:\/\/kamp.linux.org.tr\/2023-kis\/wp-json\/wp\/v2\/pages\/542","targetHints":{"allow":["GET"]}}],"collection":[{"href":"https:\/\/kamp.linux.org.tr\/2023-kis\/wp-json\/wp\/v2\/pages"}],"about":[{"href":"https:\/\/kamp.linux.org.tr\/2023-kis\/wp-json\/wp\/v2\/types\/page"}],"author":[{"embeddable":true,"href":"https:\/\/kamp.linux.org.tr\/2023-kis\/wp-json\/wp\/v2\/users\/1"}],"replies":[{"embeddable":true,"href":"https:\/\/kamp.linux.org.tr\/2023-kis\/wp-json\/wp\/v2\/comments?post=542"}],"version-history":[{"count":3,"href":"https:\/\/kamp.linux.org.tr\/2023-kis\/wp-json\/wp\/v2\/pages\/542\/revisions"}],"predecessor-version":[{"id":545,"href":"https:\/\/kamp.linux.org.tr\/2023-kis\/wp-json\/wp\/v2\/pages\/542\/revisions\/545"}],"up":[{"embeddable":true,"href":"https:\/\/kamp.linux.org.tr\/2023-kis\/wp-json\/wp\/v2\/pages\/14"}],"wp:attachment":[{"href":"https:\/\/kamp.linux.org.tr\/2023-kis\/wp-json\/wp\/v2\/media?parent=542"}],"curies":[{"name":"wp","href":"https:\/\/api.w.org\/{rel}","templated":true}]}}