{"id":597,"date":"2023-01-20T09:54:50","date_gmt":"2023-01-20T06:54:50","guid":{"rendered":"https:\/\/kamp.linux.org.tr\/2023-kis\/?page_id=597"},"modified":"2023-01-20T11:17:35","modified_gmt":"2023-01-20T08:17:35","slug":"nuri-akman","status":"publish","type":"page","link":"https:\/\/kamp.linux.org.tr\/2023-kis\/egitmenler\/nuri-akman\/","title":{"rendered":"Nuri Akman"},"content":{"rendered":"\n<p>Verdi\u011fi E\u011fitim: <a rel=\"noreferrer noopener\" href=\"https:\/\/kamp.linux.org.tr\/2023-kis\/kurslar\/php-ile-web-programlamaya-giris\/\" target=\"_blank\">PHP ile Web Programlamaya Giri\u015f<\/a><\/p>\n\n\n\n<p>\u00c7al\u0131\u015ft\u0131\u011f\u0131 Kurum: Hazine Maliye Bakanl\u0131\u011f\u0131<\/p>\n\n\n\n<div class=\"wp-block-columns is-layout-flex wp-container-core-columns-is-layout-9d6595d7 wp-block-columns-is-layout-flex\">\n<div class=\"wp-block-column is-layout-flow wp-block-column-is-layout-flow\">\n<figure class=\"wp-block-image size-full\"><img loading=\"lazy\" decoding=\"async\" width=\"301\" height=\"301\" src=\"https:\/\/kamp.linux.org.tr\/2023-kis\/wp-content\/uploads\/sites\/3\/2023\/01\/hazine_maliye_bakanligi_logo.png\" alt=\"\" class=\"wp-image-598\" srcset=\"https:\/\/kamp.linux.org.tr\/2023-kis\/wp-content\/uploads\/sites\/3\/2023\/01\/hazine_maliye_bakanligi_logo.png 301w, https:\/\/kamp.linux.org.tr\/2023-kis\/wp-content\/uploads\/sites\/3\/2023\/01\/hazine_maliye_bakanligi_logo-150x150.png 150w\" sizes=\"auto, (max-width: 301px) 100vw, 301px\" \/><\/figure>\n<\/div>\n\n\n\n<div class=\"wp-block-column is-layout-flow wp-block-column-is-layout-flow\"><\/div>\n\n\n\n<div class=\"wp-block-column is-layout-flow wp-block-column-is-layout-flow\"><\/div>\n<\/div>\n","protected":false},"excerpt":{"rendered":"<p>Verdi\u011fi E\u011fitim: PHP ile Web Programlamaya Giri\u015f \u00c7al\u0131\u015ft\u0131\u011f\u0131 Kurum: Hazine Maliye Bakanl\u0131\u011f\u0131<\/p>\n","protected":false},"author":1,"featured_media":0,"parent":12,"menu_order":0,"comment_status":"closed","ping_status":"closed","template":"","meta":{"footnotes":""},"class_list":["post-597","page","type-page","status-publish","hentry"],"jetpack_sharing_enabled":true,"_links":{"self":[{"href":"https:\/\/kamp.linux.org.tr\/2023-kis\/wp-json\/wp\/v2\/pages\/597","targetHints":{"allow":["GET"]}}],"collection":[{"href":"https:\/\/kamp.linux.org.tr\/2023-kis\/wp-json\/wp\/v2\/pages"}],"about":[{"href":"https:\/\/kamp.linux.org.tr\/2023-kis\/wp-json\/wp\/v2\/types\/page"}],"author":[{"embeddable":true,"href":"https:\/\/kamp.linux.org.tr\/2023-kis\/wp-json\/wp\/v2\/users\/1"}],"replies":[{"embeddable":true,"href":"https:\/\/kamp.linux.org.tr\/2023-kis\/wp-json\/wp\/v2\/comments?post=597"}],"version-history":[{"count":3,"href":"https:\/\/kamp.linux.org.tr\/2023-kis\/wp-json\/wp\/v2\/pages\/597\/revisions"}],"predecessor-version":[{"id":717,"href":"https:\/\/kamp.linux.org.tr\/2023-kis\/wp-json\/wp\/v2\/pages\/597\/revisions\/717"}],"up":[{"embeddable":true,"href":"https:\/\/kamp.linux.org.tr\/2023-kis\/wp-json\/wp\/v2\/pages\/12"}],"wp:attachment":[{"href":"https:\/\/kamp.linux.org.tr\/2023-kis\/wp-json\/wp\/v2\/media?parent=597"}],"curies":[{"name":"wp","href":"https:\/\/api.w.org\/{rel}","templated":true}]}}