{"id":608,"date":"2023-01-20T10:03:16","date_gmt":"2023-01-20T07:03:16","guid":{"rendered":"https:\/\/kamp.linux.org.tr\/2023-kis\/?page_id=608"},"modified":"2023-01-28T14:56:19","modified_gmt":"2023-01-28T11:56:19","slug":"ali-sezisli","status":"publish","type":"page","link":"https:\/\/kamp.linux.org.tr\/2023-kis\/egitmenler\/ali-sezisli\/","title":{"rendered":"Ali Sezi\u015fli"},"content":{"rendered":"\n<p>Verdi\u011fi E\u011fitim: <a rel=\"noreferrer noopener\" href=\"https:\/\/kamp.linux.org.tr\/2023-kis\/kurslar\/gnu-linux-sistem-yonetimi-0-5\/\" target=\"_blank\">GNU\/Linux: Sistem Y\u00f6netimi 0.5<\/a><\/p>\n\n\n\n<p>\u00c7al\u0131\u015ft\u0131\u011f\u0131 Kurum: Payten Teknoloji A.\u015e.<\/p>\n\n\n\n<div class=\"wp-block-columns is-layout-flex wp-container-core-columns-is-layout-9d6595d7 wp-block-columns-is-layout-flex\">\n<div class=\"wp-block-column is-layout-flow wp-block-column-is-layout-flow\">\n<figure class=\"wp-block-image size-large\"><img loading=\"lazy\" decoding=\"async\" width=\"1024\" height=\"292\" src=\"https:\/\/kamp.linux.org.tr\/2023-kis\/wp-content\/uploads\/sites\/3\/2023\/01\/payten-1024x292.png\" alt=\"\" class=\"wp-image-721\" srcset=\"https:\/\/kamp.linux.org.tr\/2023-kis\/wp-content\/uploads\/sites\/3\/2023\/01\/payten-1024x292.png 1024w, https:\/\/kamp.linux.org.tr\/2023-kis\/wp-content\/uploads\/sites\/3\/2023\/01\/payten-300x86.png 300w, https:\/\/kamp.linux.org.tr\/2023-kis\/wp-content\/uploads\/sites\/3\/2023\/01\/payten-768x219.png 768w, https:\/\/kamp.linux.org.tr\/2023-kis\/wp-content\/uploads\/sites\/3\/2023\/01\/payten-1536x438.png 1536w, https:\/\/kamp.linux.org.tr\/2023-kis\/wp-content\/uploads\/sites\/3\/2023\/01\/payten-2048x584.png 2048w\" sizes=\"auto, (max-width: 1024px) 100vw, 1024px\" \/><\/figure>\n<\/div>\n\n\n\n<div class=\"wp-block-column is-layout-flow wp-block-column-is-layout-flow\"><\/div>\n\n\n\n<div class=\"wp-block-column is-layout-flow wp-block-column-is-layout-flow\"><\/div>\n<\/div>\n","protected":false},"excerpt":{"rendered":"<p>Verdi\u011fi E\u011fitim: GNU\/Linux: Sistem Y\u00f6netimi 0.5 \u00c7al\u0131\u015ft\u0131\u011f\u0131 Kurum: Payten Teknoloji A.\u015e.<\/p>\n","protected":false},"author":1,"featured_media":0,"parent":12,"menu_order":0,"comment_status":"closed","ping_status":"closed","template":"","meta":{"footnotes":""},"class_list":["post-608","page","type-page","status-publish","hentry"],"jetpack_sharing_enabled":true,"_links":{"self":[{"href":"https:\/\/kamp.linux.org.tr\/2023-kis\/wp-json\/wp\/v2\/pages\/608","targetHints":{"allow":["GET"]}}],"collection":[{"href":"https:\/\/kamp.linux.org.tr\/2023-kis\/wp-json\/wp\/v2\/pages"}],"about":[{"href":"https:\/\/kamp.linux.org.tr\/2023-kis\/wp-json\/wp\/v2\/types\/page"}],"author":[{"embeddable":true,"href":"https:\/\/kamp.linux.org.tr\/2023-kis\/wp-json\/wp\/v2\/users\/1"}],"replies":[{"embeddable":true,"href":"https:\/\/kamp.linux.org.tr\/2023-kis\/wp-json\/wp\/v2\/comments?post=608"}],"version-history":[{"count":5,"href":"https:\/\/kamp.linux.org.tr\/2023-kis\/wp-json\/wp\/v2\/pages\/608\/revisions"}],"predecessor-version":[{"id":736,"href":"https:\/\/kamp.linux.org.tr\/2023-kis\/wp-json\/wp\/v2\/pages\/608\/revisions\/736"}],"up":[{"embeddable":true,"href":"https:\/\/kamp.linux.org.tr\/2023-kis\/wp-json\/wp\/v2\/pages\/12"}],"wp:attachment":[{"href":"https:\/\/kamp.linux.org.tr\/2023-kis\/wp-json\/wp\/v2\/media?parent=608"}],"curies":[{"name":"wp","href":"https:\/\/api.w.org\/{rel}","templated":true}]}}