{"id":615,"date":"2023-01-20T10:06:26","date_gmt":"2023-01-20T07:06:26","guid":{"rendered":"https:\/\/kamp.linux.org.tr\/2023-kis\/?page_id=615"},"modified":"2023-01-20T10:06:26","modified_gmt":"2023-01-20T07:06:26","slug":"oben-battal","status":"publish","type":"page","link":"https:\/\/kamp.linux.org.tr\/2023-kis\/egitmenler\/oben-battal\/","title":{"rendered":"Oben Battal"},"content":{"rendered":"\n<p>Verdi\u011fi E\u011fitim: <a rel=\"noreferrer noopener\" href=\"https:\/\/kamp.linux.org.tr\/2023-kis\/kurslar\/ag-yoneticiligine-giris\/\" target=\"_blank\">A\u011f Y\u00f6neticili\u011fine Giri\u015f<\/a><\/p>\n","protected":false},"excerpt":{"rendered":"<p>Verdi\u011fi E\u011fitim: A\u011f Y\u00f6neticili\u011fine Giri\u015f<\/p>\n","protected":false},"author":1,"featured_media":0,"parent":12,"menu_order":0,"comment_status":"closed","ping_status":"closed","template":"","meta":{"footnotes":""},"class_list":["post-615","page","type-page","status-publish","hentry"],"jetpack_sharing_enabled":true,"_links":{"self":[{"href":"https:\/\/kamp.linux.org.tr\/2023-kis\/wp-json\/wp\/v2\/pages\/615","targetHints":{"allow":["GET"]}}],"collection":[{"href":"https:\/\/kamp.linux.org.tr\/2023-kis\/wp-json\/wp\/v2\/pages"}],"about":[{"href":"https:\/\/kamp.linux.org.tr\/2023-kis\/wp-json\/wp\/v2\/types\/page"}],"author":[{"embeddable":true,"href":"https:\/\/kamp.linux.org.tr\/2023-kis\/wp-json\/wp\/v2\/users\/1"}],"replies":[{"embeddable":true,"href":"https:\/\/kamp.linux.org.tr\/2023-kis\/wp-json\/wp\/v2\/comments?post=615"}],"version-history":[{"count":1,"href":"https:\/\/kamp.linux.org.tr\/2023-kis\/wp-json\/wp\/v2\/pages\/615\/revisions"}],"predecessor-version":[{"id":616,"href":"https:\/\/kamp.linux.org.tr\/2023-kis\/wp-json\/wp\/v2\/pages\/615\/revisions\/616"}],"up":[{"embeddable":true,"href":"https:\/\/kamp.linux.org.tr\/2023-kis\/wp-json\/wp\/v2\/pages\/12"}],"wp:attachment":[{"href":"https:\/\/kamp.linux.org.tr\/2023-kis\/wp-json\/wp\/v2\/media?parent=615"}],"curies":[{"name":"wp","href":"https:\/\/api.w.org\/{rel}","templated":true}]}}