{"id":657,"date":"2023-01-20T10:29:31","date_gmt":"2023-01-20T07:29:31","guid":{"rendered":"https:\/\/kamp.linux.org.tr\/2023-kis\/?page_id=657"},"modified":"2023-01-20T10:29:31","modified_gmt":"2023-01-20T07:29:31","slug":"elif-ozge-ozdamar","status":"publish","type":"page","link":"https:\/\/kamp.linux.org.tr\/2023-kis\/egitmenler\/elif-ozge-ozdamar\/","title":{"rendered":"Elif \u00d6zge \u00d6zdamar"},"content":{"rendered":"\n<p>Verdi\u011fi E\u011fitim: <a rel=\"noreferrer noopener\" href=\"https:\/\/kamp.linux.org.tr\/2023-kis\/kurslar\/r-ile-veri-madenciligi\/\" target=\"_blank\">R ile Veri madencili\u011fi<\/a><\/p>\n","protected":false},"excerpt":{"rendered":"<p>Verdi\u011fi E\u011fitim: R ile Veri madencili\u011fi<\/p>\n","protected":false},"author":1,"featured_media":0,"parent":12,"menu_order":0,"comment_status":"closed","ping_status":"closed","template":"","meta":{"footnotes":""},"class_list":["post-657","page","type-page","status-publish","hentry"],"jetpack_sharing_enabled":true,"_links":{"self":[{"href":"https:\/\/kamp.linux.org.tr\/2023-kis\/wp-json\/wp\/v2\/pages\/657","targetHints":{"allow":["GET"]}}],"collection":[{"href":"https:\/\/kamp.linux.org.tr\/2023-kis\/wp-json\/wp\/v2\/pages"}],"about":[{"href":"https:\/\/kamp.linux.org.tr\/2023-kis\/wp-json\/wp\/v2\/types\/page"}],"author":[{"embeddable":true,"href":"https:\/\/kamp.linux.org.tr\/2023-kis\/wp-json\/wp\/v2\/users\/1"}],"replies":[{"embeddable":true,"href":"https:\/\/kamp.linux.org.tr\/2023-kis\/wp-json\/wp\/v2\/comments?post=657"}],"version-history":[{"count":1,"href":"https:\/\/kamp.linux.org.tr\/2023-kis\/wp-json\/wp\/v2\/pages\/657\/revisions"}],"predecessor-version":[{"id":659,"href":"https:\/\/kamp.linux.org.tr\/2023-kis\/wp-json\/wp\/v2\/pages\/657\/revisions\/659"}],"up":[{"embeddable":true,"href":"https:\/\/kamp.linux.org.tr\/2023-kis\/wp-json\/wp\/v2\/pages\/12"}],"wp:attachment":[{"href":"https:\/\/kamp.linux.org.tr\/2023-kis\/wp-json\/wp\/v2\/media?parent=657"}],"curies":[{"name":"wp","href":"https:\/\/api.w.org\/{rel}","templated":true}]}}