{"id":677,"date":"2023-01-20T10:38:34","date_gmt":"2023-01-20T07:38:34","guid":{"rendered":"https:\/\/kamp.linux.org.tr\/2023-kis\/?page_id=677"},"modified":"2023-01-20T10:38:34","modified_gmt":"2023-01-20T07:38:34","slug":"canberk-koc","status":"publish","type":"page","link":"https:\/\/kamp.linux.org.tr\/2023-kis\/egitmenler\/canberk-koc\/","title":{"rendered":"Canberk Ko\u00e7"},"content":{"rendered":"\n<p>Verdi\u011fi E\u011fitim: <a rel=\"noreferrer noopener\" href=\"https:\/\/kamp.linux.org.tr\/2023-kis\/kurslar\/kubernetes-nedir-yenir-mi-icilir-mi\/\" target=\"_blank\">Kubernetes nedir yenir mi i\u00e7ilir mi?<\/a><\/p>\n","protected":false},"excerpt":{"rendered":"<p>Verdi\u011fi E\u011fitim: Kubernetes nedir yenir mi i\u00e7ilir mi?<\/p>\n","protected":false},"author":1,"featured_media":0,"parent":12,"menu_order":0,"comment_status":"closed","ping_status":"closed","template":"","meta":{"footnotes":""},"class_list":["post-677","page","type-page","status-publish","hentry"],"jetpack_sharing_enabled":true,"_links":{"self":[{"href":"https:\/\/kamp.linux.org.tr\/2023-kis\/wp-json\/wp\/v2\/pages\/677","targetHints":{"allow":["GET"]}}],"collection":[{"href":"https:\/\/kamp.linux.org.tr\/2023-kis\/wp-json\/wp\/v2\/pages"}],"about":[{"href":"https:\/\/kamp.linux.org.tr\/2023-kis\/wp-json\/wp\/v2\/types\/page"}],"author":[{"embeddable":true,"href":"https:\/\/kamp.linux.org.tr\/2023-kis\/wp-json\/wp\/v2\/users\/1"}],"replies":[{"embeddable":true,"href":"https:\/\/kamp.linux.org.tr\/2023-kis\/wp-json\/wp\/v2\/comments?post=677"}],"version-history":[{"count":1,"href":"https:\/\/kamp.linux.org.tr\/2023-kis\/wp-json\/wp\/v2\/pages\/677\/revisions"}],"predecessor-version":[{"id":679,"href":"https:\/\/kamp.linux.org.tr\/2023-kis\/wp-json\/wp\/v2\/pages\/677\/revisions\/679"}],"up":[{"embeddable":true,"href":"https:\/\/kamp.linux.org.tr\/2023-kis\/wp-json\/wp\/v2\/pages\/12"}],"wp:attachment":[{"href":"https:\/\/kamp.linux.org.tr\/2023-kis\/wp-json\/wp\/v2\/media?parent=677"}],"curies":[{"name":"wp","href":"https:\/\/api.w.org\/{rel}","templated":true}]}}