{"id":690,"date":"2023-01-20T10:45:08","date_gmt":"2023-01-20T07:45:08","guid":{"rendered":"https:\/\/kamp.linux.org.tr\/2023-kis\/?page_id=690"},"modified":"2023-01-20T10:45:08","modified_gmt":"2023-01-20T07:45:08","slug":"sahap-asci","status":"publish","type":"page","link":"https:\/\/kamp.linux.org.tr\/2023-kis\/egitmenler\/sahap-asci\/","title":{"rendered":"\u015eahap A\u015f\u00e7\u0131"},"content":{"rendered":"\n<p>Verdi\u011fi E\u011fitim: <a rel=\"noreferrer noopener\" href=\"https:\/\/kamp.linux.org.tr\/2023-kis\/kurslar\/postgresql-101\/\" target=\"_blank\">PostgreSQL 101<\/a><\/p>\n","protected":false},"excerpt":{"rendered":"<p>Verdi\u011fi E\u011fitim: PostgreSQL 101<\/p>\n","protected":false},"author":1,"featured_media":0,"parent":12,"menu_order":0,"comment_status":"closed","ping_status":"closed","template":"","meta":{"footnotes":""},"class_list":["post-690","page","type-page","status-publish","hentry"],"jetpack_sharing_enabled":true,"_links":{"self":[{"href":"https:\/\/kamp.linux.org.tr\/2023-kis\/wp-json\/wp\/v2\/pages\/690","targetHints":{"allow":["GET"]}}],"collection":[{"href":"https:\/\/kamp.linux.org.tr\/2023-kis\/wp-json\/wp\/v2\/pages"}],"about":[{"href":"https:\/\/kamp.linux.org.tr\/2023-kis\/wp-json\/wp\/v2\/types\/page"}],"author":[{"embeddable":true,"href":"https:\/\/kamp.linux.org.tr\/2023-kis\/wp-json\/wp\/v2\/users\/1"}],"replies":[{"embeddable":true,"href":"https:\/\/kamp.linux.org.tr\/2023-kis\/wp-json\/wp\/v2\/comments?post=690"}],"version-history":[{"count":1,"href":"https:\/\/kamp.linux.org.tr\/2023-kis\/wp-json\/wp\/v2\/pages\/690\/revisions"}],"predecessor-version":[{"id":692,"href":"https:\/\/kamp.linux.org.tr\/2023-kis\/wp-json\/wp\/v2\/pages\/690\/revisions\/692"}],"up":[{"embeddable":true,"href":"https:\/\/kamp.linux.org.tr\/2023-kis\/wp-json\/wp\/v2\/pages\/12"}],"wp:attachment":[{"href":"https:\/\/kamp.linux.org.tr\/2023-kis\/wp-json\/wp\/v2\/media?parent=690"}],"curies":[{"name":"wp","href":"https:\/\/api.w.org\/{rel}","templated":true}]}}