{"id":11,"date":"2022-07-06T12:57:00","date_gmt":"2022-07-06T12:57:00","guid":{"rendered":"https:\/\/kamp.linux.org.tr\/2022\/?page_id=8"},"modified":"2023-07-31T11:15:35","modified_gmt":"2023-07-31T08:15:35","slug":"kurslar","status":"publish","type":"page","link":"https:\/\/kamp.linux.org.tr\/2023-yaz\/kurslar\/","title":{"rendered":"Kurslar"},"content":{"rendered":"\n<div class=\"wp-block-group\"><div class=\"wp-block-group__inner-container is-layout-flow wp-block-group-is-layout-flow\">\n<p><\/p>\n\n\n\n<p>Bu seneki kampta paralel s\u0131n\u0131flarda verilecek kurslar belirlendik\u00e7e, kurslar\u0131n bilgilerine a\u015fa\u011f\u0131daki listeden ula\u015fabilirsiniz.<\/p>\n<\/div><\/div>\n\n\n\n<p>Ba\u015fvurmay\u0131 planlad\u0131\u011f\u0131n\u0131z kursun web sayfas\u0131ndaki detay program\u0131, anlat\u0131lanlar\u0131, kat\u0131l\u0131mc\u0131lardan beklenenleri mutlaka inceleyiniz.<\/p>\n\n\n\n<p>E\u011fer hen\u00fcz okumad\u0131ysan\u0131z&nbsp;<a href=\"https:\/\/kamp.linux.org.tr\/2023-yaz\/sikca-sorulan-sorular\/\">S\u0131k\u00e7a Sorulan Sorular<\/a>&nbsp;sayfas\u0131n\u0131 da dikkatlice okuyunuz.<\/p>\n\n\n\n<p><a rel=\"noreferrer noopener\" href=\"https:\/\/kayit.linux.org.tr\/\" target=\"_blank\">Kurslara kay\u0131t olmak i\u00e7in t\u0131klay\u0131n<\/a><\/p>\n\n\n\n<p><strong>Kurs listemiz<\/strong><\/p>\n\n\n\n<ul class=\"wp-block-list\">\n<li><a href=\"https:\/\/kamp.linux.org.tr\/2023-yaz\/kurslar\/gnu-linux-sistem-yonetimi-1-duzey\/\">GNU\/Linux Sistem Y\u00f6netimi 1. D\u00fczey<\/a><\/li>\n\n\n\n<li><a href=\"https:\/\/kamp.linux.org.tr\/2023-yaz\/kurslar\/golang-101-egitimi\/\">Golang 101 E\u011fitimi<\/a><\/li>\n\n\n\n<li><a href=\"https:\/\/kamp.linux.org.tr\/2023-yaz\/kurslar\/blockchain-101\/\">Blockchain 101<\/a><\/li>\n\n\n\n<li><a href=\"https:\/\/kamp.linux.org.tr\/2023-yaz\/kurslar\/linux-on-arm-rpi4-playground\/\">Linux on Arm<\/a><\/li>\n\n\n\n<li><a href=\"https:\/\/kamp.linux.org.tr\/2023-yaz\/kurslar\/ag-yoneticiligine-giris\/\">A\u011f Y\u00f6netimine Giri\u015f<\/a><\/li>\n\n\n\n<li><a href=\"https:\/\/kamp.linux.org.tr\/2023-yaz\/kurslar\/r-ile-veri-gorsellestirme\/\">R ile Veri G\u00f6rselle\u015ftirme<\/a><\/li>\n\n\n\n<li><a href=\"https:\/\/kamp.linux.org.tr\/2023-yaz\/kurslar\/flutter-ile-uygulama-gelistirmeye-giris\/\">Flutter ile Uygulama Geli\u015ftirmeye Giri\u015f<\/a><\/li>\n\n\n\n<li><a href=\"https:\/\/kamp.linux.org.tr\/2023-yaz\/kurslar\/linux-on-arm\/python-qt-temel-programlama-ve-uygulama-gelistirme\/\">Python &amp; Qt: Temel Programlama ve Uygulama Geli\u015ftirme<\/a><\/li>\n\n\n\n<li><a href=\"https:\/\/kamp.linux.org.tr\/2023-yaz\/kurslar\/laravel-ile-full-stack-development\/\">Laravel ile Full-Stack Development<\/a><\/li>\n\n\n\n<li><a href=\"https:\/\/kamp.linux.org.tr\/2023-yaz\/kurslar\/php-ile-web-programlamaya-giris\/\">PHP ile Web Programlamaya Giri\u015f<\/a><\/li>\n\n\n\n<li><a href=\"https:\/\/kamp.linux.org.tr\/2023-yaz\/kurslar\/veri-bilimine-giris-ve-python-programlama\/\">Veri Bilimine Giri\u015f ve Python Programlama<\/a><\/li>\n\n\n\n<li><a href=\"https:\/\/kamp.linux.org.tr\/2023-yaz\/kurslar\/ozgur-yazilimlarla-pratik-harita-yapimi-openstreetmap\/\">\u00d6zg\u00fcr Yaz\u0131l\u0131mlarla Pratik Harita Yap\u0131m\u0131 (OpenStreetMap)<\/a><\/li>\n<\/ul>\n","protected":false},"excerpt":{"rendered":"<p>Bu seneki kampta paralel s\u0131n\u0131flarda verilecek kurslar belirlendik\u00e7e, kurslar\u0131n bilgilerine a\u015fa\u011f\u0131daki listeden ula\u015fabilirsiniz. Ba\u015fvurmay\u0131 planlad\u0131\u011f\u0131n\u0131z kursun web sayfas\u0131ndaki detay program\u0131, anlat\u0131lanlar\u0131, kat\u0131l\u0131mc\u0131lardan beklenenleri mutlaka inceleyiniz. E\u011fer hen\u00fcz okumad\u0131ysan\u0131z&nbsp;S\u0131k\u00e7a Sorulan Sorular&nbsp;sayfas\u0131n\u0131 da dikkatlice okuyunuz. Kurslara kay\u0131t olmak i\u00e7in t\u0131klay\u0131n Kurs listemiz<\/p>\n","protected":false},"author":1,"featured_media":0,"parent":0,"menu_order":0,"comment_status":"closed","ping_status":"closed","template":"","meta":{"footnotes":""},"class_list":["post-11","page","type-page","status-publish","hentry"],"jetpack_sharing_enabled":true,"_links":{"self":[{"href":"https:\/\/kamp.linux.org.tr\/2023-yaz\/wp-json\/wp\/v2\/pages\/11","targetHints":{"allow":["GET"]}}],"collection":[{"href":"https:\/\/kamp.linux.org.tr\/2023-yaz\/wp-json\/wp\/v2\/pages"}],"about":[{"href":"https:\/\/kamp.linux.org.tr\/2023-yaz\/wp-json\/wp\/v2\/types\/page"}],"author":[{"embeddable":true,"href":"https:\/\/kamp.linux.org.tr\/2023-yaz\/wp-json\/wp\/v2\/users\/1"}],"replies":[{"embeddable":true,"href":"https:\/\/kamp.linux.org.tr\/2023-yaz\/wp-json\/wp\/v2\/comments?post=11"}],"version-history":[{"count":24,"href":"https:\/\/kamp.linux.org.tr\/2023-yaz\/wp-json\/wp\/v2\/pages\/11\/revisions"}],"predecessor-version":[{"id":432,"href":"https:\/\/kamp.linux.org.tr\/2023-yaz\/wp-json\/wp\/v2\/pages\/11\/revisions\/432"}],"wp:attachment":[{"href":"https:\/\/kamp.linux.org.tr\/2023-yaz\/wp-json\/wp\/v2\/media?parent=11"}],"curies":[{"name":"wp","href":"https:\/\/api.w.org\/{rel}","templated":true}]}}