{"id":12,"date":"2022-07-06T12:57:32","date_gmt":"2022-07-06T12:57:32","guid":{"rendered":"https:\/\/kamp.linux.org.tr\/2022\/?page_id=12"},"modified":"2023-08-20T23:47:38","modified_gmt":"2023-08-20T20:47:38","slug":"egitmenler","status":"publish","type":"page","link":"https:\/\/kamp.linux.org.tr\/2023-yaz\/egitmenler\/","title":{"rendered":"E\u011fitmenler"},"content":{"rendered":"\n<div class=\"wp-block-group\"><div class=\"wp-block-group__inner-container is-layout-constrained wp-block-group-is-layout-constrained\">\n<div class=\"wp-block-group\"><div class=\"wp-block-group__inner-container is-layout-constrained wp-block-group-is-layout-constrained\">\n<div class=\"wp-block-group\"><div class=\"wp-block-group__inner-container is-layout-constrained wp-block-group-is-layout-constrained\">\n<div class=\"wp-block-group\"><div class=\"wp-block-group__inner-container is-layout-constrained wp-block-group-is-layout-constrained\">\n<div class=\"wp-block-group\"><div class=\"wp-block-group__inner-container is-layout-constrained wp-block-group-is-layout-constrained\">\n<div class=\"wp-block-group\"><div class=\"wp-block-group__inner-container is-layout-constrained wp-block-group-is-layout-constrained\">\n<p><a href=\"https:\/\/kamp.linux.org.tr\/2023-yaz\/egitmenler\/ahmetcan-irdem\/\">Ahmetcan \u0130rdem<br><\/a><a href=\"https:\/\/kamp.linux.org.tr\/2023-yaz\/egitmenler\/alper-atmaca\/\">Alper Atmaca<br><\/a><a href=\"https:\/\/kamp.linux.org.tr\/2023-yaz\/egitmenler\/aydin-yakar\/\">Ayd\u0131n Yakar<br><\/a><a href=\"https:\/\/kamp.linux.org.tr\/2023-yaz\/egitmenler\/aykut-demirci\/\">Aykut Demirci<br><\/a><a href=\"https:\/\/kamp.linux.org.tr\/2023-yaz\/egitmenler\/bahadir-bakkaloglu\/\">Bahad\u0131r Bakkalo\u011flu<br><\/a><a href=\"https:\/\/kamp.linux.org.tr\/2023-yaz\/egitmenler\/berkay-guclu\/\">Berkay G\u00fc\u00e7l\u00fc<br><\/a><a href=\"https:\/\/kamp.linux.org.tr\/2023-yaz\/egitmenler\/burcin-sarigul\/\">Bur\u00e7in Sar\u0131g\u00fcl<\/a><br><a href=\"https:\/\/kamp.linux.org.tr\/2023-yaz\/egitmenler\/bulent-kablan\/\">B\u00fclent Kablan<br><\/a><a href=\"https:\/\/kamp.linux.org.tr\/2023-yaz\/egitmenler\/busra-keskin\/\">B\u00fc\u015fra Keskin<br><\/a><a href=\"https:\/\/kamp.linux.org.tr\/2023-yaz\/egitmenler\/doruk-fisek\/\">Doruk Fi\u015fek<br><\/a><a href=\"https:\/\/kamp.linux.org.tr\/2023-yaz\/egitmenler\/elif-ozge-ozdamar\/\">Elif \u00d6zge \u00d6zdamar<br><\/a><a href=\"https:\/\/kamp.linux.org.tr\/2023-yaz\/egitmenler\/engur-pisirici\/\">Eng\u00fcr Pi\u015firici<br><\/a><a href=\"https:\/\/kamp.linux.org.tr\/2023-yaz\/egitmenler\/eray-aydin\/\">Eray Ayd\u0131n<br><\/a><a href=\"https:\/\/kamp.linux.org.tr\/2023-yaz\/egitmenler\/erdinc-tasci\/\">Erdin\u00e7 Ta\u015f\u00e7\u0131<\/a><br><a href=\"https:\/\/kamp.linux.org.tr\/2023-yaz\/egitmenler\/erhan-akpinar\/\">Erhan Akp\u0131nar<br><\/a><a href=\"https:\/\/kamp.linux.org.tr\/2023-yaz\/egitmenler\/furkan-onder\/\">Furkan \u00d6nder<br><\/a><a href=\"https:\/\/kamp.linux.org.tr\/2023-yaz\/egitmenler\/furkan-sonkaya\/\">Furkan Sonkaya<\/a><br><a href=\"https:\/\/kamp.linux.org.tr\/2023-yaz\/egitmenler\/gizem-ece-cetin\/\">Gizem Ece \u00c7etin<\/a><br><a href=\"https:\/\/kamp.linux.org.tr\/2023-yaz\/egitmenler\/gonca-ozmen\/\">Gonca \u00d6zmen<br><\/a><a href=\"https:\/\/kamp.linux.org.tr\/2023-yaz\/egitmenler\/hazal-kaya\/\">Hazal Kaya<br><\/a><a href=\"https:\/\/kamp.linux.org.tr\/2023-yaz\/egitmenler\/metin-ozyildirim\/\">Metin \u00d6zy\u0131ld\u0131r\u0131m<br><\/a><a href=\"https:\/\/kamp.linux.org.tr\/2023-yaz\/muhammet-anil-yagiz\/\">Muhammed An\u0131<\/a><a href=\"https:\/\/kamp.linux.org.tr\/2023-yaz\/egitmenler\/muhammet-anil-yagiz\/\">l<\/a><a href=\"https:\/\/kamp.linux.org.tr\/2023-yaz\/muhammet-anil-yagiz\/\"> Ya\u011f\u0131z<\/a><br><a href=\"https:\/\/kamp.linux.org.tr\/2023-yaz\/egitmenler\/nikita-turkmen\/\">Nikita T\u00fcrkmen<br><\/a><a href=\"https:\/\/kamp.linux.org.tr\/2023-yaz\/egitmenler\/nuri-akman\/\">Nuri Akman<br><\/a><a href=\"https:\/\/kamp.linux.org.tr\/2023-yaz\/egitmenler\/oben-battal\/\">Oben Battal<\/a><br><a href=\"https:\/\/kamp.linux.org.tr\/2023-yaz\/egitmenler\/osman-kayi\/\" data-type=\"link\" data-id=\"https:\/\/kamp.linux.org.tr\/2023-yaz\/egitmenler\/osman-kayi\/\">Osman Kay\u0131<br><\/a><a href=\"https:\/\/kamp.linux.org.tr\/2023-yaz\/egitmenler\/ozcan-oguz\/\">\u00d6zcan O\u011fuz<\/a><br><a href=\"https:\/\/kamp.linux.org.tr\/2023-yaz\/egitmenler\/rahmi-hatipoglu\/\" data-type=\"link\" data-id=\"https:\/\/kamp.linux.org.tr\/2023-yaz\/egitmenler\/rahmi-hatipoglu\/\">Rahmi Hatipo\u011flu<\/a><a href=\"https:\/\/kamp.linux.org.tr\/2023-yaz\/egitmenler\/ozcan-oguz\/\"><br><\/a><a href=\"https:\/\/kamp.linux.org.tr\/2023-yaz\/egitmenler\/senol-aldibas\/\">\u015eenol Ald\u0131ba\u015f<br><\/a><a href=\"https:\/\/kamp.linux.org.tr\/2023-yaz\/egitmenler\/ugur-arici\/\">U\u011fur Ar\u0131c\u0131<br><\/a><a href=\"https:\/\/kamp.linux.org.tr\/2023-yaz\/egitmenler\/ugur-ozyilmazel\/\">U\u011fur \u00d6zy\u0131lmazel<br><\/a><a href=\"https:\/\/kamp.linux.org.tr\/2023-yaz\/egitmenler\/yasin-isa-yildirim\/\">Yasin \u0130sa Y\u0131ld\u0131r\u0131m<br><\/a><a href=\"https:\/\/kamp.linux.org.tr\/2023-yaz\/egitmenler\/yusuf-duzgun\/\">Yusuf D\u00fczg\u00fcn<\/a><\/p>\n<\/div><\/div>\n<\/div><\/div>\n<\/div><\/div>\n<\/div><\/div>\n<\/div><\/div>\n<\/div><\/div>\n\n\n\n<p><\/p>\n\n\n\n<p><\/p>\n","protected":false},"excerpt":{"rendered":"<p>Ahmetcan \u0130rdemAlper AtmacaAyd\u0131n YakarAykut DemirciBahad\u0131r Bakkalo\u011fluBerkay G\u00fc\u00e7l\u00fcBur\u00e7in Sar\u0131g\u00fclB\u00fclent KablanB\u00fc\u015fra KeskinDoruk Fi\u015fekElif \u00d6zge \u00d6zdamarEng\u00fcr Pi\u015firiciEray Ayd\u0131nErdin\u00e7 Ta\u015f\u00e7\u0131Erhan Akp\u0131narFurkan \u00d6nderFurkan SonkayaGizem Ece \u00c7etinGonca \u00d6zmenHazal KayaMetin \u00d6zy\u0131ld\u0131r\u0131mMuhammed An\u0131l Ya\u011f\u0131zNikita T\u00fcrkmenNuri AkmanOben BattalOsman Kay\u0131\u00d6zcan O\u011fuzRahmi Hatipo\u011flu\u015eenol Ald\u0131ba\u015fU\u011fur Ar\u0131c\u0131U\u011fur \u00d6zy\u0131lmazelYasin \u0130sa Y\u0131ld\u0131r\u0131mYusuf D\u00fczg\u00fcn<\/p>\n","protected":false},"author":2,"featured_media":0,"parent":0,"menu_order":0,"comment_status":"closed","ping_status":"closed","template":"","meta":{"footnotes":""},"class_list":["post-12","page","type-page","status-publish","hentry"],"jetpack_sharing_enabled":true,"_links":{"self":[{"href":"https:\/\/kamp.linux.org.tr\/2023-yaz\/wp-json\/wp\/v2\/pages\/12","targetHints":{"allow":["GET"]}}],"collection":[{"href":"https:\/\/kamp.linux.org.tr\/2023-yaz\/wp-json\/wp\/v2\/pages"}],"about":[{"href":"https:\/\/kamp.linux.org.tr\/2023-yaz\/wp-json\/wp\/v2\/types\/page"}],"author":[{"embeddable":true,"href":"https:\/\/kamp.linux.org.tr\/2023-yaz\/wp-json\/wp\/v2\/users\/2"}],"replies":[{"embeddable":true,"href":"https:\/\/kamp.linux.org.tr\/2023-yaz\/wp-json\/wp\/v2\/comments?post=12"}],"version-history":[{"count":44,"href":"https:\/\/kamp.linux.org.tr\/2023-yaz\/wp-json\/wp\/v2\/pages\/12\/revisions"}],"predecessor-version":[{"id":739,"href":"https:\/\/kamp.linux.org.tr\/2023-yaz\/wp-json\/wp\/v2\/pages\/12\/revisions\/739"}],"wp:attachment":[{"href":"https:\/\/kamp.linux.org.tr\/2023-yaz\/wp-json\/wp\/v2\/media?parent=12"}],"curies":[{"name":"wp","href":"https:\/\/api.w.org\/{rel}","templated":true}]}}