{"id":156,"date":"2022-07-27T13:01:33","date_gmt":"2022-07-27T13:01:33","guid":{"rendered":"https:\/\/kamp.linux.org.tr\/2022\/?page_id=156"},"modified":"2023-07-28T12:34:17","modified_gmt":"2023-07-28T09:34:17","slug":"program-kurulu","status":"publish","type":"page","link":"https:\/\/kamp.linux.org.tr\/2023-yaz\/program-kurulu\/","title":{"rendered":"Program Kurulu"},"content":{"rendered":"\n<p>Alfabetik olarak<\/p>\n\n\n\n<ul class=\"wp-block-list\">\n<li>Bora G\u00fcng\u00f6ren<\/li>\n\n\n\n<li>G\u00f6khan Boranalp (Kamp Komitesi Temsilcisi)<\/li>\n\n\n\n<li>G\u00f6khan Sakar (YK Temsilcisi)<\/li>\n\n\n\n<li>Murathan Bostanc\u0131<\/li>\n\n\n\n<li>Onur K\u00fc\u00e7\u00fck<\/li>\n\n\n\n<li>Oya G\u00fcnendi<\/li>\n\n\n\n<li>U\u011fur Ar\u0131c\u0131<\/li>\n<\/ul>\n","protected":false},"excerpt":{"rendered":"<p>Alfabetik olarak<\/p>\n","protected":false},"author":1,"featured_media":0,"parent":0,"menu_order":0,"comment_status":"closed","ping_status":"closed","template":"","meta":{"footnotes":""},"class_list":["post-156","page","type-page","status-publish","hentry"],"jetpack_sharing_enabled":true,"_links":{"self":[{"href":"https:\/\/kamp.linux.org.tr\/2023-yaz\/wp-json\/wp\/v2\/pages\/156","targetHints":{"allow":["GET"]}}],"collection":[{"href":"https:\/\/kamp.linux.org.tr\/2023-yaz\/wp-json\/wp\/v2\/pages"}],"about":[{"href":"https:\/\/kamp.linux.org.tr\/2023-yaz\/wp-json\/wp\/v2\/types\/page"}],"author":[{"embeddable":true,"href":"https:\/\/kamp.linux.org.tr\/2023-yaz\/wp-json\/wp\/v2\/users\/1"}],"replies":[{"embeddable":true,"href":"https:\/\/kamp.linux.org.tr\/2023-yaz\/wp-json\/wp\/v2\/comments?post=156"}],"version-history":[{"count":4,"href":"https:\/\/kamp.linux.org.tr\/2023-yaz\/wp-json\/wp\/v2\/pages\/156\/revisions"}],"predecessor-version":[{"id":376,"href":"https:\/\/kamp.linux.org.tr\/2023-yaz\/wp-json\/wp\/v2\/pages\/156\/revisions\/376"}],"wp:attachment":[{"href":"https:\/\/kamp.linux.org.tr\/2023-yaz\/wp-json\/wp\/v2\/media?parent=156"}],"curies":[{"name":"wp","href":"https:\/\/api.w.org\/{rel}","templated":true}]}}