{"id":16,"date":"2022-07-06T12:58:28","date_gmt":"2022-07-06T12:58:28","guid":{"rendered":"https:\/\/kamp.linux.org.tr\/2022\/?page_id=16"},"modified":"2023-08-23T16:05:39","modified_gmt":"2023-08-23T13:05:39","slug":"destekleyen-kurumlar","status":"publish","type":"page","link":"https:\/\/kamp.linux.org.tr\/2023-yaz\/destekleyen-kurumlar\/","title":{"rendered":"Destekleyen Kurumlar"},"content":{"rendered":"\n<div id=\"section-geced8f\" class=\"wp-block-gutentor-e2 section-geced8f gutentor-element gutentor-element-button button-align-center-desktop\"><span class=\"gutentor-button-wrap\"><a class=\"gutentor-button gutentor-block-button gutentor-icon-hide\" href=\"https:\/\/kamp.linux.org.tr\/2023-yaz\/wp-content\/uploads\/sites\/4\/2023\/08\/sponsor_dosyasi_compressed.pdf\"><i class=\"gutentor-button-icon fas fa-book\"><\/i><span>Sponsor olmak istiyorsan\u0131z sponsorluk dosyam\u0131z\u0131 inceleyebilirsiniz<\/span><\/a><\/span><\/div>\n\n\n\n<br><br>\n\n\n\n<p class=\"has-text-align-center has-large-font-size\"><strong>Organizasyon<\/strong><\/p>\n\n\n\n<br><br>\n\n\n\n<div class=\"wp-block-columns is-layout-flex wp-container-core-columns-is-layout-9d6595d7 wp-block-columns-is-layout-flex\">\n<div class=\"wp-block-column is-layout-flow wp-block-column-is-layout-flow\"><div class=\"wp-block-image\">\n<figure class=\"alignright size-full\"><img loading=\"lazy\" decoding=\"async\" width=\"300\" height=\"300\" src=\"https:\/\/kamp.linux.org.tr\/2023-yaz\/wp-content\/uploads\/sites\/4\/2023\/06\/tlkd.png\" alt=\"\" class=\"wp-image-335\" srcset=\"https:\/\/kamp.linux.org.tr\/2023-yaz\/wp-content\/uploads\/sites\/4\/2023\/06\/tlkd.png 300w, https:\/\/kamp.linux.org.tr\/2023-yaz\/wp-content\/uploads\/sites\/4\/2023\/06\/tlkd-150x150.png 150w\" sizes=\"auto, (max-width: 300px) 100vw, 300px\" \/><\/figure>\n<\/div><\/div>\n\n\n\n<div class=\"wp-block-column is-vertically-aligned-center is-layout-flow wp-block-column-is-layout-flow\"><div class=\"wp-block-image\">\n<figure class=\"alignleft size-full\"><img loading=\"lazy\" decoding=\"async\" width=\"300\" height=\"300\" src=\"https:\/\/kamp.linux.org.tr\/2023-yaz\/wp-content\/uploads\/sites\/4\/2023\/06\/aibu.png\" alt=\"\" class=\"wp-image-336\" srcset=\"https:\/\/kamp.linux.org.tr\/2023-yaz\/wp-content\/uploads\/sites\/4\/2023\/06\/aibu.png 300w, https:\/\/kamp.linux.org.tr\/2023-yaz\/wp-content\/uploads\/sites\/4\/2023\/06\/aibu-150x150.png 150w\" sizes=\"auto, (max-width: 300px) 100vw, 300px\" \/><\/figure>\n<\/div><\/div>\n<\/div>\n\n\n\n<br><br>\n\n\n\n<p class=\"has-text-align-center has-large-font-size\"><strong>Destekleyen Kurumlar<\/strong><\/p>\n\n\n\n<br><br>\n\n\n\n<div class=\"wp-block-columns is-layout-flex wp-container-core-columns-is-layout-9d6595d7 wp-block-columns-is-layout-flex\">\n<div class=\"wp-block-column is-layout-flow wp-block-column-is-layout-flow\"><\/div>\n\n\n\n<div class=\"wp-block-column is-layout-flow wp-block-column-is-layout-flow\">\n<figure class=\"wp-block-image size-full\"><a class=\"text-decoration-none border-bottom-none\" href=\"https:\/\/www.pardus.org.tr\" target=\"_blank\" rel=\"noreferrer noopener\"><img loading=\"lazy\" decoding=\"async\" width=\"330\" height=\"99\" src=\"https:\/\/kamp.linux.org.tr\/2023-yaz\/wp-content\/uploads\/sites\/4\/2023\/07\/pardus_yatay.png\" alt=\"\" class=\"wp-image-357\" srcset=\"https:\/\/kamp.linux.org.tr\/2023-yaz\/wp-content\/uploads\/sites\/4\/2023\/07\/pardus_yatay.png 330w, https:\/\/kamp.linux.org.tr\/2023-yaz\/wp-content\/uploads\/sites\/4\/2023\/07\/pardus_yatay-300x90.png 300w\" sizes=\"auto, (max-width: 330px) 100vw, 330px\" \/><\/a><\/figure>\n<\/div>\n\n\n\n<div class=\"wp-block-column is-layout-flow wp-block-column-is-layout-flow\"><\/div>\n<\/div>\n\n\n\n<br><br>\n\n\n\n<p class=\"has-text-align-center has-large-font-size\"><strong>Alt\u0131n Sponsor<\/strong><\/p>\n\n\n\n<br><br>\n\n\n\n<div class=\"wp-block-columns is-layout-flex wp-container-core-columns-is-layout-9d6595d7 wp-block-columns-is-layout-flex\">\n<div class=\"wp-block-column is-layout-flow wp-block-column-is-layout-flow\"><\/div>\n\n\n\n<div class=\"wp-block-column is-layout-flow wp-block-column-is-layout-flow\">\n<figure class=\"wp-block-image size-large\"><a class=\"text-decoration-none border-bottom-none\" href=\"https:\/\/www.casper.network\" target=\"_blank\" rel=\"noreferrer noopener\"><img loading=\"lazy\" decoding=\"async\" width=\"1024\" height=\"552\" src=\"https:\/\/kamp.linux.org.tr\/2023-yaz\/wp-content\/uploads\/sites\/4\/2023\/08\/casperlogotransparentbackground-1024x552.png\" alt=\"\" class=\"wp-image-702\" srcset=\"https:\/\/kamp.linux.org.tr\/2023-yaz\/wp-content\/uploads\/sites\/4\/2023\/08\/casperlogotransparentbackground-1024x552.png 1024w, https:\/\/kamp.linux.org.tr\/2023-yaz\/wp-content\/uploads\/sites\/4\/2023\/08\/casperlogotransparentbackground-300x162.png 300w, https:\/\/kamp.linux.org.tr\/2023-yaz\/wp-content\/uploads\/sites\/4\/2023\/08\/casperlogotransparentbackground-768x414.png 768w, https:\/\/kamp.linux.org.tr\/2023-yaz\/wp-content\/uploads\/sites\/4\/2023\/08\/casperlogotransparentbackground-1536x829.png 1536w, https:\/\/kamp.linux.org.tr\/2023-yaz\/wp-content\/uploads\/sites\/4\/2023\/08\/casperlogotransparentbackground-2048x1105.png 2048w\" sizes=\"auto, (max-width: 1024px) 100vw, 1024px\" \/><\/a><\/figure>\n<\/div>\n\n\n\n<div class=\"wp-block-column is-layout-flow wp-block-column-is-layout-flow\"><\/div>\n<\/div>\n\n\n\n<div class=\"wp-block-columns is-layout-flex wp-container-core-columns-is-layout-9d6595d7 wp-block-columns-is-layout-flex\">\n<div class=\"wp-block-column is-layout-flow wp-block-column-is-layout-flow\">\n<br\/><br\/>\n<\/div>\n<\/div>\n\n\n\n<p class=\"has-text-align-center has-large-font-size\"><strong>Birle\u015fik S\u0131n\u0131f Sponsorlar\u0131<\/strong><\/p>\n\n\n\n<br><br>\n\n\n\n<section id=\"gmcd14bac\" class=\"wp-block-gutentor-m2 section-gmcd14bac gutentor-module gutentor-dynamic-columns sponsor2\"><div class=\"grid-container\"><div class=\"grid-row\">\n<div id=\"col-gm6095b0\" class=\"wp-block-gutentor-m2-col col-gm6095b0 gutentor-module gutentor-dynamic-single-column grid-lg-6 grid-md-4 grid-12\"><div id=\"section-gm6095b0\" class=\"section-gm6095b0 gutentor-single-col\">\n<figure class=\"wp-block-image size-full\"><a class=\"text-decoration-none border-bottom-none\" href=\"https:\/\/www.mono.net.tr\" target=\"_blank\" rel=\"noreferrer noopener\"><img loading=\"lazy\" decoding=\"async\" width=\"3422\" height=\"678\" src=\"https:\/\/kamp.linux.org.tr\/2023-yaz\/wp-content\/uploads\/sites\/4\/2023\/08\/MonoLogo.png\" alt=\"\" class=\"wp-image-671\" srcset=\"https:\/\/kamp.linux.org.tr\/2023-yaz\/wp-content\/uploads\/sites\/4\/2023\/08\/MonoLogo.png 3422w, https:\/\/kamp.linux.org.tr\/2023-yaz\/wp-content\/uploads\/sites\/4\/2023\/08\/MonoLogo-300x59.png 300w, https:\/\/kamp.linux.org.tr\/2023-yaz\/wp-content\/uploads\/sites\/4\/2023\/08\/MonoLogo-1024x203.png 1024w, https:\/\/kamp.linux.org.tr\/2023-yaz\/wp-content\/uploads\/sites\/4\/2023\/08\/MonoLogo-768x152.png 768w, https:\/\/kamp.linux.org.tr\/2023-yaz\/wp-content\/uploads\/sites\/4\/2023\/08\/MonoLogo-1536x304.png 1536w, https:\/\/kamp.linux.org.tr\/2023-yaz\/wp-content\/uploads\/sites\/4\/2023\/08\/MonoLogo-2048x406.png 2048w\" sizes=\"auto, (max-width: 3422px) 100vw, 3422px\" \/><\/a><\/figure>\n<\/div><\/div>\n\n\n\n<div id=\"col-gm0ab584\" class=\"wp-block-gutentor-m2-col col-gm0ab584 gutentor-module gutentor-dynamic-single-column grid-lg-6 grid-md-4 grid-12\"><div id=\"section-gm0ab584\" class=\"section-gm0ab584 gutentor-single-col\">\n<figure class=\"wp-block-image size-full\"><a class=\"text-decoration-none border-bottom-none\" href=\"https:\/\/labrisnetworks.com\/\" target=\"_blank\" rel=\"noreferrer noopener\"><img loading=\"lazy\" decoding=\"async\" width=\"526\" height=\"186\" src=\"https:\/\/kamp.linux.org.tr\/2023-yaz\/wp-content\/uploads\/sites\/4\/2023\/08\/labris-logo.png\" alt=\"\" class=\"wp-image-692\" srcset=\"https:\/\/kamp.linux.org.tr\/2023-yaz\/wp-content\/uploads\/sites\/4\/2023\/08\/labris-logo.png 526w, https:\/\/kamp.linux.org.tr\/2023-yaz\/wp-content\/uploads\/sites\/4\/2023\/08\/labris-logo-300x106.png 300w\" sizes=\"auto, (max-width: 526px) 100vw, 526px\" \/><\/a><\/figure>\n<\/div><\/div>\n\n\n\n<div id=\"col-gm41f55d\" class=\"wp-block-gutentor-m2-col col-gm41f55d gutentor-module gutentor-dynamic-single-column grid-lg-6 grid-md-4 grid-12\"><div id=\"section-gm41f55d\" class=\"section-gm41f55d gutentor-single-col\">\n<figure class=\"wp-block-image size-full\"><a class=\"text-decoration-none border-bottom-none\" href=\"https:\/\/www.sekom.com.tr\/\" target=\"_blank\" rel=\"noreferrer noopener\"><img loading=\"lazy\" decoding=\"async\" width=\"629\" height=\"150\" src=\"https:\/\/kamp.linux.org.tr\/2023-yaz\/wp-content\/uploads\/sites\/4\/2023\/08\/sekom-logo.png\" alt=\"\" class=\"wp-image-697\" srcset=\"https:\/\/kamp.linux.org.tr\/2023-yaz\/wp-content\/uploads\/sites\/4\/2023\/08\/sekom-logo.png 629w, https:\/\/kamp.linux.org.tr\/2023-yaz\/wp-content\/uploads\/sites\/4\/2023\/08\/sekom-logo-300x72.png 300w\" sizes=\"auto, (max-width: 629px) 100vw, 629px\" \/><\/a><\/figure>\n<\/div><\/div>\n\n\n\n<div id=\"col-gm9132a3\" class=\"wp-block-gutentor-m2-col col-gm9132a3 gutentor-module gutentor-dynamic-single-column grid-lg-6 grid-md-4 grid-12\"><div id=\"section-gm9132a3\" class=\"section-gm9132a3 gutentor-single-col\">\n<figure class=\"wp-block-image size-medium\"><a class=\"text-decoration-none border-bottom-none\" href=\"https:\/\/sambabox.io\/\" target=\"_blank\" rel=\"noreferrer noopener\"><img loading=\"lazy\" decoding=\"async\" width=\"300\" height=\"60\" src=\"https:\/\/kamp.linux.org.tr\/2023-yaz\/wp-content\/uploads\/sites\/4\/2023\/08\/sambabox-300x60.png\" alt=\"\" class=\"wp-image-675\" srcset=\"https:\/\/kamp.linux.org.tr\/2023-yaz\/wp-content\/uploads\/sites\/4\/2023\/08\/sambabox-300x60.png 300w, https:\/\/kamp.linux.org.tr\/2023-yaz\/wp-content\/uploads\/sites\/4\/2023\/08\/sambabox-768x155.png 768w, https:\/\/kamp.linux.org.tr\/2023-yaz\/wp-content\/uploads\/sites\/4\/2023\/08\/sambabox.png 794w\" sizes=\"auto, (max-width: 300px) 100vw, 300px\" \/><\/a><\/figure>\n<\/div><\/div>\n<\/div><\/div><\/section>\n\n\n\n<br><br>\n\n\n\n<p class=\"has-text-align-center has-large-font-size\"><strong>Yaka Kart\u0131 Sponsorlar\u0131<\/strong><\/p>\n\n\n\n<br><br>\n\n\n\n<section id=\"gm49a00d4\" class=\"wp-block-gutentor-m2 section-gm49a00d4 gutentor-module gutentor-dynamic-columns sponsor2\"><div class=\"grid-container\"><div class=\"grid-row\">\n<div id=\"col-gm3d3690\" class=\"wp-block-gutentor-m2-col col-gm3d3690 gutentor-module gutentor-dynamic-single-column grid-lg-6 grid-md-4 grid-12\"><div id=\"section-gm3d3690\" class=\"section-gm3d3690 gutentor-single-col\">\n<figure class=\"wp-block-image size-large\"><a class=\"text-decoration-none border-bottom-none\" href=\"https:\/\/dokopol.com\/\" target=\"_blank\" rel=\"noreferrer noopener\"><img loading=\"lazy\" decoding=\"async\" width=\"1024\" height=\"275\" src=\"https:\/\/kamp.linux.org.tr\/2023-yaz\/wp-content\/uploads\/sites\/4\/2023\/07\/dokopol_orange-1024x275.png\" alt=\"\" class=\"wp-image-369\" srcset=\"https:\/\/kamp.linux.org.tr\/2023-yaz\/wp-content\/uploads\/sites\/4\/2023\/07\/dokopol_orange-1024x275.png 1024w, https:\/\/kamp.linux.org.tr\/2023-yaz\/wp-content\/uploads\/sites\/4\/2023\/07\/dokopol_orange-300x81.png 300w, https:\/\/kamp.linux.org.tr\/2023-yaz\/wp-content\/uploads\/sites\/4\/2023\/07\/dokopol_orange-768x206.png 768w, https:\/\/kamp.linux.org.tr\/2023-yaz\/wp-content\/uploads\/sites\/4\/2023\/07\/dokopol_orange-1536x412.png 1536w, https:\/\/kamp.linux.org.tr\/2023-yaz\/wp-content\/uploads\/sites\/4\/2023\/07\/dokopol_orange.png 2037w\" sizes=\"auto, (max-width: 1024px) 100vw, 1024px\" \/><\/a><\/figure>\n<\/div><\/div>\n\n\n\n<div id=\"col-gmbfef18\" class=\"wp-block-gutentor-m2-col col-gmbfef18 gutentor-module gutentor-dynamic-single-column grid-lg-6 grid-md-4 grid-12\"><div id=\"section-gmbfef18\" class=\"section-gmbfef18 gutentor-single-col\">\n<figure class=\"wp-block-image size-large\"><a class=\"text-decoration-none border-bottom-none\" href=\"https:\/\/monkeyvpn.net\/\" target=\"_blank\" rel=\"noreferrer noopener\"><img loading=\"lazy\" decoding=\"async\" width=\"1024\" height=\"228\" src=\"https:\/\/kamp.linux.org.tr\/2023-yaz\/wp-content\/uploads\/sites\/4\/2023\/07\/monkeyvpn-1024x228.png\" alt=\"\" class=\"wp-image-370\" srcset=\"https:\/\/kamp.linux.org.tr\/2023-yaz\/wp-content\/uploads\/sites\/4\/2023\/07\/monkeyvpn-1024x228.png 1024w, https:\/\/kamp.linux.org.tr\/2023-yaz\/wp-content\/uploads\/sites\/4\/2023\/07\/monkeyvpn-300x67.png 300w, https:\/\/kamp.linux.org.tr\/2023-yaz\/wp-content\/uploads\/sites\/4\/2023\/07\/monkeyvpn-768x171.png 768w, https:\/\/kamp.linux.org.tr\/2023-yaz\/wp-content\/uploads\/sites\/4\/2023\/07\/monkeyvpn-1536x342.png 1536w, https:\/\/kamp.linux.org.tr\/2023-yaz\/wp-content\/uploads\/sites\/4\/2023\/07\/monkeyvpn.png 1810w\" sizes=\"auto, (max-width: 1024px) 100vw, 1024px\" \/><\/a><\/figure>\n<\/div><\/div>\n<\/div><\/div><\/section>\n\n\n\n<br><br>\n\n\n\n<p class=\"has-text-align-center has-large-font-size\"><strong>Kapan\u0131\u015f Yeme\u011fi Sponsorlar\u0131<\/strong><\/p>\n\n\n\n<br><br>\n\n\n\n<section id=\"gme437bf1\" class=\"wp-block-gutentor-m2 section-gme437bf1 gutentor-module gutentor-dynamic-columns sponsor2\"><div class=\"grid-container\"><div class=\"grid-row\">\n<div id=\"col-gmbb98ac\" class=\"wp-block-gutentor-m2-col col-gmbb98ac gutentor-module gutentor-dynamic-single-column grid-lg-4 grid-md-4 grid-12\"><div id=\"section-gmbb98ac\" class=\"section-gmbb98ac gutentor-single-col\"><\/div><\/div>\n\n\n\n<div id=\"col-gmb2b1fa\" class=\"wp-block-gutentor-m2-col col-gmb2b1fa gutentor-module gutentor-dynamic-single-column grid-lg-4 grid-md-4 grid-12\"><div id=\"section-gmb2b1fa\" class=\"section-gmb2b1fa gutentor-single-col\">\n<figure class=\"wp-block-image size-full\"><a class=\"text-decoration-none border-bottom-none\" href=\"https:\/\/www.infopro.com.tr\" target=\"_blank\" rel=\"noreferrer noopener\"><img loading=\"lazy\" decoding=\"async\" width=\"891\" height=\"289\" src=\"https:\/\/kamp.linux.org.tr\/2023-yaz\/wp-content\/uploads\/sites\/4\/2023\/08\/infopro.png\" alt=\"\" class=\"wp-image-713\" srcset=\"https:\/\/kamp.linux.org.tr\/2023-yaz\/wp-content\/uploads\/sites\/4\/2023\/08\/infopro.png 891w, https:\/\/kamp.linux.org.tr\/2023-yaz\/wp-content\/uploads\/sites\/4\/2023\/08\/infopro-300x97.png 300w, https:\/\/kamp.linux.org.tr\/2023-yaz\/wp-content\/uploads\/sites\/4\/2023\/08\/infopro-768x249.png 768w\" sizes=\"auto, (max-width: 891px) 100vw, 891px\" \/><\/a><\/figure>\n<\/div><\/div>\n\n\n\n<div id=\"col-gm405957\" class=\"wp-block-gutentor-m2-col col-gm405957 gutentor-module gutentor-dynamic-single-column grid-lg-4 grid-md-4 grid-12\"><div id=\"section-gm405957\" class=\"section-gm405957 gutentor-single-col\"><\/div><\/div>\n<\/div><\/div><\/section>\n\n\n\n<br><br>\n\n\n\n<p><\/p>\n\n\n\n<p><\/p>\n","protected":false},"excerpt":{"rendered":"<p>Organizasyon Destekleyen Kurumlar Alt\u0131n Sponsor Birle\u015fik S\u0131n\u0131f Sponsorlar\u0131 Yaka Kart\u0131 Sponsorlar\u0131 Kapan\u0131\u015f Yeme\u011fi Sponsorlar\u0131<\/p>\n","protected":false},"author":1,"featured_media":0,"parent":0,"menu_order":0,"comment_status":"closed","ping_status":"closed","template":"","meta":{"footnotes":""},"class_list":["post-16","page","type-page","status-publish","hentry"],"jetpack_sharing_enabled":true,"_links":{"self":[{"href":"https:\/\/kamp.linux.org.tr\/2023-yaz\/wp-json\/wp\/v2\/pages\/16","targetHints":{"allow":["GET"]}}],"collection":[{"href":"https:\/\/kamp.linux.org.tr\/2023-yaz\/wp-json\/wp\/v2\/pages"}],"about":[{"href":"https:\/\/kamp.linux.org.tr\/2023-yaz\/wp-json\/wp\/v2\/types\/page"}],"author":[{"embeddable":true,"href":"https:\/\/kamp.linux.org.tr\/2023-yaz\/wp-json\/wp\/v2\/users\/1"}],"replies":[{"embeddable":true,"href":"https:\/\/kamp.linux.org.tr\/2023-yaz\/wp-json\/wp\/v2\/comments?post=16"}],"version-history":[{"count":42,"href":"https:\/\/kamp.linux.org.tr\/2023-yaz\/wp-json\/wp\/v2\/pages\/16\/revisions"}],"predecessor-version":[{"id":755,"href":"https:\/\/kamp.linux.org.tr\/2023-yaz\/wp-json\/wp\/v2\/pages\/16\/revisions\/755"}],"wp:attachment":[{"href":"https:\/\/kamp.linux.org.tr\/2023-yaz\/wp-json\/wp\/v2\/media?parent=16"}],"curies":[{"name":"wp","href":"https:\/\/api.w.org\/{rel}","templated":true}]}}