{"id":390,"date":"2023-07-31T10:06:38","date_gmt":"2023-07-31T07:06:38","guid":{"rendered":"https:\/\/kamp.linux.org.tr\/2023-yaz\/?page_id=390"},"modified":"2023-08-01T10:31:15","modified_gmt":"2023-08-01T07:31:15","slug":"ag-yoneticiligine-giris","status":"publish","type":"page","link":"https:\/\/kamp.linux.org.tr\/2023-yaz\/kurslar\/ag-yoneticiligine-giris\/","title":{"rendered":"A\u011f Y\u00f6neticili\u011fine Giri\u015f"},"content":{"rendered":"\n<p><strong>E\u011fitmen:<\/strong> <a href=\"https:\/\/kamp.linux.org.tr\/2023-yaz\/egitmenler\/oben-battal\/\">Oben Battal<\/a><\/p>\n\n\n\n<p>Bilgisayar a\u011flar\u0131 y\u00f6netimi ve kurulumu \u00fczerine temel seviye bir e\u011fitimdir.<\/p>\n\n\n\n<p><strong>Kat\u0131l\u0131mc\u0131lar\u0131n e\u011fitime bilgisayar d\u0131\u015f\u0131nda getirmesi gereken donan\u0131m\/yaz\u0131l\u0131m<\/strong><\/p>\n\n\n\n<ul class=\"wp-block-list\">\n<li>Packet Tracer kurulmas\u0131<\/li>\n<\/ul>\n\n\n\n<p><strong>Kat\u0131l\u0131mc\u0131lar i\u00e7in \u00f6n \u015fartlar<\/strong><\/p>\n\n\n\n<ul class=\"wp-block-list\">\n<li>Temel Bilgisayar kullan\u0131m\u0131<\/li>\n<\/ul>\n\n\n\n<ul class=\"wp-block-list\">\n<li>En az B1 seviyesinde ingilizce bilmek<\/li>\n<\/ul>\n\n\n\n<p><\/p>\n\n\n\n<p><strong>E\u011fitim i\u00e7eri\u011fi<\/strong><\/p>\n\n\n\n<ul class=\"wp-block-list\">\n<li>G\u00fcn\u00fcm\u00fczde A\u011f<\/li>\n\n\n\n<li>OSI Modeli\n<ul class=\"wp-block-list\">\n<li>Fiziksel Katman<\/li>\n\n\n\n<li>Data-link Katman\u0131<\/li>\n\n\n\n<li>Network katman\u0131<\/li>\n\n\n\n<li>Transport katman\u0131<\/li>\n<\/ul>\n<\/li>\n\n\n\n<li>IPv4 &amp; IPv6 Adresleme<\/li>\n\n\n\n<li>Paket Anahtarlama<\/li>\n\n\n\n<li>LAN &amp; WAN<\/li>\n\n\n\n<li>STP<\/li>\n\n\n\n<li>VLAN<\/li>\n\n\n\n<li>Y\u00f6nlendirme\n<ul class=\"wp-block-list\">\n<li>Statik y\u00f6nlendirme<\/li>\n\n\n\n<li>Dinamik y\u00f6nlendirme temelleri<\/li>\n<\/ul>\n<\/li>\n\n\n\n<li>VLANler aras\u0131 y\u00f6nlendirme<\/li>\n\n\n\n<li>DHPC<\/li>\n\n\n\n<li>ACL<\/li>\n\n\n\n<li>A\u011f g\u00fcvenli\u011fi<\/li>\n\n\n\n<li>Y\u00f6nlendirici yap\u0131land\u0131rmas\u0131<\/li>\n\n\n\n<li>Anahtarlay\u0131c\u0131 yap\u0131land\u0131rmas\u0131<\/li>\n\n\n\n<li>A\u011f tasar\u0131lar\u0131<\/li>\n\n\n\n<li>Python ile a\u011f otomasyonu<\/li>\n<\/ul>\n\n\n\n<p><\/p>\n\n\n<a href=\"https:\/\/kayit.linux.org.tr\" target=\"_blank\" class=\"btn btn-lyk\">Ba\u015fvur<\/a>\n","protected":false},"excerpt":{"rendered":"<p>E\u011fitmen: Oben Battal Bilgisayar a\u011flar\u0131 y\u00f6netimi ve kurulumu \u00fczerine temel seviye bir e\u011fitimdir. Kat\u0131l\u0131mc\u0131lar\u0131n e\u011fitime bilgisayar d\u0131\u015f\u0131nda getirmesi gereken donan\u0131m\/yaz\u0131l\u0131m Kat\u0131l\u0131mc\u0131lar i\u00e7in \u00f6n \u015fartlar E\u011fitim i\u00e7eri\u011fi<\/p>\n","protected":false},"author":3,"featured_media":0,"parent":11,"menu_order":0,"comment_status":"closed","ping_status":"closed","template":"","meta":{"footnotes":""},"class_list":["post-390","page","type-page","status-publish","hentry"],"jetpack_sharing_enabled":true,"_links":{"self":[{"href":"https:\/\/kamp.linux.org.tr\/2023-yaz\/wp-json\/wp\/v2\/pages\/390","targetHints":{"allow":["GET"]}}],"collection":[{"href":"https:\/\/kamp.linux.org.tr\/2023-yaz\/wp-json\/wp\/v2\/pages"}],"about":[{"href":"https:\/\/kamp.linux.org.tr\/2023-yaz\/wp-json\/wp\/v2\/types\/page"}],"author":[{"embeddable":true,"href":"https:\/\/kamp.linux.org.tr\/2023-yaz\/wp-json\/wp\/v2\/users\/3"}],"replies":[{"embeddable":true,"href":"https:\/\/kamp.linux.org.tr\/2023-yaz\/wp-json\/wp\/v2\/comments?post=390"}],"version-history":[{"count":8,"href":"https:\/\/kamp.linux.org.tr\/2023-yaz\/wp-json\/wp\/v2\/pages\/390\/revisions"}],"predecessor-version":[{"id":647,"href":"https:\/\/kamp.linux.org.tr\/2023-yaz\/wp-json\/wp\/v2\/pages\/390\/revisions\/647"}],"up":[{"embeddable":true,"href":"https:\/\/kamp.linux.org.tr\/2023-yaz\/wp-json\/wp\/v2\/pages\/11"}],"wp:attachment":[{"href":"https:\/\/kamp.linux.org.tr\/2023-yaz\/wp-json\/wp\/v2\/media?parent=390"}],"curies":[{"name":"wp","href":"https:\/\/api.w.org\/{rel}","templated":true}]}}