{"id":415,"date":"2023-07-31T10:57:36","date_gmt":"2023-07-31T07:57:36","guid":{"rendered":"https:\/\/kamp.linux.org.tr\/2023-yaz\/?page_id=415"},"modified":"2023-08-06T20:38:25","modified_gmt":"2023-08-06T17:38:25","slug":"flutter-ile-uygulama-gelistirmeye-giris","status":"publish","type":"page","link":"https:\/\/kamp.linux.org.tr\/2023-yaz\/kurslar\/flutter-ile-uygulama-gelistirmeye-giris\/","title":{"rendered":"Flutter ile Uygulama Geli\u015ftirmeye Giri\u015f"},"content":{"rendered":"\n<p><strong>E\u011fitmenler: <a href=\"https:\/\/kamp.linux.org.tr\/2023-yaz\/egitmenler\/ozcan-oguz\/\">\u00d6zcan O\u011fuz<\/a><\/strong>, <strong><a href=\"https:\/\/kamp.linux.org.tr\/2023-yaz\/egitmenler\/gizem-ece-cetin\/\">Gizem Ece \u00c7etin<\/a><\/strong><\/p>\n\n\n\n<p>Bu e\u011fitim, Flutter \u00e7at\u0131s\u0131n\u0131 kullanarak uygulama geli\u015ftirmeye ba\u015flamak isteyen insanlar\u0131n Flutter ile tan\u0131\u015fmalar\u0131 i\u00e7in kurgulanm\u0131\u015ft\u0131r.<br>Yaln\u0131zca mobil de\u011fil, web ve masa\u00fcst\u00fc uygulamalar\u0131 da e\u011fitimin konusudur.<\/p>\n\n\n\n<p><\/p>\n\n\n\n<p><strong>Kat\u0131l\u0131mc\u0131lar i\u00e7in \u00f6n \u015fartlar<\/strong><\/p>\n\n\n\n<ul class=\"wp-block-list\">\n<li>En az B2 seviyesinde \u0130ngilizce bilmek, <\/li>\n\n\n\n<li>Herhangi bir nesneye y\u00f6nelimli programlama dilinde giri\u015f \u00fcst\u00fc\/orta d\u00fczeyde deneyim sahibi olmak (Python&#8217;a a\u015fina olmak iyi olacakt\u0131r), <\/li>\n\n\n\n<li>Temel d\u00fczeyde Git kullanabilmek, <\/li>\n\n\n\n<li>Teknik belge okuyabilmek, <\/li>\n\n\n\n<li>&#8220;App Store&#8217;a bir uygulama koyay\u0131m da milyoner olay\u0131m&#8221; zihniyetinde olmamak<\/li>\n<\/ul>\n\n\n\n<p><\/p>\n\n\n\n<p><strong>Kat\u0131l\u0131mc\u0131lar\u0131n e\u011fitime bilgisayar d\u0131\u015f\u0131nda getirmesi gereken donan\u0131m\/yaz\u0131l\u0131m<\/strong><\/p>\n\n\n\n<ul class=\"wp-block-list\">\n<li>Herhangi bir GNU\/Linux da\u011f\u0131t\u0131m\u0131n\u0131 \u00e7al\u0131\u015ft\u0131ran bir bilgisayar (Bu, e\u011fitimi izlemek i\u00e7in bir zorunluluk olmamakla birlikte, di\u011fer i\u015fletim sistemleri \u00fczerinde ya\u015fanacak i\u015fletim sistemi kaynakl\u0131 sorunlara destek verilmeyecektir)<\/li>\n\n\n\n<li>Android \u00e7al\u0131\u015ft\u0131ran bir cihaz ya da Android em\u00fclat\u00f6r\u00fc \u00e7al\u0131\u015ft\u0131rma kabiliyetine sahip bir bilgisayar (Bu da zorunluluk olmamakla birlikte Android geli\u015ftirme ad\u0131mlar\u0131n\u0131 izlemek i\u00e7in gereksinimdir)<\/li>\n\n\n\n<li>Kat\u0131l\u0131mc\u0131lara kamptan \u00f6nce g\u00f6nderilecek y\u00f6nergeyi izleyerek Flutter ve Android Studio&#8217;nun kurulmas\u0131 ve <code>flutter doctor<\/code> \u00e7\u0131kt\u0131s\u0131n\u0131n hata vermemesi <\/li>\n\n\n\n<li>Tercihen VSCodium ya da Visual Studio Code kurulumu<\/li>\n<\/ul>\n\n\n\n<p><\/p>\n\n\n\n<p><strong>E\u011fitim \u0130\u00e7eri\u011fi:<\/strong><\/p>\n\n\n\n<ul class=\"wp-block-list\">\n<li>\u00d6zg\u00fcr yaz\u0131l\u0131m nedir?<\/li>\n\n\n\n<li>Flutter ve Dart nedir, yenir mi?<\/li>\n\n\n\n<li>Dart temelleri<\/li>\n\n\n\n<li>Flutter&#8217;a giri\u015f ve dizin yap\u0131s\u0131<\/li>\n\n\n\n<li>Hello world ve widget&#8217;lar<\/li>\n\n\n\n<li>Material Design nedir?<\/li>\n\n\n\n<li>Flutter&#8217;da ekran tasar\u0131mlar\u0131 ve temel widgetlar<\/li>\n\n\n\n<li>Pub ve paketler<\/li>\n\n\n\n<li>GetX ve durum y\u00f6netimi (state management)<\/li>\n\n\n\n<li>Flutter&#8217;da sayfalar aras\u0131 ge\u00e7i\u015f (navigation) ve route management<\/li>\n\n\n\n<li>Formlar, validasyonlar ve listeler<\/li>\n\n\n\n<li>FastAPI ile basit bir REST API geli\u015ftirilmesi<\/li>\n\n\n\n<li>Flutter&#8217;da HTTP istekleri, providerlar ve oturum y\u00f6netimi<\/li>\n\n\n\n<li>Shared preferences<\/li>\n\n\n\n<li>Web, mobil ve masa\u00fcst\u00fc uygulama \u00e7\u0131kt\u0131s\u0131 verme<\/li>\n\n\n\n<li>\u00d6rnek bir uygulama geli\u015ftirilmesi ve paketlenmesi<\/li>\n\n\n\n<li>Flutter&#8217;da deployment ak\u0131\u015flar\u0131<\/li>\n<\/ul>\n\n\n\n<p><\/p>\n\n\n<a href=\"https:\/\/kayit.linux.org.tr\" target=\"_blank\" class=\"btn btn-lyk\">Ba\u015fvur<\/a>\n","protected":false},"excerpt":{"rendered":"<p>E\u011fitmenler: \u00d6zcan O\u011fuz, Gizem Ece \u00c7etin Bu e\u011fitim, Flutter \u00e7at\u0131s\u0131n\u0131 kullanarak uygulama geli\u015ftirmeye ba\u015flamak isteyen insanlar\u0131n Flutter ile tan\u0131\u015fmalar\u0131 i\u00e7in kurgulanm\u0131\u015ft\u0131r.Yaln\u0131zca mobil de\u011fil, web ve masa\u00fcst\u00fc uygulamalar\u0131 da e\u011fitimin konusudur. Kat\u0131l\u0131mc\u0131lar i\u00e7in \u00f6n \u015fartlar Kat\u0131l\u0131mc\u0131lar\u0131n e\u011fitime bilgisayar d\u0131\u015f\u0131nda getirmesi gereken donan\u0131m\/yaz\u0131l\u0131m E\u011fitim \u0130\u00e7eri\u011fi:<\/p>\n","protected":false},"author":3,"featured_media":0,"parent":11,"menu_order":0,"comment_status":"closed","ping_status":"closed","template":"","meta":{"footnotes":""},"class_list":["post-415","page","type-page","status-publish","hentry"],"jetpack_sharing_enabled":true,"_links":{"self":[{"href":"https:\/\/kamp.linux.org.tr\/2023-yaz\/wp-json\/wp\/v2\/pages\/415","targetHints":{"allow":["GET"]}}],"collection":[{"href":"https:\/\/kamp.linux.org.tr\/2023-yaz\/wp-json\/wp\/v2\/pages"}],"about":[{"href":"https:\/\/kamp.linux.org.tr\/2023-yaz\/wp-json\/wp\/v2\/types\/page"}],"author":[{"embeddable":true,"href":"https:\/\/kamp.linux.org.tr\/2023-yaz\/wp-json\/wp\/v2\/users\/3"}],"replies":[{"embeddable":true,"href":"https:\/\/kamp.linux.org.tr\/2023-yaz\/wp-json\/wp\/v2\/comments?post=415"}],"version-history":[{"count":5,"href":"https:\/\/kamp.linux.org.tr\/2023-yaz\/wp-json\/wp\/v2\/pages\/415\/revisions"}],"predecessor-version":[{"id":686,"href":"https:\/\/kamp.linux.org.tr\/2023-yaz\/wp-json\/wp\/v2\/pages\/415\/revisions\/686"}],"up":[{"embeddable":true,"href":"https:\/\/kamp.linux.org.tr\/2023-yaz\/wp-json\/wp\/v2\/pages\/11"}],"wp:attachment":[{"href":"https:\/\/kamp.linux.org.tr\/2023-yaz\/wp-json\/wp\/v2\/media?parent=415"}],"curies":[{"name":"wp","href":"https:\/\/api.w.org\/{rel}","templated":true}]}}