{"id":419,"date":"2023-07-31T11:00:28","date_gmt":"2023-07-31T08:00:28","guid":{"rendered":"https:\/\/kamp.linux.org.tr\/2023-yaz\/?page_id=419"},"modified":"2023-08-01T14:45:04","modified_gmt":"2023-08-01T11:45:04","slug":"python-qt-temel-programlama-ve-uygulama-gelistirme","status":"publish","type":"page","link":"https:\/\/kamp.linux.org.tr\/2023-yaz\/kurslar\/python-qt-temel-programlama-ve-uygulama-gelistirme\/","title":{"rendered":"Python &amp; Qt: Temel Programlama ve Uygulama Geli\u015ftirme"},"content":{"rendered":"\n<p><strong>E\u011fitmenler: <a rel=\"noreferrer noopener\" href=\"https:\/\/kamp.linux.org.tr\/2023-yaz\/egitmenler\/nikita-turkmen\/\" target=\"_blank\">Nikita T\u00fcrkmen<\/a>, <a href=\"https:\/\/kamp.linux.org.tr\/2023-yaz\/egitmenler\/bulent-kablan\/\">B\u00fclent Kablan<\/a>, <a href=\"https:\/\/kamp.linux.org.tr\/2023-yaz\/egitmenler\/burcin-sarigul\/\">Bur\u00e7in Sar\u0131g\u00fcl<\/a><\/strong><\/p>\n\n\n\n<p><br>Bu 9 g\u00fcnl\u00fck yo\u011fun e\u011fitimde, kat\u0131l\u0131mc\u0131lar Python programlama dili ile ba\u015flay\u0131p, QT ve QML aray\u00fcz tasar\u0131m\u0131 ara\u00e7lar\u0131na ge\u00e7i\u015f yapacaklar. E\u011fitim, temel programlama kavramlar\u0131ndan ba\u015flayarak, daha ileri seviye konulara do\u011fru ilerleyecek. Kat\u0131l\u0131mc\u0131lar ayr\u0131ca, QT ile veritaban\u0131 i\u015flemleri, multimedya i\u015fleme ve mobil uygulama geli\u015ftirme gibi ileri d\u00fczey konular\u0131 da \u00f6\u011frenecekler. Son g\u00fcn ise kat\u0131l\u0131mc\u0131lar\u0131n \u00f6\u011frendiklerini uygulamaya koyacaklar\u0131 ve kendi projelerini olu\u015fturacaklar\u0131 bir g\u00fcn olacakt\u0131r.<\/p>\n\n\n\n<p><\/p>\n\n\n\n<p><br><strong>Kat\u0131l\u0131mc\u0131lar i\u00e7in \u00f6n \u015fartlar<\/strong><\/p>\n\n\n\n<ul class=\"wp-block-list\">\n<li>Yaz\u0131l\u0131m Dili Deneyimi: Kat\u0131l\u0131mc\u0131lar\u0131n daha \u00f6nce herhangi bir mant\u0131ksal dil ailesine ait bir yaz\u0131l\u0131m dili ile<br>deneyimleri olmal\u0131d\u0131r.<\/li>\n<\/ul>\n\n\n\n<p><\/p>\n\n\n\n<p><br><strong>Kat\u0131l\u0131mc\u0131lar\u0131n e\u011fitime bilgisayar d\u0131\u015f\u0131nda getirmesi gereken donan\u0131m\/yaz\u0131l\u0131m: <\/strong><\/p>\n\n\n\n<ul class=\"wp-block-list\">\n<li>Kat\u0131l\u0131mc\u0131lar\u0131n bilgisayarlar\u0131nda veya sanal makinelerinde \u00e7al\u0131\u015fan bir GNU\/Linux i\u015fletim sistemi kurulu olmas\u0131 gerekmektedir.<br><\/li>\n<\/ul>\n\n\n\n<p><\/p>\n\n\n\n<p><strong>E\u011fitim \u0130\u00e7eri\u011fi<\/strong><\/p>\n\n\n\n<ul class=\"wp-block-list\">\n<li>Python\u2019a Giri\u015f, tarih\u00e7esi, avantajlar\u0131 ve kullan\u0131m alanlar\u0131<\/li>\n\n\n\n<li>Python kurulumu ve kullan\u0131m\u0131<\/li>\n\n\n\n<li>Python temelleri<\/li>\n\n\n\n<li>De\u011fi\u015fkenler ve Veri Tipleri<\/li>\n\n\n\n<li>Operat\u00f6rler<\/li>\n\n\n\n<li>Ko\u015fullu \u0130fadeler ve D\u00f6ng\u00fcler<\/li>\n\n\n\n<li>Fonksiyonlar ve Mod\u00fcller<\/li>\n\n\n\n<li>Python Standart K\u00fct\u00fcphanesi<\/li>\n\n\n\n<li>D\u0131\u015f K\u00fct\u00fcphanelerin \u0130\u00e7e Aktar\u0131lmas\u0131 ve Kullan\u0131lmas\u0131<\/li>\n\n\n\n<li>S\u0131n\u0131flar ve Nesneler; Miras ve Polimorfizm<\/li>\n\n\n\n<li>Dosya \u0130\u015flemleri, dosya okuma\/yazma, dosya i\u015fleme modlar\u0131<\/li>\n\n\n\n<li>Hata Yakalama, try\/except, hata t\u00fcrleri<\/li>\n\n\n\n<li>Python ile Veritaban\u0131 Programlama, SQLite kullan\u0131m\u0131<\/li>\n\n\n\n<li>\u00c7oklu Thread Kullan\u0131m\u0131, Thread\u2019ler ve threading k\u00fct\u00fcphanesi<\/li>\n\n\n\n<li>PySide6 ile GUI Geli\u015ftirme, Temel Widgetlar ve Kullan\u0131mlar\u0131<\/li>\n\n\n\n<li>Event-Driven Programlama<\/li>\n\n\n\n<li>QML\u2019a Giri\u015f, QML nedir, neden kullan\u0131l\u0131r?<\/li>\n\n\n\n<li>QML Temelleri, temel QT bile\u015fenleri<\/li>\n\n\n\n<li>\u0130lk QML uygulamas\u0131n\u0131n olu\u015fturulmas\u0131<\/li>\n\n\n\n<li>QML\u2019nin CSS benzeri dili: Qt Quick<\/li>\n\n\n\n<li>QML ile Aray\u00fcz Tasar\u0131m\u0131, temel UI bile\u015fenleri: Button, Label, TextField vb.<\/li>\n\n\n\n<li>Layout kullan\u0131m\u0131: Row, Column, Grid vb.<\/li>\n\n\n\n<li>Signal\/Slot mekanizmas\u0131 ve \u00f6rnekleri<\/li>\n\n\n\n<li>Python ve QML\u2019in birlikte kullan\u0131m\u0131<\/li>\n\n\n\n<li>PySide6<\/li>\n\n\n\n<li>Python ve QML ile ileri d\u00fczey UI tasar\u0131m\u0131<\/li>\n\n\n\n<li>\u00d6\u011frencilerin kendi projelerini olu\u015fturmas\u0131<\/li>\n\n\n\n<li>Proje sunumlar\u0131<\/li>\n<\/ul>\n\n\n\n<p><\/p>\n\n\n<a href=\"https:\/\/kayit.linux.org.tr\" target=\"_blank\" class=\"btn btn-lyk\">Ba\u015fvur<\/a>\n","protected":false},"excerpt":{"rendered":"<p>E\u011fitmenler: Nikita T\u00fcrkmen, B\u00fclent Kablan, Bur\u00e7in Sar\u0131g\u00fcl Bu 9 g\u00fcnl\u00fck yo\u011fun e\u011fitimde, kat\u0131l\u0131mc\u0131lar Python programlama dili ile ba\u015flay\u0131p, QT ve QML aray\u00fcz tasar\u0131m\u0131 ara\u00e7lar\u0131na ge\u00e7i\u015f yapacaklar. E\u011fitim, temel programlama kavramlar\u0131ndan ba\u015flayarak, daha ileri seviye konulara do\u011fru ilerleyecek. Kat\u0131l\u0131mc\u0131lar ayr\u0131ca, QT ile veritaban\u0131 i\u015flemleri, multimedya i\u015fleme ve mobil uygulama geli\u015ftirme gibi ileri d\u00fczey konular\u0131 da \u00f6\u011frenecekler. [&hellip;]<\/p>\n","protected":false},"author":3,"featured_media":0,"parent":11,"menu_order":0,"comment_status":"closed","ping_status":"closed","template":"","meta":{"footnotes":""},"class_list":["post-419","page","type-page","status-publish","hentry"],"jetpack_sharing_enabled":true,"_links":{"self":[{"href":"https:\/\/kamp.linux.org.tr\/2023-yaz\/wp-json\/wp\/v2\/pages\/419","targetHints":{"allow":["GET"]}}],"collection":[{"href":"https:\/\/kamp.linux.org.tr\/2023-yaz\/wp-json\/wp\/v2\/pages"}],"about":[{"href":"https:\/\/kamp.linux.org.tr\/2023-yaz\/wp-json\/wp\/v2\/types\/page"}],"author":[{"embeddable":true,"href":"https:\/\/kamp.linux.org.tr\/2023-yaz\/wp-json\/wp\/v2\/users\/3"}],"replies":[{"embeddable":true,"href":"https:\/\/kamp.linux.org.tr\/2023-yaz\/wp-json\/wp\/v2\/comments?post=419"}],"version-history":[{"count":13,"href":"https:\/\/kamp.linux.org.tr\/2023-yaz\/wp-json\/wp\/v2\/pages\/419\/revisions"}],"predecessor-version":[{"id":658,"href":"https:\/\/kamp.linux.org.tr\/2023-yaz\/wp-json\/wp\/v2\/pages\/419\/revisions\/658"}],"up":[{"embeddable":true,"href":"https:\/\/kamp.linux.org.tr\/2023-yaz\/wp-json\/wp\/v2\/pages\/11"}],"wp:attachment":[{"href":"https:\/\/kamp.linux.org.tr\/2023-yaz\/wp-json\/wp\/v2\/media?parent=419"}],"curies":[{"name":"wp","href":"https:\/\/api.w.org\/{rel}","templated":true}]}}