{"id":508,"date":"2023-07-31T14:03:49","date_gmt":"2023-07-31T11:03:49","guid":{"rendered":"https:\/\/kamp.linux.org.tr\/2023-yaz\/?page_id=508"},"modified":"2023-07-31T16:08:15","modified_gmt":"2023-07-31T13:08:15","slug":"erdinc-tasci","status":"publish","type":"page","link":"https:\/\/kamp.linux.org.tr\/2023-yaz\/egitmenler\/erdinc-tasci\/","title":{"rendered":"Erdin\u00e7 Ta\u015f\u00e7\u0131"},"content":{"rendered":"\n<p>Verdi\u011fi E\u011fitim: <a href=\"https:\/\/kamp.linux.org.tr\/2023-yaz\/kurslar\/r-ile-veri-gorsellestirme\/\">R ile Veri G\u00f6rselle\u015ftirme<\/a><\/p>\n","protected":false},"excerpt":{"rendered":"<p>Verdi\u011fi E\u011fitim: R ile Veri G\u00f6rselle\u015ftirme<\/p>\n","protected":false},"author":1,"featured_media":0,"parent":12,"menu_order":0,"comment_status":"closed","ping_status":"closed","template":"","meta":{"footnotes":""},"class_list":["post-508","page","type-page","status-publish","hentry"],"jetpack_sharing_enabled":true,"_links":{"self":[{"href":"https:\/\/kamp.linux.org.tr\/2023-yaz\/wp-json\/wp\/v2\/pages\/508","targetHints":{"allow":["GET"]}}],"collection":[{"href":"https:\/\/kamp.linux.org.tr\/2023-yaz\/wp-json\/wp\/v2\/pages"}],"about":[{"href":"https:\/\/kamp.linux.org.tr\/2023-yaz\/wp-json\/wp\/v2\/types\/page"}],"author":[{"embeddable":true,"href":"https:\/\/kamp.linux.org.tr\/2023-yaz\/wp-json\/wp\/v2\/users\/1"}],"replies":[{"embeddable":true,"href":"https:\/\/kamp.linux.org.tr\/2023-yaz\/wp-json\/wp\/v2\/comments?post=508"}],"version-history":[{"count":1,"href":"https:\/\/kamp.linux.org.tr\/2023-yaz\/wp-json\/wp\/v2\/pages\/508\/revisions"}],"predecessor-version":[{"id":509,"href":"https:\/\/kamp.linux.org.tr\/2023-yaz\/wp-json\/wp\/v2\/pages\/508\/revisions\/509"}],"up":[{"embeddable":true,"href":"https:\/\/kamp.linux.org.tr\/2023-yaz\/wp-json\/wp\/v2\/pages\/12"}],"wp:attachment":[{"href":"https:\/\/kamp.linux.org.tr\/2023-yaz\/wp-json\/wp\/v2\/media?parent=508"}],"curies":[{"name":"wp","href":"https:\/\/api.w.org\/{rel}","templated":true}]}}