{"id":557,"date":"2023-07-31T15:46:56","date_gmt":"2023-07-31T12:46:56","guid":{"rendered":"https:\/\/kamp.linux.org.tr\/2023-yaz\/?page_id=557"},"modified":"2023-07-31T15:46:56","modified_gmt":"2023-07-31T12:46:56","slug":"furkan-onder","status":"publish","type":"page","link":"https:\/\/kamp.linux.org.tr\/2023-yaz\/egitmenler\/furkan-onder\/","title":{"rendered":"Furkan \u00d6nder"},"content":{"rendered":"\n<p>Verdi\u011fi E\u011fitim: <a href=\"https:\/\/kamp.linux.org.tr\/2023-yaz\/kurslar\/linux-on-arm-rpi4-playground\/\">Linux on Arm<\/a><\/p>\n\n\n\n<p>\u00c7al\u0131\u015ft\u0131\u011f\u0131 Kurum:<\/p>\n","protected":false},"excerpt":{"rendered":"<p>Verdi\u011fi E\u011fitim: Linux on Arm \u00c7al\u0131\u015ft\u0131\u011f\u0131 Kurum:<\/p>\n","protected":false},"author":3,"featured_media":0,"parent":12,"menu_order":0,"comment_status":"closed","ping_status":"closed","template":"","meta":{"footnotes":""},"class_list":["post-557","page","type-page","status-publish","hentry"],"jetpack_sharing_enabled":true,"_links":{"self":[{"href":"https:\/\/kamp.linux.org.tr\/2023-yaz\/wp-json\/wp\/v2\/pages\/557","targetHints":{"allow":["GET"]}}],"collection":[{"href":"https:\/\/kamp.linux.org.tr\/2023-yaz\/wp-json\/wp\/v2\/pages"}],"about":[{"href":"https:\/\/kamp.linux.org.tr\/2023-yaz\/wp-json\/wp\/v2\/types\/page"}],"author":[{"embeddable":true,"href":"https:\/\/kamp.linux.org.tr\/2023-yaz\/wp-json\/wp\/v2\/users\/3"}],"replies":[{"embeddable":true,"href":"https:\/\/kamp.linux.org.tr\/2023-yaz\/wp-json\/wp\/v2\/comments?post=557"}],"version-history":[{"count":1,"href":"https:\/\/kamp.linux.org.tr\/2023-yaz\/wp-json\/wp\/v2\/pages\/557\/revisions"}],"predecessor-version":[{"id":561,"href":"https:\/\/kamp.linux.org.tr\/2023-yaz\/wp-json\/wp\/v2\/pages\/557\/revisions\/561"}],"up":[{"embeddable":true,"href":"https:\/\/kamp.linux.org.tr\/2023-yaz\/wp-json\/wp\/v2\/pages\/12"}],"wp:attachment":[{"href":"https:\/\/kamp.linux.org.tr\/2023-yaz\/wp-json\/wp\/v2\/media?parent=557"}],"curies":[{"name":"wp","href":"https:\/\/api.w.org\/{rel}","templated":true}]}}