{"id":600,"date":"2023-07-31T16:03:23","date_gmt":"2023-07-31T13:03:23","guid":{"rendered":"https:\/\/kamp.linux.org.tr\/2023-yaz\/?page_id=600"},"modified":"2023-07-31T16:03:23","modified_gmt":"2023-07-31T13:03:23","slug":"yusuf-duzgun","status":"publish","type":"page","link":"https:\/\/kamp.linux.org.tr\/2023-yaz\/egitmenler\/yusuf-duzgun\/","title":{"rendered":"Yusuf D\u00fczg\u00fcn"},"content":{"rendered":"\n<p>Verdi\u011fi E\u011fitim: <a href=\"https:\/\/kamp.linux.org.tr\/2023-yaz\/kurslar\/gnu-linux-sistem-yonetimi-1-duzey\/\">GNU\/Linux Sistem Y\u00f6netimi 1. D\u00fczey<\/a><\/p>\n\n\n\n<p>\u00c7al\u0131\u015ft\u0131\u011f\u0131 Kurum:<\/p>\n","protected":false},"excerpt":{"rendered":"<p>Verdi\u011fi E\u011fitim: GNU\/Linux Sistem Y\u00f6netimi 1. D\u00fczey \u00c7al\u0131\u015ft\u0131\u011f\u0131 Kurum:<\/p>\n","protected":false},"author":3,"featured_media":0,"parent":12,"menu_order":0,"comment_status":"closed","ping_status":"closed","template":"","meta":{"footnotes":""},"class_list":["post-600","page","type-page","status-publish","hentry"],"jetpack_sharing_enabled":true,"_links":{"self":[{"href":"https:\/\/kamp.linux.org.tr\/2023-yaz\/wp-json\/wp\/v2\/pages\/600","targetHints":{"allow":["GET"]}}],"collection":[{"href":"https:\/\/kamp.linux.org.tr\/2023-yaz\/wp-json\/wp\/v2\/pages"}],"about":[{"href":"https:\/\/kamp.linux.org.tr\/2023-yaz\/wp-json\/wp\/v2\/types\/page"}],"author":[{"embeddable":true,"href":"https:\/\/kamp.linux.org.tr\/2023-yaz\/wp-json\/wp\/v2\/users\/3"}],"replies":[{"embeddable":true,"href":"https:\/\/kamp.linux.org.tr\/2023-yaz\/wp-json\/wp\/v2\/comments?post=600"}],"version-history":[{"count":1,"href":"https:\/\/kamp.linux.org.tr\/2023-yaz\/wp-json\/wp\/v2\/pages\/600\/revisions"}],"predecessor-version":[{"id":605,"href":"https:\/\/kamp.linux.org.tr\/2023-yaz\/wp-json\/wp\/v2\/pages\/600\/revisions\/605"}],"up":[{"embeddable":true,"href":"https:\/\/kamp.linux.org.tr\/2023-yaz\/wp-json\/wp\/v2\/pages\/12"}],"wp:attachment":[{"href":"https:\/\/kamp.linux.org.tr\/2023-yaz\/wp-json\/wp\/v2\/media?parent=600"}],"curies":[{"name":"wp","href":"https:\/\/api.w.org\/{rel}","templated":true}]}}