{"id":643,"date":"2023-08-01T10:29:53","date_gmt":"2023-08-01T07:29:53","guid":{"rendered":"https:\/\/kamp.linux.org.tr\/2023-yaz\/?page_id=643"},"modified":"2023-08-20T23:48:23","modified_gmt":"2023-08-20T20:48:23","slug":"rahmi-hatipoglu","status":"publish","type":"page","link":"https:\/\/kamp.linux.org.tr\/2023-yaz\/egitmenler\/rahmi-hatipoglu\/","title":{"rendered":"Rahmi Hatipo\u011flu"},"content":{"rendered":"\n<p>Verdi\u011fi E\u011fitim: <a href=\"https:\/\/kamp.linux.org.tr\/2023-yaz\/kurslar\/php-ile-web-programlamaya-giris\/\">PHP ile Web Programlamaya Giri\u015f<\/a><\/p>\n\n\n\n<p>\u00c7al\u0131\u015ft\u0131\u011f\u0131 kurum:<\/p>\n","protected":false},"excerpt":{"rendered":"<p>Verdi\u011fi E\u011fitim: PHP ile Web Programlamaya Giri\u015f \u00c7al\u0131\u015ft\u0131\u011f\u0131 kurum:<\/p>\n","protected":false},"author":2,"featured_media":0,"parent":12,"menu_order":0,"comment_status":"closed","ping_status":"closed","template":"","meta":{"footnotes":""},"class_list":["post-643","page","type-page","status-publish","hentry"],"jetpack_sharing_enabled":true,"_links":{"self":[{"href":"https:\/\/kamp.linux.org.tr\/2023-yaz\/wp-json\/wp\/v2\/pages\/643","targetHints":{"allow":["GET"]}}],"collection":[{"href":"https:\/\/kamp.linux.org.tr\/2023-yaz\/wp-json\/wp\/v2\/pages"}],"about":[{"href":"https:\/\/kamp.linux.org.tr\/2023-yaz\/wp-json\/wp\/v2\/types\/page"}],"author":[{"embeddable":true,"href":"https:\/\/kamp.linux.org.tr\/2023-yaz\/wp-json\/wp\/v2\/users\/2"}],"replies":[{"embeddable":true,"href":"https:\/\/kamp.linux.org.tr\/2023-yaz\/wp-json\/wp\/v2\/comments?post=643"}],"version-history":[{"count":2,"href":"https:\/\/kamp.linux.org.tr\/2023-yaz\/wp-json\/wp\/v2\/pages\/643\/revisions"}],"predecessor-version":[{"id":740,"href":"https:\/\/kamp.linux.org.tr\/2023-yaz\/wp-json\/wp\/v2\/pages\/643\/revisions\/740"}],"up":[{"embeddable":true,"href":"https:\/\/kamp.linux.org.tr\/2023-yaz\/wp-json\/wp\/v2\/pages\/12"}],"wp:attachment":[{"href":"https:\/\/kamp.linux.org.tr\/2023-yaz\/wp-json\/wp\/v2\/media?parent=643"}],"curies":[{"name":"wp","href":"https:\/\/api.w.org\/{rel}","templated":true}]}}