{"id":1002,"date":"2024-01-03T00:39:40","date_gmt":"2024-01-02T21:39:40","guid":{"rendered":"https:\/\/kamp.linux.org.tr\/2024-kis\/?page_id=1002"},"modified":"2024-01-07T15:42:28","modified_gmt":"2024-01-07T12:42:28","slug":"python-102","status":"publish","type":"page","link":"https:\/\/kamp.linux.org.tr\/2024-kis\/kurslar\/python-102\/","title":{"rendered":"Python 102"},"content":{"rendered":"\n<p><strong>E\u011fitmenler: <\/strong>Furkan Taha \u00d6nder, Ali R\u0131za Keskin<\/p>\n\n\n\n<p><a class=\"btn btn-lyk\" href=\"https:\/\/kayit.linux.org.tr\/\" target=\"_blank\" rel=\"noreferrer noopener\">Kurslara kay\u0131t olmak i\u00e7in t\u0131klay\u0131n<\/a><\/p>\n\n\n\n<h3 class=\"wp-block-heading\"><strong>Kat\u0131l\u0131mc\u0131lar i\u00e7in \u00f6n \u015fartlar<\/strong>:<\/h3>\n\n\n\n<ul class=\"wp-block-list\">\n<li>Okudu\u011funu anlayabilecek d\u00fczeyde \u0130ngilizce diline sahip olmak. <\/li>\n\n\n\n<li>Temel ve Nesne Tabanl\u0131 Python Programlama bilgi d\u00fczeyine sahip olmak.<\/li>\n<\/ul>\n\n\n\n<h3 class=\"wp-block-heading\">E\u011fitim i\u00e7eri\u011fi:<\/h3>\n\n\n\n<ul class=\"wp-block-list\">\n<li>Iterators (Iterat\u00f6rler)<\/li>\n\n\n\n<li>Generators (\u00dcrete\u00e7ler)<\/li>\n\n\n\n<li>Namespaces (\u0130sim uzaylar\u0131) ve Scopes (Kapsamlar)<\/li>\n\n\n\n<li>Decorators (Dekorat\u00f6rler)<\/li>\n\n\n\n<li>Context Managers (Ba\u011flam Y\u00f6neticileri)<\/li>\n\n\n\n<li>Closures (Kapamalar)<\/li>\n\n\n\n<li>Threading (\u00c7oklu \u0130\u015f Par\u00e7ac\u0131klar\u0131)<\/li>\n\n\n\n<li>Descriptors (Tan\u0131mlay\u0131c\u0131lar)<\/li>\n\n\n\n<li>Meta S\u0131n\u0131flar<\/li>\n\n\n\n<li>CPython Yorumlay\u0131c\u0131s\u0131n\u0131n \u00c7al\u0131\u015fma Yap\u0131s\u0131<\/li>\n\n\n\n<li>CPython Derleyicisinin \u00c7al\u0131\u015fma Yap\u0131s\u0131<\/li>\n\n\n\n<li>CPython Sanal Makinesi<\/li>\n\n\n\n<li>Bytecode Kavram\u0131<\/li>\n\n\n\n<li>C Extensions (Uzant\u0131lar)<\/li>\n<\/ul>\n","protected":false},"excerpt":{"rendered":"<p>E\u011fitmenler: Furkan Taha \u00d6nder, Ali R\u0131za Keskin Kurslara kay\u0131t olmak i\u00e7in t\u0131klay\u0131n Kat\u0131l\u0131mc\u0131lar i\u00e7in \u00f6n \u015fartlar: E\u011fitim i\u00e7eri\u011fi:<\/p>\n","protected":false},"author":3,"featured_media":0,"parent":362,"menu_order":0,"comment_status":"closed","ping_status":"closed","template":"","meta":{"footnotes":""},"class_list":["post-1002","page","type-page","status-publish","hentry"],"jetpack_sharing_enabled":true,"_links":{"self":[{"href":"https:\/\/kamp.linux.org.tr\/2024-kis\/wp-json\/wp\/v2\/pages\/1002","targetHints":{"allow":["GET"]}}],"collection":[{"href":"https:\/\/kamp.linux.org.tr\/2024-kis\/wp-json\/wp\/v2\/pages"}],"about":[{"href":"https:\/\/kamp.linux.org.tr\/2024-kis\/wp-json\/wp\/v2\/types\/page"}],"author":[{"embeddable":true,"href":"https:\/\/kamp.linux.org.tr\/2024-kis\/wp-json\/wp\/v2\/users\/3"}],"replies":[{"embeddable":true,"href":"https:\/\/kamp.linux.org.tr\/2024-kis\/wp-json\/wp\/v2\/comments?post=1002"}],"version-history":[{"count":7,"href":"https:\/\/kamp.linux.org.tr\/2024-kis\/wp-json\/wp\/v2\/pages\/1002\/revisions"}],"predecessor-version":[{"id":1201,"href":"https:\/\/kamp.linux.org.tr\/2024-kis\/wp-json\/wp\/v2\/pages\/1002\/revisions\/1201"}],"up":[{"embeddable":true,"href":"https:\/\/kamp.linux.org.tr\/2024-kis\/wp-json\/wp\/v2\/pages\/362"}],"wp:attachment":[{"href":"https:\/\/kamp.linux.org.tr\/2024-kis\/wp-json\/wp\/v2\/media?parent=1002"}],"curies":[{"name":"wp","href":"https:\/\/api.w.org\/{rel}","templated":true}]}}