{"id":1008,"date":"2024-01-03T00:43:05","date_gmt":"2024-01-02T21:43:05","guid":{"rendered":"https:\/\/kamp.linux.org.tr\/2024-kis\/?page_id=1008"},"modified":"2024-01-07T15:42:35","modified_gmt":"2024-01-07T12:42:35","slug":"r-ile-tekrarlanabilir-arastirma","status":"publish","type":"page","link":"https:\/\/kamp.linux.org.tr\/2024-kis\/kurslar\/r-ile-tekrarlanabilir-arastirma\/","title":{"rendered":"R ile Tekrarlanabilir Ara\u015ft\u0131rma"},"content":{"rendered":"\n<p><strong>E\u011fitmenler: <a href=\"https:\/\/kamp.linux.org.tr\/2024-kis\/egitmenler\/elif-ozge-ozdamar\/\" data-type=\"link\" data-id=\"https:\/\/kamp.linux.org.tr\/2024-kis\/egitmenler\/elif-ozge-ozdamar\/\" target=\"_blank\" rel=\"noreferrer noopener\">Elif \u00d6zge \u00d6zdamar<\/a>, <a href=\"https:\/\/kamp.linux.org.tr\/2024-kis\/egitmenler\/erdinc-tasci\/\" data-type=\"link\" data-id=\"https:\/\/kamp.linux.org.tr\/2024-kis\/egitmenler\/erdinc-tasci\/\" target=\"_blank\" rel=\"noreferrer noopener\">Erdin\u00e7 Ta\u015f\u00e7\u0131<\/a><\/strong><\/p>\n\n\n\n<p><a class=\"btn btn-lyk\" href=\"https:\/\/kayit.linux.org.tr\/\" target=\"_blank\" rel=\"noreferrer noopener\">Kurslara kay\u0131t olmak i\u00e7in t\u0131klay\u0131n<\/a><\/p>\n\n\n\n<p><strong>Kat\u0131l\u0131mc\u0131lar i\u00e7in \u00f6n \u015fartlar:<\/strong><\/p>\n\n\n\n<p><\/p>\n\n\n\n<p>A. A\u00e7\u0131k Bilim<\/p>\n\n\n\n<ul class=\"wp-block-list\">\n<li>A\u00e7\u0131k Eri\u015fim<\/li>\n\n\n\n<li>A\u00e7\u0131k Veri<\/li>\n\n\n\n<li>A\u00e7\u0131k Tekrarlanabilir Ara\u015ft\u0131rma<\/li>\n\n\n\n<li>A\u00e7\u0131k Bilimsel De\u011ferlendirme<\/li>\n\n\n\n<li>A\u00e7\u0131k Bilim Politikalar\u0131<\/li>\n\n\n\n<li>A\u00e7\u0131k Bilim Ara\u00e7lar\u0131<\/li>\n\n\n\n<li>A\u00e7\u0131k Lisanslama<\/li>\n\n\n\n<li>Yurtta\u015f Bilimi<\/li>\n<\/ul>\n\n\n\n<p>B. Tekrarlanabilir Veri Analizi ve Raporlama<\/p>\n\n\n\n<p>R&#8217;da Proje Olu\u015fturma<br>Proje Yap\u0131s\u0131<br>Projede k\u00fct\u00fcphane y\u00f6netimi<\/p>\n\n\n\n<p>Veri \u00d6ni\u015fleme<br>De\u011fi\u015fken adland\u0131rma, tekrar kodlama, di\u011fer veri manip\u00fclasyonu i\u015flemleri<br>Veri birle\u015ftirme<br>Bo\u015f g\u00f6zlem<br>Veri Validasyonu<br>Tan\u0131msal istatistikler, &#8220;tableone&#8221;<\/p>\n\n\n\n<p>Versiyon kontrol\u00fc<br>Git ve Github<br>Veri depolar\u0131<br>R projeleri \u00fczerinde versiyon kontrol\u00fc<\/p>\n\n\n\n<p>Rmarkdown &#8211; Quarto<br>Rapor format\u0131<br>Quarto yard\u0131mc\u0131 fonksiyonlar<br>Sunum ve poster olu\u015fturma<br>Makale \u015fablonlar\u0131<br>Sweave LaTeX \u015fablonlar\u0131<\/p>\n\n\n\n<p>Rocker Roll<br>R ile Docker kullan\u0131m\u0131<\/p>\n\n\n\n<p>Bilimsel Proje Yazma<\/p>\n\n\n\n<p>Kat\u0131l\u0131mc\u0131lar\u0131n kendi tekrarlanabilir projelerini olu\u015fturmalar\u0131 beklenmektedir. Veri analizleri e\u011fitim kapsam\u0131nda de\u011fildir.<\/p>\n","protected":false},"excerpt":{"rendered":"<p>E\u011fitmenler: Elif \u00d6zge \u00d6zdamar, Erdin\u00e7 Ta\u015f\u00e7\u0131 Kurslara kay\u0131t olmak i\u00e7in t\u0131klay\u0131n Kat\u0131l\u0131mc\u0131lar i\u00e7in \u00f6n \u015fartlar: A. A\u00e7\u0131k Bilim B. Tekrarlanabilir Veri Analizi ve Raporlama R&#8217;da Proje Olu\u015fturmaProje Yap\u0131s\u0131Projede k\u00fct\u00fcphane y\u00f6netimi Veri \u00d6ni\u015flemeDe\u011fi\u015fken adland\u0131rma, tekrar kodlama, di\u011fer veri manip\u00fclasyonu i\u015flemleriVeri birle\u015ftirmeBo\u015f g\u00f6zlemVeri ValidasyonuTan\u0131msal istatistikler, &#8220;tableone&#8221; Versiyon kontrol\u00fcGit ve GithubVeri depolar\u0131R projeleri \u00fczerinde versiyon kontrol\u00fc Rmarkdown &#8211; [&hellip;]<\/p>\n","protected":false},"author":3,"featured_media":0,"parent":362,"menu_order":0,"comment_status":"closed","ping_status":"closed","template":"","meta":{"footnotes":""},"class_list":["post-1008","page","type-page","status-publish","hentry"],"jetpack_sharing_enabled":true,"_links":{"self":[{"href":"https:\/\/kamp.linux.org.tr\/2024-kis\/wp-json\/wp\/v2\/pages\/1008","targetHints":{"allow":["GET"]}}],"collection":[{"href":"https:\/\/kamp.linux.org.tr\/2024-kis\/wp-json\/wp\/v2\/pages"}],"about":[{"href":"https:\/\/kamp.linux.org.tr\/2024-kis\/wp-json\/wp\/v2\/types\/page"}],"author":[{"embeddable":true,"href":"https:\/\/kamp.linux.org.tr\/2024-kis\/wp-json\/wp\/v2\/users\/3"}],"replies":[{"embeddable":true,"href":"https:\/\/kamp.linux.org.tr\/2024-kis\/wp-json\/wp\/v2\/comments?post=1008"}],"version-history":[{"count":4,"href":"https:\/\/kamp.linux.org.tr\/2024-kis\/wp-json\/wp\/v2\/pages\/1008\/revisions"}],"predecessor-version":[{"id":1202,"href":"https:\/\/kamp.linux.org.tr\/2024-kis\/wp-json\/wp\/v2\/pages\/1008\/revisions\/1202"}],"up":[{"embeddable":true,"href":"https:\/\/kamp.linux.org.tr\/2024-kis\/wp-json\/wp\/v2\/pages\/362"}],"wp:attachment":[{"href":"https:\/\/kamp.linux.org.tr\/2024-kis\/wp-json\/wp\/v2\/media?parent=1008"}],"curies":[{"name":"wp","href":"https:\/\/api.w.org\/{rel}","templated":true}]}}