{"id":1010,"date":"2024-01-03T00:43:23","date_gmt":"2024-01-02T21:43:23","guid":{"rendered":"https:\/\/kamp.linux.org.tr\/2024-kis\/?page_id=1010"},"modified":"2024-01-16T09:57:58","modified_gmt":"2024-01-16T06:57:58","slug":"muhammet-kara","status":"publish","type":"page","link":"https:\/\/kamp.linux.org.tr\/2024-kis\/egitmenler\/muhammet-kara\/","title":{"rendered":"Muhammet Kara"},"content":{"rendered":"\n<p>Verdi\u011fi E\u011fitim: <a href=\"https:\/\/kamp.linux.org.tr\/2024-kis\/kurslar\/rust-ile-blokzincir-programlama\/\" data-type=\"link\" data-id=\"https:\/\/kamp.linux.org.tr\/2024-kis\/kurslar\/rust-ile-blokzincir-programlama\/\">Rust ile Blokzincir Programlama<\/a><\/p>\n\n\n\n<p>\u00c7al\u0131\u015ft\u0131\u011f\u0131 Kurum: Make<\/p>\n\n\n\n<figure class=\"wp-block-image size-large is-resized\"><a href=\"https:\/\/make.services\"><img loading=\"lazy\" decoding=\"async\" width=\"1024\" height=\"312\" src=\"https:\/\/kamp.linux.org.tr\/2024-kis\/wp-content\/uploads\/sites\/5\/2024\/01\/MAKE-logo-color-green-black-512h-1024x312.png\" alt=\"\" class=\"wp-image-1233\" style=\"width:auto;height:200px\" srcset=\"https:\/\/kamp.linux.org.tr\/2024-kis\/wp-content\/uploads\/sites\/5\/2024\/01\/MAKE-logo-color-green-black-512h-1024x312.png 1024w, https:\/\/kamp.linux.org.tr\/2024-kis\/wp-content\/uploads\/sites\/5\/2024\/01\/MAKE-logo-color-green-black-512h-300x91.png 300w, https:\/\/kamp.linux.org.tr\/2024-kis\/wp-content\/uploads\/sites\/5\/2024\/01\/MAKE-logo-color-green-black-512h-768x234.png 768w, https:\/\/kamp.linux.org.tr\/2024-kis\/wp-content\/uploads\/sites\/5\/2024\/01\/MAKE-logo-color-green-black-512h-1536x468.png 1536w, https:\/\/kamp.linux.org.tr\/2024-kis\/wp-content\/uploads\/sites\/5\/2024\/01\/MAKE-logo-color-green-black-512h.png 1679w\" sizes=\"auto, (max-width: 1024px) 100vw, 1024px\" \/><\/a><\/figure>\n\n\n\n<p><\/p>\n\n\n\n<p>Web sitesi: https:\/\/make.services<\/p>\n","protected":false},"excerpt":{"rendered":"<p>Verdi\u011fi E\u011fitim: Rust ile Blokzincir Programlama \u00c7al\u0131\u015ft\u0131\u011f\u0131 Kurum: Make Web sitesi: https:\/\/make.services<\/p>\n","protected":false},"author":2,"featured_media":0,"parent":12,"menu_order":0,"comment_status":"closed","ping_status":"closed","template":"","meta":{"footnotes":""},"class_list":["post-1010","page","type-page","status-publish","hentry"],"jetpack_sharing_enabled":true,"_links":{"self":[{"href":"https:\/\/kamp.linux.org.tr\/2024-kis\/wp-json\/wp\/v2\/pages\/1010","targetHints":{"allow":["GET"]}}],"collection":[{"href":"https:\/\/kamp.linux.org.tr\/2024-kis\/wp-json\/wp\/v2\/pages"}],"about":[{"href":"https:\/\/kamp.linux.org.tr\/2024-kis\/wp-json\/wp\/v2\/types\/page"}],"author":[{"embeddable":true,"href":"https:\/\/kamp.linux.org.tr\/2024-kis\/wp-json\/wp\/v2\/users\/2"}],"replies":[{"embeddable":true,"href":"https:\/\/kamp.linux.org.tr\/2024-kis\/wp-json\/wp\/v2\/comments?post=1010"}],"version-history":[{"count":4,"href":"https:\/\/kamp.linux.org.tr\/2024-kis\/wp-json\/wp\/v2\/pages\/1010\/revisions"}],"predecessor-version":[{"id":1235,"href":"https:\/\/kamp.linux.org.tr\/2024-kis\/wp-json\/wp\/v2\/pages\/1010\/revisions\/1235"}],"up":[{"embeddable":true,"href":"https:\/\/kamp.linux.org.tr\/2024-kis\/wp-json\/wp\/v2\/pages\/12"}],"wp:attachment":[{"href":"https:\/\/kamp.linux.org.tr\/2024-kis\/wp-json\/wp\/v2\/media?parent=1010"}],"curies":[{"name":"wp","href":"https:\/\/api.w.org\/{rel}","templated":true}]}}