{"id":1020,"date":"2024-01-03T00:51:27","date_gmt":"2024-01-02T21:51:27","guid":{"rendered":"https:\/\/kamp.linux.org.tr\/2024-kis\/?page_id=1020"},"modified":"2024-01-07T15:42:53","modified_gmt":"2024-01-07T12:42:53","slug":"rust-ile-blokzincir-programlama","status":"publish","type":"page","link":"https:\/\/kamp.linux.org.tr\/2024-kis\/kurslar\/rust-ile-blokzincir-programlama\/","title":{"rendered":"Rust ile Blokzincir Programlama"},"content":{"rendered":"\n<p><strong>E\u011fitmenler: <a href=\"https:\/\/kamp.linux.org.tr\/2024-kis\/egitmenler\/muhammet-kara\/\" data-type=\"link\" data-id=\"https:\/\/kamp.linux.org.tr\/2024-kis\/egitmenler\/muhammet-kara\/\">Muhammet <\/a><a href=\"https:\/\/kamp.linux.org.tr\/2024-kis\/egitmenler\/muhammet-kara\/\" data-type=\"link\" data-id=\"https:\/\/kamp.linux.org.tr\/2024-kis\/egitmenler\/muhammet-kara\/\" target=\"_blank\" rel=\"noreferrer noopener\">K<\/a><a href=\"https:\/\/kamp.linux.org.tr\/2024-kis\/egitmenler\/muhammet-kara\/\" data-type=\"link\" data-id=\"https:\/\/kamp.linux.org.tr\/2024-kis\/egitmenler\/muhammet-kara\/\">ara<\/a>, <a href=\"https:\/\/kamp.linux.org.tr\/2024-kis\/egitmenler\/emin-fedar\/\" data-type=\"link\" data-id=\"https:\/\/kamp.linux.org.tr\/2024-kis\/egitmenler\/emin-fedar\/\" target=\"_blank\" rel=\"noreferrer noopener\">Emin Fedar<\/a><\/strong><\/p>\n\n\n\n<p><a class=\"btn btn-lyk\" href=\"https:\/\/kayit.linux.org.tr\/\" target=\"_blank\" rel=\"noreferrer noopener\">Kurslara kay\u0131t olmak i\u00e7in t\u0131klay\u0131n<\/a><\/p>\n\n\n\n<h3 class=\"wp-block-heading\"><strong>Kat\u0131l\u0131mc\u0131lar i\u00e7in \u00f6n \u015fartlar:<\/strong><\/h3>\n\n\n\n<p>Rust 101 ve Blokzincir 101 e\u011fitimi konular\u0131na hakim olmas\u0131.<\/p>\n\n\n\n<h3 class=\"wp-block-heading\">E\u011fitim i\u00e7eri\u011fi:<\/h3>\n\n\n\n<p>1- Rust&#8217;a Giri\u015f<\/p>\n\n\n\n<ul class=\"wp-block-list\">\n<li>Kurulum<\/li>\n\n\n\n<li>cargo&#8217;ya giri\u015f<\/li>\n\n\n\n<li>Rust s\u00f6zdizimine giri\u015f<\/li>\n\n\n\n<li>Enum, Result, Option, Struct, Traits, Macro kavramlar\u0131<\/li>\n\n\n\n<li>Crate kavram\u0131 ve testler<\/li>\n\n\n\n<li>Closure, Iterator, Generics, Lifetimes kavramlar\u0131<\/li>\n\n\n\n<li>Thread, Mutex, Atomic, Channel kavramlar\u0131<\/li>\n\n\n\n<li>Asenkron programlamaya giri\u015f<\/li>\n<\/ul>\n\n\n\n<p>2- Blokzincir Geli\u015ftirmeye Giri\u015f *<\/p>\n\n\n\n<ul class=\"wp-block-list\">\n<li>Blokzincir programlamaya giri\u015f ve temel kurulumlar<\/li>\n\n\n\n<li>Ak\u0131ll\u0131 kontrat geli\u015ftirme, test etme ve kontratlarla etkile\u015fim<\/li>\n\n\n\n<li>Kullan\u0131labilecek API ve h\u0131zl\u0131 geli\u015ftirme ara\u00e7lar\u0131<\/li>\n\n\n\n<li>\u00d6rnek uygulama geli\u015ftirme<\/li>\n\n\n\n<li><\/li>\n<\/ul>\n\n\n\n<p>* Blokzincir uygulamalar\u0131 Casper a\u011f\u0131 \u00fczerinde yap\u0131lacakt\u0131r fakat bir\u00e7ok kavram di\u011fer a\u011flara da uygulanabilir.<\/p>\n","protected":false},"excerpt":{"rendered":"<p>E\u011fitmenler: Muhammet Kara, Emin Fedar Kurslara kay\u0131t olmak i\u00e7in t\u0131klay\u0131n Kat\u0131l\u0131mc\u0131lar i\u00e7in \u00f6n \u015fartlar: Rust 101 ve Blokzincir 101 e\u011fitimi konular\u0131na hakim olmas\u0131. E\u011fitim i\u00e7eri\u011fi: 1- Rust&#8217;a Giri\u015f 2- Blokzincir Geli\u015ftirmeye Giri\u015f * * Blokzincir uygulamalar\u0131 Casper a\u011f\u0131 \u00fczerinde yap\u0131lacakt\u0131r fakat bir\u00e7ok kavram di\u011fer a\u011flara da uygulanabilir.<\/p>\n","protected":false},"author":3,"featured_media":0,"parent":362,"menu_order":0,"comment_status":"closed","ping_status":"closed","template":"","meta":{"footnotes":""},"class_list":["post-1020","page","type-page","status-publish","hentry"],"jetpack_sharing_enabled":true,"_links":{"self":[{"href":"https:\/\/kamp.linux.org.tr\/2024-kis\/wp-json\/wp\/v2\/pages\/1020","targetHints":{"allow":["GET"]}}],"collection":[{"href":"https:\/\/kamp.linux.org.tr\/2024-kis\/wp-json\/wp\/v2\/pages"}],"about":[{"href":"https:\/\/kamp.linux.org.tr\/2024-kis\/wp-json\/wp\/v2\/types\/page"}],"author":[{"embeddable":true,"href":"https:\/\/kamp.linux.org.tr\/2024-kis\/wp-json\/wp\/v2\/users\/3"}],"replies":[{"embeddable":true,"href":"https:\/\/kamp.linux.org.tr\/2024-kis\/wp-json\/wp\/v2\/comments?post=1020"}],"version-history":[{"count":6,"href":"https:\/\/kamp.linux.org.tr\/2024-kis\/wp-json\/wp\/v2\/pages\/1020\/revisions"}],"predecessor-version":[{"id":1204,"href":"https:\/\/kamp.linux.org.tr\/2024-kis\/wp-json\/wp\/v2\/pages\/1020\/revisions\/1204"}],"up":[{"embeddable":true,"href":"https:\/\/kamp.linux.org.tr\/2024-kis\/wp-json\/wp\/v2\/pages\/362"}],"wp:attachment":[{"href":"https:\/\/kamp.linux.org.tr\/2024-kis\/wp-json\/wp\/v2\/media?parent=1020"}],"curies":[{"name":"wp","href":"https:\/\/api.w.org\/{rel}","templated":true}]}}