{"id":1024,"date":"2024-01-03T00:52:16","date_gmt":"2024-01-02T21:52:16","guid":{"rendered":"https:\/\/kamp.linux.org.tr\/2024-kis\/?page_id=1024"},"modified":"2024-01-16T18:17:37","modified_gmt":"2024-01-16T15:17:37","slug":"osman-unalan","status":"publish","type":"page","link":"https:\/\/kamp.linux.org.tr\/2024-kis\/egitmenler\/osman-unalan\/","title":{"rendered":"Osman \u00dcnalan"},"content":{"rendered":"\n<p>Verdi\u011fi E\u011fitim: <a href=\"https:\/\/kamp.linux.org.tr\/2024-kis\/kurslar\/kubernetes-ve-konteyner-dunyasina-giris\/\" data-type=\"link\" data-id=\"https:\/\/kamp.linux.org.tr\/2024-kis\/kurslar\/kubernetes-ve-konteyner-dunyasina-giris\/\">Kubernetes ve Konteyner D\u00fcnyas\u0131na Giri\u015f<\/a><\/p>\n\n\n\n<p>\u00c7al\u0131\u015ft\u0131\u011f\u0131 Kurum: \u00d6zg\u00fcr Yaz\u0131l\u0131m A.\u015e.<\/p>\n\n\n\n<figure class=\"wp-block-image size-full\"><img loading=\"lazy\" decoding=\"async\" width=\"224\" height=\"150\" src=\"https:\/\/kamp.linux.org.tr\/2024-kis\/wp-content\/uploads\/sites\/5\/2023\/12\/ozgur_yazilim_as.png\" alt=\"\" class=\"wp-image-858\"\/><\/figure>\n\n\n\n<p>Web sitesi: <a href=\"https:\/\/www.ozguryazilim.com.tr\/\">https:\/\/www.ozguryazilim.com.tr\/<\/a><\/p>\n","protected":false},"excerpt":{"rendered":"<p>Verdi\u011fi E\u011fitim: Kubernetes ve Konteyner D\u00fcnyas\u0131na Giri\u015f \u00c7al\u0131\u015ft\u0131\u011f\u0131 Kurum: \u00d6zg\u00fcr Yaz\u0131l\u0131m A.\u015e. Web sitesi: https:\/\/www.ozguryazilim.com.tr\/<\/p>\n","protected":false},"author":2,"featured_media":0,"parent":12,"menu_order":0,"comment_status":"closed","ping_status":"closed","template":"","meta":{"footnotes":""},"class_list":["post-1024","page","type-page","status-publish","hentry"],"jetpack_sharing_enabled":true,"_links":{"self":[{"href":"https:\/\/kamp.linux.org.tr\/2024-kis\/wp-json\/wp\/v2\/pages\/1024","targetHints":{"allow":["GET"]}}],"collection":[{"href":"https:\/\/kamp.linux.org.tr\/2024-kis\/wp-json\/wp\/v2\/pages"}],"about":[{"href":"https:\/\/kamp.linux.org.tr\/2024-kis\/wp-json\/wp\/v2\/types\/page"}],"author":[{"embeddable":true,"href":"https:\/\/kamp.linux.org.tr\/2024-kis\/wp-json\/wp\/v2\/users\/2"}],"replies":[{"embeddable":true,"href":"https:\/\/kamp.linux.org.tr\/2024-kis\/wp-json\/wp\/v2\/comments?post=1024"}],"version-history":[{"count":4,"href":"https:\/\/kamp.linux.org.tr\/2024-kis\/wp-json\/wp\/v2\/pages\/1024\/revisions"}],"predecessor-version":[{"id":1248,"href":"https:\/\/kamp.linux.org.tr\/2024-kis\/wp-json\/wp\/v2\/pages\/1024\/revisions\/1248"}],"up":[{"embeddable":true,"href":"https:\/\/kamp.linux.org.tr\/2024-kis\/wp-json\/wp\/v2\/pages\/12"}],"wp:attachment":[{"href":"https:\/\/kamp.linux.org.tr\/2024-kis\/wp-json\/wp\/v2\/media?parent=1024"}],"curies":[{"name":"wp","href":"https:\/\/api.w.org\/{rel}","templated":true}]}}