{"id":1029,"date":"2024-01-03T00:53:55","date_gmt":"2024-01-02T21:53:55","guid":{"rendered":"https:\/\/kamp.linux.org.tr\/2024-kis\/?page_id=1029"},"modified":"2024-01-07T15:43:01","modified_gmt":"2024-01-07T12:43:01","slug":"zabbix-ile-sunucu-ve-servislerin-gozetlenmesi-monitoring","status":"publish","type":"page","link":"https:\/\/kamp.linux.org.tr\/2024-kis\/kurslar\/zabbix-ile-sunucu-ve-servislerin-gozetlenmesi-monitoring\/","title":{"rendered":"Zabbix ile Sunucu ve Servislerin G\u00f6zetlenmesi (Monitoring)"},"content":{"rendered":"\n<p><strong>E\u011fitmenler: <a href=\"https:\/\/kamp.linux.org.tr\/2024-kis\/egitmenler\/doruk-fisek\/\" data-type=\"link\" data-id=\"https:\/\/kamp.linux.org.tr\/2024-kis\/egitmenler\/doruk-fisek\/\" target=\"_blank\" rel=\"noreferrer noopener\">Doruk Fi\u015fek<\/a>, <a href=\"https:\/\/kamp.linux.org.tr\/2024-kis\/egitmenler\/berkay-guclu\/\" data-type=\"link\" data-id=\"https:\/\/kamp.linux.org.tr\/2024-kis\/egitmenler\/berkay-guclu\/\" target=\"_blank\" rel=\"noreferrer noopener\">Berkay G\u00fc\u00e7l\u00fc<\/a><\/strong><\/p>\n\n\n\n<p><a class=\"btn btn-lyk\" href=\"https:\/\/kayit.linux.org.tr\/\" target=\"_blank\" rel=\"noreferrer noopener\">Kurslara kay\u0131t olmak i\u00e7in t\u0131klay\u0131n<\/a><\/p>\n\n\n\n<h3 class=\"wp-block-heading\"><strong>Kat\u0131l\u0131mc\u0131lar i\u00e7in \u00f6n \u015fartlar:<\/strong><\/h3>\n\n\n\n<p>GNU\/Linux Sistem Y\u00f6netimi 1. D\u00fczey konular\u0131na hakim olmas\u0131<\/p>\n\n\n\n<h3 class=\"wp-block-heading\"><strong>E\u011fitim i\u00e7eri\u011fi:<\/strong><\/h3>\n\n\n\n<p><\/p>\n\n\n\n<ul class=\"wp-block-list\">\n<li>Zabbix&#8217;e Giri\u015f<\/li>\n\n\n\n<li>Zabbix&#8217;in Mimarisi<\/li>\n\n\n\n<li>Ajanl\u0131 ve ajans\u0131z \u00e7al\u0131\u015fma<\/li>\n\n\n\n<li>Zabbix Web Aray\u00fcz\u00fcne Genel Bak\u0131\u015f<\/li>\n\n\n\n<li>Veri Toplanmas\u0131<\/li>\n\n\n\n<li>Veri G\u00f6rselle\u015ftirilmesi<\/li>\n\n\n\n<li>Sorun Tespiti<\/li>\n\n\n\n<li>G\u00f6zetlenen sunucular\u0131n (host) gruplanmas\u0131<\/li>\n\n\n\n<li>Sunucularda takip edilen kalemler (Item)<\/li>\n\n\n\n<li>Servis Kavram\u0131<\/li>\n\n\n\n<li>Tetikleyiciler (Trigger)<\/li>\n\n\n\n<li>Olaylar (Event)<\/li>\n\n\n\n<li>Olaylar\u0131n korelasyonu<\/li>\n\n\n\n<li>\u015eablonlar<\/li>\n\n\n\n<li>Web senaryolar\u0131<\/li>\n\n\n\n<li>Otomatik Ke\u015fif (Discovery)<\/li>\n\n\n\n<li>Zabbix API&#8217;si<\/li>\n\n\n\n<li>Kullan\u0131c\u0131 Y\u00f6netimi<\/li>\n\n\n\n<li>D\u00fczenli Bak\u0131m<\/li>\n\n\n\n<li>Zabbix&#8217;in G\u00fcncellenmesi<\/li>\n\n\n\n<li>Web Aray\u00fcz\u00fc i\u00e7in Tema Yap\u0131s\u0131<\/li>\n\n\n\n<li>Yedekleme<\/li>\n\n\n\n<li>Web aray\u00fcz\u00fcn\u00fcn genel kullan\u0131m\u0131<\/li>\n\n\n\n<li>Dashboard&#8217;un d\u00fczenlenmesi<\/li>\n\n\n\n<li>Uyar\u0131 e\u015fik de\u011ferlerinin d\u00fczenlenmesi<\/li>\n\n\n\n<li>Uyar\u0131 bildirimlerinin ayarlanmas\u0131<\/li>\n\n\n\n<li>Uyar\u0131lar\u0131n kabul edilmesi (ack)<\/li>\n\n\n\n<li>Geriye d\u00f6n\u00fck de\u011ferlerin ve grafiklerin incelenmesi<\/li>\n<\/ul>\n","protected":false},"excerpt":{"rendered":"<p>E\u011fitmenler: Doruk Fi\u015fek, Berkay G\u00fc\u00e7l\u00fc Kurslara kay\u0131t olmak i\u00e7in t\u0131klay\u0131n Kat\u0131l\u0131mc\u0131lar i\u00e7in \u00f6n \u015fartlar: GNU\/Linux Sistem Y\u00f6netimi 1. D\u00fczey konular\u0131na hakim olmas\u0131 E\u011fitim i\u00e7eri\u011fi:<\/p>\n","protected":false},"author":3,"featured_media":0,"parent":362,"menu_order":0,"comment_status":"closed","ping_status":"closed","template":"","meta":{"footnotes":""},"class_list":["post-1029","page","type-page","status-publish","hentry"],"jetpack_sharing_enabled":true,"_links":{"self":[{"href":"https:\/\/kamp.linux.org.tr\/2024-kis\/wp-json\/wp\/v2\/pages\/1029","targetHints":{"allow":["GET"]}}],"collection":[{"href":"https:\/\/kamp.linux.org.tr\/2024-kis\/wp-json\/wp\/v2\/pages"}],"about":[{"href":"https:\/\/kamp.linux.org.tr\/2024-kis\/wp-json\/wp\/v2\/types\/page"}],"author":[{"embeddable":true,"href":"https:\/\/kamp.linux.org.tr\/2024-kis\/wp-json\/wp\/v2\/users\/3"}],"replies":[{"embeddable":true,"href":"https:\/\/kamp.linux.org.tr\/2024-kis\/wp-json\/wp\/v2\/comments?post=1029"}],"version-history":[{"count":5,"href":"https:\/\/kamp.linux.org.tr\/2024-kis\/wp-json\/wp\/v2\/pages\/1029\/revisions"}],"predecessor-version":[{"id":1205,"href":"https:\/\/kamp.linux.org.tr\/2024-kis\/wp-json\/wp\/v2\/pages\/1029\/revisions\/1205"}],"up":[{"embeddable":true,"href":"https:\/\/kamp.linux.org.tr\/2024-kis\/wp-json\/wp\/v2\/pages\/362"}],"wp:attachment":[{"href":"https:\/\/kamp.linux.org.tr\/2024-kis\/wp-json\/wp\/v2\/media?parent=1029"}],"curies":[{"name":"wp","href":"https:\/\/api.w.org\/{rel}","templated":true}]}}