{"id":12,"date":"2022-07-06T12:57:32","date_gmt":"2022-07-06T09:57:32","guid":{"rendered":"https:\/\/kamp.linux.org.tr\/2022\/?page_id=12"},"modified":"2024-02-16T21:47:18","modified_gmt":"2024-02-16T18:47:18","slug":"egitmenler","status":"publish","type":"page","link":"https:\/\/kamp.linux.org.tr\/2024-kis\/egitmenler\/","title":{"rendered":"E\u011fitmenler"},"content":{"rendered":"\n<ul class=\"wp-block-list\">\n<li><a href=\"https:\/\/kamp.linux.org.tr\/2024-kis\/egitmenler\/ahmet-fincan\/\" data-type=\"page\" data-id=\"1146\">Ahmet Fincan<\/a><\/li>\n\n\n\n<li><a href=\"https:\/\/kamp.linux.org.tr\/2024-kis\/egitmenler\/aydin-yakar\/\" data-type=\"link\" data-id=\"https:\/\/kamp.linux.org.tr\/2024-kis\/egitmenler\/aydin-yakar\/\">Ayd\u0131n Yakar<\/a><\/li>\n\n\n\n<li><a href=\"https:\/\/kamp.linux.org.tr\/2024-kis\/egitmenler\/aykut-demirci\/\" data-type=\"link\" data-id=\"https:\/\/kamp.linux.org.tr\/2024-kis\/egitmenler\/aykut-demirci\/\">Aykut Demirci<\/a><\/li>\n\n\n\n<li><a href=\"https:\/\/kamp.linux.org.tr\/2024-kis\/egitmenler\/bahadir-bakkaloglu\/\" data-type=\"link\" data-id=\"https:\/\/kamp.linux.org.tr\/2024-kis\/egitmenler\/bahadir-bakkaloglu\/\">Bahad\u0131r Bakkalo\u011flu<\/a><\/li>\n\n\n\n<li><a href=\"https:\/\/kamp.linux.org.tr\/2024-kis\/egitmenler\/berkay-guclu\/\" data-type=\"link\" data-id=\"https:\/\/kamp.linux.org.tr\/2024-kis\/egitmenler\/berkay-guclu\/\">Berkay G\u00fc\u00e7l\u00fc<\/a><\/li>\n\n\n\n<li><a href=\"https:\/\/kamp.linux.org.tr\/2024-kis\/egitmenler\/burak-ergen\/\" data-type=\"link\" data-id=\"https:\/\/kamp.linux.org.tr\/2024-kis\/egitmenler\/burak-ergen\/\">Burak Ergen<\/a><\/li>\n\n\n\n<li><a href=\"https:\/\/kamp.linux.org.tr\/2024-kis\/egitmenler\/caglar-yesilyurt\/\" data-type=\"link\" data-id=\"https:\/\/kamp.linux.org.tr\/2024-kis\/egitmenler\/caglar-yesilyurt\/\">\u00c7a\u011flar Ye\u015filyurt<\/a><\/li>\n\n\n\n<li><a href=\"https:\/\/kamp.linux.org.tr\/2024-kis\/egitmenler\/dogukan-celik\/\" data-type=\"link\" data-id=\"https:\/\/kamp.linux.org.tr\/2024-kis\/egitmenler\/dogukan-celik\/\">Do\u011fukan \u00c7elik<\/a><\/li>\n\n\n\n<li><a href=\"https:\/\/kamp.linux.org.tr\/2024-kis\/egitmenler\/doruk-fisek\/\" data-type=\"link\" data-id=\"https:\/\/kamp.linux.org.tr\/2024-kis\/egitmenler\/doruk-fisek\/\">Doruk Fi\u015fek<\/a><\/li>\n\n\n\n<li><a href=\"https:\/\/kamp.linux.org.tr\/2024-kis\/egitmenler\/elif-ozge-ozdamar\/\" data-type=\"link\" data-id=\"https:\/\/kamp.linux.org.tr\/2024-kis\/egitmenler\/elif-ozge-ozdamar\/\">Elif \u00d6zge \u00d6zdamar<\/a><\/li>\n\n\n\n<li><a href=\"https:\/\/kamp.linux.org.tr\/2024-kis\/egitmenler\/emin-fedar\/\" data-type=\"link\" data-id=\"https:\/\/kamp.linux.org.tr\/2024-kis\/egitmenler\/emin-fedar\/\">Emin Fedar<\/a><\/li>\n\n\n\n<li><a href=\"https:\/\/kamp.linux.org.tr\/2024-kis\/egitmenler\/enez-mutluoglu\/\" data-type=\"link\" data-id=\"https:\/\/kamp.linux.org.tr\/2024-kis\/egitmenler\/enez-mutluoglu\/\">Enez Mutluo\u011flu<\/a><\/li>\n\n\n\n<li><a href=\"https:\/\/kamp.linux.org.tr\/2024-kis\/egitmenler\/engur-pisirici\/\" data-type=\"link\" data-id=\"https:\/\/kamp.linux.org.tr\/2024-kis\/egitmenler\/engur-pisirici\/\">Eng\u00fcr Pi\u015firici<\/a><\/li>\n\n\n\n<li><a href=\"https:\/\/kamp.linux.org.tr\/2024-kis\/egitmenler\/erdinc-tasci\/\" data-type=\"link\" data-id=\"https:\/\/kamp.linux.org.tr\/2024-kis\/egitmenler\/erdinc-tasci\/\">Erdin\u00e7 Ta\u015f\u00e7\u0131<\/a><\/li>\n\n\n\n<li><a href=\"https:\/\/kamp.linux.org.tr\/2024-kis\/egitmenler\/furkan-sonkaya\/\" data-type=\"link\" data-id=\"https:\/\/kamp.linux.org.tr\/2024-kis\/egitmenler\/furkan-sonkaya\/\">Furkan Sonkaya<\/a><\/li>\n\n\n\n<li><a href=\"https:\/\/kamp.linux.org.tr\/2024-kis\/egitmenler\/furkan-taha-onder\/\" data-type=\"link\" data-id=\"https:\/\/kamp.linux.org.tr\/2024-kis\/egitmenler\/furkan-taha-onder\/\">Furkan Taha \u00d6nder<\/a><\/li>\n\n\n\n<li><a href=\"https:\/\/kamp.linux.org.tr\/2024-kis\/egitmenler\/gokhan-boranalp\/\" data-type=\"link\" data-id=\"https:\/\/kamp.linux.org.tr\/2024-kis\/egitmenler\/gokhan-boranalp\/\">G\u00f6khan Boranalp<\/a><\/li>\n\n\n\n<li><a href=\"https:\/\/kamp.linux.org.tr\/2024-kis\/egitmenler\/hikmet-kagan-cetin\/\" data-type=\"link\" data-id=\"https:\/\/kamp.linux.org.tr\/2024-kis\/egitmenler\/hikmet-kagan-cetin\/\">Hikmet Ka\u011fan \u00c7etin<\/a><\/li>\n\n\n\n<li><a href=\"https:\/\/kamp.linux.org.tr\/2024-kis\/egitmenler\/mahmut-kilic\/\" data-type=\"link\" data-id=\"https:\/\/kamp.linux.org.tr\/2024-kis\/egitmenler\/mahmut-kilic\/\">Mahmut K\u0131l\u0131\u00e7<\/a><\/li>\n\n\n\n<li><a href=\"https:\/\/kamp.linux.org.tr\/2024-kis\/egitmenler\/metin-evrim-ulu\/\" data-type=\"link\" data-id=\"https:\/\/kamp.linux.org.tr\/2024-kis\/egitmenler\/metin-evrim-ulu\/\">Metin Evrim Ulu<\/a><\/li>\n\n\n\n<li><a href=\"https:\/\/kamp.linux.org.tr\/2024-kis\/egitmenler\/muhammet-cihat-ulker\/\" data-type=\"link\" data-id=\"https:\/\/kamp.linux.org.tr\/2024-kis\/egitmenler\/muhammet-cihat-ulker\/\">Muhammed Cihat \u00dclker<\/a><\/li>\n\n\n\n<li><a href=\"https:\/\/kamp.linux.org.tr\/2024-kis\/egitmenler\/muhammet-kara\/\" data-type=\"link\" data-id=\"https:\/\/kamp.linux.org.tr\/2024-kis\/egitmenler\/muhammet-kara\/\">Muhammet Kara<\/a><\/li>\n\n\n\n<li><a href=\"https:\/\/kamp.linux.org.tr\/2024-kis\/egitmenler\/murtaza-sarialtun\/\" data-type=\"link\" data-id=\"https:\/\/kamp.linux.org.tr\/2024-kis\/egitmenler\/murtaza-sarialtun\/\">Murtaza Sar\u0131altun<\/a><\/li>\n\n\n\n<li><a href=\"https:\/\/kamp.linux.org.tr\/2024-kis\/egitmenler\/numan-ozdemir\/\" data-type=\"link\" data-id=\"https:\/\/kamp.linux.org.tr\/2024-kis\/egitmenler\/numan-ozdemir\/\">Numan \u00d6zdemir<\/a><\/li>\n\n\n\n<li><a href=\"https:\/\/kamp.linux.org.tr\/2024-kis\/egitmenler\/oguz-halit-sak\/\" data-type=\"link\" data-id=\"https:\/\/kamp.linux.org.tr\/2024-kis\/egitmenler\/oguz-halit-sak\/\">O\u011fuz Halit Sak<\/a><\/li>\n\n\n\n<li><a href=\"https:\/\/kamp.linux.org.tr\/2024-kis\/egitmenler\/osman-unalan\/\" data-type=\"link\" data-id=\"https:\/\/kamp.linux.org.tr\/2024-kis\/egitmenler\/osman-unalan\/\">Osman \u00dcnalan<\/a><\/li>\n\n\n\n<li><a href=\"https:\/\/kamp.linux.org.tr\/2024-kis\/egitmenler\/ozan-buk\/\" data-type=\"link\" data-id=\"https:\/\/kamp.linux.org.tr\/2024-kis\/egitmenler\/ozan-buk\/\">Ozan B\u00fck<\/a><\/li>\n\n\n\n<li><a href=\"https:\/\/kamp.linux.org.tr\/2024-kis\/egitmenler\/senol-aldibas\/\" data-type=\"link\" data-id=\"https:\/\/kamp.linux.org.tr\/2024-kis\/egitmenler\/senol-aldibas\/\">\u015eenol Ald\u0131ba\u015f<\/a><\/li>\n\n\n\n<li><a href=\"https:\/\/kamp.linux.org.tr\/2024-kis\/egitmenler\/ugur-ozyilmazel\/\" data-type=\"link\" data-id=\"https:\/\/kamp.linux.org.tr\/2024-kis\/egitmenler\/ugur-ozyilmazel\/\">U\u011fur \u00d6zy\u0131lmazel<\/a><\/li>\n\n\n\n<li><a href=\"https:\/\/kamp.linux.org.tr\/2024-kis\/egitmenler\/veli-uysal\/\" data-type=\"link\" data-id=\"https:\/\/kamp.linux.org.tr\/2024-kis\/egitmenler\/veli-uysal\/\">Veli Uysal<\/a><\/li>\n\n\n\n<li><a href=\"https:\/\/kamp.linux.org.tr\/2024-kis\/egitmenler\/yasin-tatar\/\" data-type=\"link\" data-id=\"https:\/\/kamp.linux.org.tr\/2024-kis\/egitmenler\/yasin-tatar\/\">Yasin Tatar<\/a><\/li>\n\n\n\n<li><a href=\"https:\/\/kamp.linux.org.tr\/2024-kis\/egitmenler\/yunus-yasar\/\" data-type=\"link\" data-id=\"https:\/\/kamp.linux.org.tr\/2024-kis\/egitmenler\/yunus-yasar\/\">Yunus Ya\u015far<\/a><\/li>\n\n\n\n<li><a href=\"https:\/\/kamp.linux.org.tr\/2024-kis\/egitmenler\/yusuf-duzgun\/\" data-type=\"link\" data-id=\"https:\/\/kamp.linux.org.tr\/2024-kis\/egitmenler\/yusuf-duzgun\/\">Yusuf D\u00fczg\u00fcn<\/a><\/li>\n<\/ul>\n","protected":false},"excerpt":{"rendered":"","protected":false},"author":2,"featured_media":0,"parent":0,"menu_order":0,"comment_status":"closed","ping_status":"closed","template":"","meta":{"footnotes":""},"class_list":["post-12","page","type-page","status-publish","hentry"],"jetpack_sharing_enabled":true,"_links":{"self":[{"href":"https:\/\/kamp.linux.org.tr\/2024-kis\/wp-json\/wp\/v2\/pages\/12","targetHints":{"allow":["GET"]}}],"collection":[{"href":"https:\/\/kamp.linux.org.tr\/2024-kis\/wp-json\/wp\/v2\/pages"}],"about":[{"href":"https:\/\/kamp.linux.org.tr\/2024-kis\/wp-json\/wp\/v2\/types\/page"}],"author":[{"embeddable":true,"href":"https:\/\/kamp.linux.org.tr\/2024-kis\/wp-json\/wp\/v2\/users\/2"}],"replies":[{"embeddable":true,"href":"https:\/\/kamp.linux.org.tr\/2024-kis\/wp-json\/wp\/v2\/comments?post=12"}],"version-history":[{"count":15,"href":"https:\/\/kamp.linux.org.tr\/2024-kis\/wp-json\/wp\/v2\/pages\/12\/revisions"}],"predecessor-version":[{"id":1304,"href":"https:\/\/kamp.linux.org.tr\/2024-kis\/wp-json\/wp\/v2\/pages\/12\/revisions\/1304"}],"wp:attachment":[{"href":"https:\/\/kamp.linux.org.tr\/2024-kis\/wp-json\/wp\/v2\/media?parent=12"}],"curies":[{"name":"wp","href":"https:\/\/api.w.org\/{rel}","templated":true}]}}