{"id":16,"date":"2022-07-06T12:58:28","date_gmt":"2022-07-06T09:58:28","guid":{"rendered":"https:\/\/kamp.linux.org.tr\/2022\/?page_id=16"},"modified":"2024-01-26T18:12:07","modified_gmt":"2024-01-26T15:12:07","slug":"destekleyen-kurumlar","status":"publish","type":"page","link":"https:\/\/kamp.linux.org.tr\/2024-kis\/destekleyen-kurumlar\/","title":{"rendered":"Destekleyen Kurumlar"},"content":{"rendered":"\n<p>Mustafa Akg\u00fcl \u00d6zg\u00fcr Yaz\u0131l\u0131m 2024 K\u0131\u015f Kamp\u0131&#8217;na maddi destek olmak isterseniz <a href=\"https:\/\/kamp.linux.org.tr\/2024-kis\/wp-content\/uploads\/sites\/5\/2023\/12\/OYK_2024_Kis_Sponsorluk_Dosyasi_Compressed.pdf\" data-type=\"link\" data-id=\"https:\/\/kamp.linux.org.tr\/2024-kis\/wp-content\/uploads\/sites\/5\/2023\/12\/OYK_2024_Kis_Sponsorluk_Dosyasi_Compressed.pdf\" target=\"_blank\" rel=\"noreferrer noopener\">sponsorluk dosyam\u0131z\u0131<\/a> inceleyebilirsiniz.<\/p>\n\n\n\n<hr class=\"wp-block-separator has-alpha-channel-opacity\"\/>\n\n\n\n<h3 class=\"wp-block-heading has-text-align-center has-large-font-size\"><strong><em>Organizasyon<\/em><\/strong><\/h3>\n\n\n\n<br><br>\n\n\n\n<div class=\"wp-block-columns is-layout-flex wp-container-core-columns-is-layout-9d6595d7 wp-block-columns-is-layout-flex\">\n<div class=\"wp-block-column is-layout-flow wp-block-column-is-layout-flow\"><div class=\"wp-block-image\">\n<figure class=\"alignright size-full\"><img loading=\"lazy\" decoding=\"async\" width=\"300\" height=\"300\" src=\"https:\/\/kamp.linux.org.tr\/2024-kis\/wp-content\/uploads\/sites\/5\/2023\/01\/tlkd.png\" alt=\"\" class=\"wp-image-380\" srcset=\"https:\/\/kamp.linux.org.tr\/2024-kis\/wp-content\/uploads\/sites\/5\/2023\/01\/tlkd.png 300w, https:\/\/kamp.linux.org.tr\/2024-kis\/wp-content\/uploads\/sites\/5\/2023\/01\/tlkd-150x150.png 150w\" sizes=\"auto, (max-width: 300px) 100vw, 300px\" \/><\/figure>\n<\/div><\/div>\n\n\n\n<div class=\"wp-block-column is-vertically-aligned-center is-layout-flow wp-block-column-is-layout-flow\">\n<figure class=\"wp-block-image size-full is-resized\"><img loading=\"lazy\" decoding=\"async\" width=\"1300\" height=\"1300\" src=\"https:\/\/kamp.linux.org.tr\/2024-kis\/wp-content\/uploads\/sites\/5\/2024\/01\/Anadolu_logo_YUVARLAK.png\" alt=\"\" class=\"wp-image-1230\" style=\"width:250px\" srcset=\"https:\/\/kamp.linux.org.tr\/2024-kis\/wp-content\/uploads\/sites\/5\/2024\/01\/Anadolu_logo_YUVARLAK.png 1300w, https:\/\/kamp.linux.org.tr\/2024-kis\/wp-content\/uploads\/sites\/5\/2024\/01\/Anadolu_logo_YUVARLAK-300x300.png 300w, https:\/\/kamp.linux.org.tr\/2024-kis\/wp-content\/uploads\/sites\/5\/2024\/01\/Anadolu_logo_YUVARLAK-1024x1024.png 1024w, https:\/\/kamp.linux.org.tr\/2024-kis\/wp-content\/uploads\/sites\/5\/2024\/01\/Anadolu_logo_YUVARLAK-150x150.png 150w, https:\/\/kamp.linux.org.tr\/2024-kis\/wp-content\/uploads\/sites\/5\/2024\/01\/Anadolu_logo_YUVARLAK-768x768.png 768w\" sizes=\"auto, (max-width: 1300px) 100vw, 1300px\" \/><\/figure>\n<\/div>\n<\/div>\n\n\n\n<br><br>\n\n\n\n<h3 class=\"wp-block-heading has-text-align-center has-large-font-size\"><em><strong>Destekleyen Kurulu\u015flar<\/strong><\/em><\/h3>\n\n\n\n<div class=\"wp-block-columns is-layout-flex wp-container-core-columns-is-layout-9d6595d7 wp-block-columns-is-layout-flex\">\n<div class=\"wp-block-column is-layout-flow wp-block-column-is-layout-flow\"><div class=\"wp-block-image\">\n<figure class=\"aligncenter size-full is-resized\"><a class=\"text-decoration-none border-bottom-none\" href=\"https:\/\/www.eskisehir.bel.tr\/\" target=\"_blank\" rel=\"noreferrer noopener\"><img loading=\"lazy\" decoding=\"async\" width=\"491\" height=\"490\" src=\"https:\/\/kamp.linux.org.tr\/2024-kis\/wp-content\/uploads\/sites\/5\/2023\/01\/eskisehir_bb.png\" alt=\"\" class=\"wp-image-737\" style=\"width:auto;height:225px\" srcset=\"https:\/\/kamp.linux.org.tr\/2024-kis\/wp-content\/uploads\/sites\/5\/2023\/01\/eskisehir_bb.png 491w, https:\/\/kamp.linux.org.tr\/2024-kis\/wp-content\/uploads\/sites\/5\/2023\/01\/eskisehir_bb-300x300.png 300w, https:\/\/kamp.linux.org.tr\/2024-kis\/wp-content\/uploads\/sites\/5\/2023\/01\/eskisehir_bb-150x150.png 150w\" sizes=\"auto, (max-width: 491px) 100vw, 491px\" \/><\/a><\/figure>\n<\/div><\/div>\n\n\n\n<div class=\"wp-block-column is-layout-flow wp-block-column-is-layout-flow\"><div class=\"wp-block-image\">\n<figure class=\"aligncenter size-full is-resized\"><a class=\"text-decoration-none border-bottom-none\" href=\"https:\/\/www.bmo.org.tr\/\" target=\"_blank\" rel=\"noreferrer noopener\"><img loading=\"lazy\" decoding=\"async\" width=\"679\" height=\"692\" src=\"https:\/\/kamp.linux.org.tr\/2024-kis\/wp-content\/uploads\/sites\/5\/2024\/01\/bmo-logo-1-rgb-transparent.png\" alt=\"\" class=\"wp-image-1218\" style=\"width:auto;height:250px\" srcset=\"https:\/\/kamp.linux.org.tr\/2024-kis\/wp-content\/uploads\/sites\/5\/2024\/01\/bmo-logo-1-rgb-transparent.png 679w, https:\/\/kamp.linux.org.tr\/2024-kis\/wp-content\/uploads\/sites\/5\/2024\/01\/bmo-logo-1-rgb-transparent-294x300.png 294w\" sizes=\"auto, (max-width: 679px) 100vw, 679px\" \/><\/a><\/figure>\n<\/div><\/div>\n\n\n\n<div class=\"wp-block-column is-layout-flow wp-block-column-is-layout-flow\"><div class=\"wp-block-image\">\n<figure class=\"aligncenter size-full\"><a class=\"text-decoration-none border-bottom-none\" href=\"https:\/\/eskisehir.emo.org.tr\/\" target=\"_blank\" rel=\"noreferrer noopener\"><img loading=\"lazy\" decoding=\"async\" width=\"800\" height=\"800\" src=\"https:\/\/kamp.linux.org.tr\/2024-kis\/wp-content\/uploads\/sites\/5\/2024\/01\/308878319_455408976624236_1553411580966457741_n.png\" alt=\"\" class=\"wp-image-1219\" srcset=\"https:\/\/kamp.linux.org.tr\/2024-kis\/wp-content\/uploads\/sites\/5\/2024\/01\/308878319_455408976624236_1553411580966457741_n.png 800w, https:\/\/kamp.linux.org.tr\/2024-kis\/wp-content\/uploads\/sites\/5\/2024\/01\/308878319_455408976624236_1553411580966457741_n-300x300.png 300w, https:\/\/kamp.linux.org.tr\/2024-kis\/wp-content\/uploads\/sites\/5\/2024\/01\/308878319_455408976624236_1553411580966457741_n-150x150.png 150w, https:\/\/kamp.linux.org.tr\/2024-kis\/wp-content\/uploads\/sites\/5\/2024\/01\/308878319_455408976624236_1553411580966457741_n-768x768.png 768w\" sizes=\"auto, (max-width: 800px) 100vw, 800px\" \/><\/a><\/figure>\n<\/div><\/div>\n<\/div>\n\n\n\n<div class=\"wp-block-columns is-layout-flex wp-container-core-columns-is-layout-9d6595d7 wp-block-columns-is-layout-flex\">\n<div class=\"wp-block-column is-layout-flow wp-block-column-is-layout-flow\">\n<figure class=\"wp-block-image size-full\"><a class=\"text-decoration-none border-bottom-none\" href=\"https:\/\/www.tepebasi.bel.tr\/\" target=\"_blank\" rel=\"noreferrer noopener\"><img loading=\"lazy\" decoding=\"async\" width=\"960\" height=\"960\" src=\"https:\/\/kamp.linux.org.tr\/2024-kis\/wp-content\/uploads\/sites\/5\/2024\/01\/c9a51c64-000c-4d90-b718-1aabad8b888e.png\" alt=\"\" class=\"wp-image-1290\" srcset=\"https:\/\/kamp.linux.org.tr\/2024-kis\/wp-content\/uploads\/sites\/5\/2024\/01\/c9a51c64-000c-4d90-b718-1aabad8b888e.png 960w, https:\/\/kamp.linux.org.tr\/2024-kis\/wp-content\/uploads\/sites\/5\/2024\/01\/c9a51c64-000c-4d90-b718-1aabad8b888e-300x300.png 300w, https:\/\/kamp.linux.org.tr\/2024-kis\/wp-content\/uploads\/sites\/5\/2024\/01\/c9a51c64-000c-4d90-b718-1aabad8b888e-150x150.png 150w, https:\/\/kamp.linux.org.tr\/2024-kis\/wp-content\/uploads\/sites\/5\/2024\/01\/c9a51c64-000c-4d90-b718-1aabad8b888e-768x768.png 768w\" sizes=\"auto, (max-width: 960px) 100vw, 960px\" \/><\/a><\/figure>\n<\/div>\n\n\n\n<div class=\"wp-block-column is-layout-flow wp-block-column-is-layout-flow\"><\/div>\n\n\n\n<div class=\"wp-block-column is-layout-flow wp-block-column-is-layout-flow\"><\/div>\n<\/div>\n\n\n\n<br><br>\n\n\n\n<h3 class=\"wp-block-heading has-text-align-center has-large-font-size\"><em><strong>Alt\u0131n Sponsor<\/strong><\/em><\/h3>\n\n\n\n<br><br>\n\n\n\n<div class=\"wp-block-columns is-layout-flex wp-container-core-columns-is-layout-9d6595d7 wp-block-columns-is-layout-flex\">\n<div class=\"wp-block-column is-layout-flow wp-block-column-is-layout-flow\"><\/div>\n\n\n\n<div class=\"wp-block-column is-layout-flow wp-block-column-is-layout-flow\">\n<figure class=\"wp-block-image\"><a class=\"text-decoration-none border-bottom-none\" href=\"https:\/\/www.casper.network\" target=\"_blank\" rel=\"noreferrer noopener\"><img decoding=\"async\" src=\"https:\/\/kamp.linux.org.tr\/2023-yaz\/wp-content\/uploads\/sites\/4\/2023\/08\/casperlogotransparentbackground-1024x552.png\" alt=\"\"\/><\/a><\/figure>\n<\/div>\n\n\n\n<div class=\"wp-block-column is-layout-flow wp-block-column-is-layout-flow\"><\/div>\n<\/div>\n\n\n\n<br><br>\n\n\n\n<h3 class=\"wp-block-heading has-text-align-center has-large-font-size\"><em><strong>Yaka Kart\u0131 Sponsorlar\u0131<\/strong><\/em><\/h3>\n\n\n\n<div class=\"wp-block-columns is-layout-flex wp-container-core-columns-is-layout-9d6595d7 wp-block-columns-is-layout-flex\">\n<div class=\"wp-block-column is-vertically-aligned-center is-layout-flow wp-block-column-is-layout-flow\">\n<figure class=\"wp-block-image size-large\"><a class=\"text-decoration-none border-bottom-none\" href=\"https:\/\/sambabox.io\/\" target=\"_blank\" rel=\"noreferrer noopener\"><img loading=\"lazy\" decoding=\"async\" width=\"1024\" height=\"142\" src=\"https:\/\/kamp.linux.org.tr\/2024-kis\/wp-content\/uploads\/sites\/5\/2023\/01\/SAMBABOX_LOGO_SIYAH_TURUNCU-1024x142.png\" alt=\"\" class=\"wp-image-720\" srcset=\"https:\/\/kamp.linux.org.tr\/2024-kis\/wp-content\/uploads\/sites\/5\/2023\/01\/SAMBABOX_LOGO_SIYAH_TURUNCU-1024x142.png 1024w, https:\/\/kamp.linux.org.tr\/2024-kis\/wp-content\/uploads\/sites\/5\/2023\/01\/SAMBABOX_LOGO_SIYAH_TURUNCU-300x42.png 300w, https:\/\/kamp.linux.org.tr\/2024-kis\/wp-content\/uploads\/sites\/5\/2023\/01\/SAMBABOX_LOGO_SIYAH_TURUNCU-768x107.png 768w, https:\/\/kamp.linux.org.tr\/2024-kis\/wp-content\/uploads\/sites\/5\/2023\/01\/SAMBABOX_LOGO_SIYAH_TURUNCU.png 1078w\" sizes=\"auto, (max-width: 1024px) 100vw, 1024px\" \/><\/a><\/figure>\n<\/div>\n\n\n\n<div class=\"wp-block-column is-vertically-aligned-center is-layout-flow wp-block-column-is-layout-flow\">\n<figure class=\"wp-block-image size-full\"><a class=\"text-decoration-none border-bottom-none\" href=\"https:\/\/www.ozguryazilim.com.tr\/\" target=\"_blank\" rel=\"noreferrer noopener\"><img loading=\"lazy\" decoding=\"async\" width=\"224\" height=\"150\" src=\"https:\/\/kamp.linux.org.tr\/2024-kis\/wp-content\/uploads\/sites\/5\/2023\/12\/ozgur_yazilim_as.png\" alt=\"\" class=\"wp-image-858\"\/><\/a><\/figure>\n<\/div>\n\n\n\n<div class=\"wp-block-column is-vertically-aligned-center is-layout-flow wp-block-column-is-layout-flow\">\n<figure class=\"wp-block-image size-full\"><a class=\"text-decoration-none border-bottom-none\" href=\"https:\/\/profelis.com.tr\/\" target=\"_blank\" rel=\"noreferrer noopener\"><img loading=\"lazy\" decoding=\"async\" width=\"597\" height=\"116\" src=\"https:\/\/kamp.linux.org.tr\/2024-kis\/wp-content\/uploads\/sites\/5\/2023\/12\/Profelis_Logo_Site-300x58-1.png\" alt=\"\" class=\"wp-image-857\" srcset=\"https:\/\/kamp.linux.org.tr\/2024-kis\/wp-content\/uploads\/sites\/5\/2023\/12\/Profelis_Logo_Site-300x58-1.png 597w, https:\/\/kamp.linux.org.tr\/2024-kis\/wp-content\/uploads\/sites\/5\/2023\/12\/Profelis_Logo_Site-300x58-1-300x58.png 300w\" sizes=\"auto, (max-width: 597px) 100vw, 597px\" \/><\/a><\/figure>\n<\/div>\n<\/div>\n\n\n\n<h3 class=\"wp-block-heading has-text-align-center has-large-font-size\"><em><strong>Birle\u015fik S\u0131n\u0131f Sponsorlar\u0131<\/strong><\/em><\/h3>\n\n\n\n<br><br>\n\n\n\n<div class=\"wp-block-columns is-layout-flex wp-container-core-columns-is-layout-9d6595d7 wp-block-columns-is-layout-flex\">\n<div class=\"wp-block-column is-vertically-aligned-center is-layout-flow wp-block-column-is-layout-flow\"><div class=\"wp-block-image\">\n<figure class=\"aligncenter size-full\"><a class=\"text-decoration-none border-bottom-none\" href=\"https:\/\/www.ozguryazilim.com.tr\/\" target=\"_blank\" rel=\"noreferrer noopener\"><img loading=\"lazy\" decoding=\"async\" width=\"224\" height=\"150\" src=\"https:\/\/kamp.linux.org.tr\/2024-kis\/wp-content\/uploads\/sites\/5\/2023\/12\/ozgur_yazilim_as.png\" alt=\"\" class=\"wp-image-858\"\/><\/a><\/figure>\n<\/div><\/div>\n\n\n\n<div class=\"wp-block-column is-vertically-aligned-center is-layout-flow wp-block-column-is-layout-flow\"><div class=\"wp-block-image\">\n<figure class=\"aligncenter size-full is-resized\"><a class=\"text-decoration-none border-bottom-none\" href=\"https:\/\/www.icann.org\/\" target=\"_blank\" rel=\"noreferrer noopener\"><img loading=\"lazy\" decoding=\"async\" width=\"260\" height=\"207\" src=\"https:\/\/kamp.linux.org.tr\/2024-kis\/wp-content\/uploads\/sites\/5\/2024\/01\/Icann_logo.png\" alt=\"\" class=\"wp-image-1226\" style=\"width:auto;height:150px\"\/><\/a><\/figure>\n<\/div><\/div>\n\n\n\n<div class=\"wp-block-column is-vertically-aligned-center is-layout-flow wp-block-column-is-layout-flow\"><div class=\"wp-block-image\">\n<figure class=\"aligncenter size-large\"><a class=\"text-decoration-none border-bottom-none\" href=\"https:\/\/www.muteferriqa.com\/\" target=\"_blank\" rel=\"noreferrer noopener\"><img loading=\"lazy\" decoding=\"async\" width=\"1024\" height=\"261\" src=\"https:\/\/kamp.linux.org.tr\/2024-kis\/wp-content\/uploads\/sites\/5\/2024\/01\/muteferriqa_logo-1024x261.png\" alt=\"\" class=\"wp-image-1249\" srcset=\"https:\/\/kamp.linux.org.tr\/2024-kis\/wp-content\/uploads\/sites\/5\/2024\/01\/muteferriqa_logo-1024x261.png 1024w, https:\/\/kamp.linux.org.tr\/2024-kis\/wp-content\/uploads\/sites\/5\/2024\/01\/muteferriqa_logo-300x76.png 300w, https:\/\/kamp.linux.org.tr\/2024-kis\/wp-content\/uploads\/sites\/5\/2024\/01\/muteferriqa_logo-768x196.png 768w, https:\/\/kamp.linux.org.tr\/2024-kis\/wp-content\/uploads\/sites\/5\/2024\/01\/muteferriqa_logo-1536x391.png 1536w, https:\/\/kamp.linux.org.tr\/2024-kis\/wp-content\/uploads\/sites\/5\/2024\/01\/muteferriqa_logo.png 1991w\" sizes=\"auto, (max-width: 1024px) 100vw, 1024px\" \/><\/a><\/figure>\n<\/div><\/div>\n<\/div>\n\n\n\n<div class=\"wp-block-columns is-layout-flex wp-container-core-columns-is-layout-9d6595d7 wp-block-columns-is-layout-flex\">\n<div class=\"wp-block-column is-layout-flow wp-block-column-is-layout-flow\"><div class=\"wp-block-image\">\n<figure class=\"aligncenter size-large\"><a class=\"text-decoration-none border-bottom-none\" href=\"https:\/\/mono.net.tr\/\" target=\"_blank\" rel=\"noreferrer noopener\"><img loading=\"lazy\" decoding=\"async\" width=\"1024\" height=\"203\" src=\"https:\/\/kamp.linux.org.tr\/2024-kis\/wp-content\/uploads\/sites\/5\/2023\/01\/MonoLogo-1024x203.png\" alt=\"\" class=\"wp-image-562\" srcset=\"https:\/\/kamp.linux.org.tr\/2024-kis\/wp-content\/uploads\/sites\/5\/2023\/01\/MonoLogo-1024x203.png 1024w, https:\/\/kamp.linux.org.tr\/2024-kis\/wp-content\/uploads\/sites\/5\/2023\/01\/MonoLogo-300x59.png 300w, https:\/\/kamp.linux.org.tr\/2024-kis\/wp-content\/uploads\/sites\/5\/2023\/01\/MonoLogo-768x152.png 768w, https:\/\/kamp.linux.org.tr\/2024-kis\/wp-content\/uploads\/sites\/5\/2023\/01\/MonoLogo-1536x304.png 1536w, https:\/\/kamp.linux.org.tr\/2024-kis\/wp-content\/uploads\/sites\/5\/2023\/01\/MonoLogo-2048x406.png 2048w\" sizes=\"auto, (max-width: 1024px) 100vw, 1024px\" \/><\/a><\/figure>\n<\/div><\/div>\n\n\n\n<div class=\"wp-block-column is-vertically-aligned-center is-layout-flow wp-block-column-is-layout-flow\"><div class=\"wp-block-image\">\n<figure class=\"aligncenter size-full\"><img loading=\"lazy\" decoding=\"async\" width=\"93\" height=\"94\" src=\"https:\/\/kamp.linux.org.tr\/2024-kis\/wp-content\/uploads\/sites\/5\/2024\/01\/Qkare-Logo.png\" alt=\"\" class=\"wp-image-1284\"\/><\/figure>\n<\/div><\/div>\n\n\n\n<div class=\"wp-block-column is-layout-flow wp-block-column-is-layout-flow\"><\/div>\n<\/div>\n\n\n\n<br><br>\n\n\n\n<p><\/p>\n\n\n\n<h3 class=\"wp-block-heading has-text-align-center has-large-font-size\"><strong><em>Foto\u011fraf Alan\u0131 Sponsoru<\/em><\/strong><\/h3>\n\n\n\n<div class=\"wp-block-columns is-layout-flex wp-container-core-columns-is-layout-9d6595d7 wp-block-columns-is-layout-flex\">\n<div class=\"wp-block-column is-layout-flow wp-block-column-is-layout-flow\"><\/div>\n\n\n\n<div class=\"wp-block-column is-layout-flow wp-block-column-is-layout-flow\"><div class=\"wp-block-image\">\n<figure class=\"aligncenter size-large\"><a class=\"text-decoration-none border-bottom-none\" href=\"https:\/\/www.muteferriqa.com\/\" target=\"_blank\" rel=\"noreferrer noopener\"><img loading=\"lazy\" decoding=\"async\" width=\"1024\" height=\"261\" src=\"https:\/\/kamp.linux.org.tr\/2024-kis\/wp-content\/uploads\/sites\/5\/2024\/01\/muteferriqa_logo-1024x261.png\" alt=\"\" class=\"wp-image-1249\" srcset=\"https:\/\/kamp.linux.org.tr\/2024-kis\/wp-content\/uploads\/sites\/5\/2024\/01\/muteferriqa_logo-1024x261.png 1024w, https:\/\/kamp.linux.org.tr\/2024-kis\/wp-content\/uploads\/sites\/5\/2024\/01\/muteferriqa_logo-300x76.png 300w, https:\/\/kamp.linux.org.tr\/2024-kis\/wp-content\/uploads\/sites\/5\/2024\/01\/muteferriqa_logo-768x196.png 768w, https:\/\/kamp.linux.org.tr\/2024-kis\/wp-content\/uploads\/sites\/5\/2024\/01\/muteferriqa_logo-1536x391.png 1536w, https:\/\/kamp.linux.org.tr\/2024-kis\/wp-content\/uploads\/sites\/5\/2024\/01\/muteferriqa_logo.png 1991w\" sizes=\"auto, (max-width: 1024px) 100vw, 1024px\" \/><\/a><\/figure>\n<\/div><\/div>\n\n\n\n<div class=\"wp-block-column is-layout-flow wp-block-column-is-layout-flow\"><\/div>\n<\/div>\n\n\n\n<br><br>\n\n\n\n<h3 class=\"wp-block-heading has-text-align-center has-large-font-size\">\u0130kram Sponsorlar\u0131<\/h3>\n\n\n\n<div class=\"wp-block-columns is-layout-flex wp-container-core-columns-is-layout-9d6595d7 wp-block-columns-is-layout-flex\">\n<div class=\"wp-block-column is-vertically-aligned-center is-layout-flow wp-block-column-is-layout-flow\"><div class=\"wp-block-image\">\n<figure class=\"aligncenter size-large\"><a class=\"text-decoration-none border-bottom-none\" href=\"https:\/\/www.muteferriqa.com\/\" target=\"_blank\" rel=\"noreferrer noopener\"><img loading=\"lazy\" decoding=\"async\" width=\"1024\" height=\"261\" src=\"https:\/\/kamp.linux.org.tr\/2024-kis\/wp-content\/uploads\/sites\/5\/2024\/01\/muteferriqa_logo-1024x261.png\" alt=\"\" class=\"wp-image-1249\" srcset=\"https:\/\/kamp.linux.org.tr\/2024-kis\/wp-content\/uploads\/sites\/5\/2024\/01\/muteferriqa_logo-1024x261.png 1024w, https:\/\/kamp.linux.org.tr\/2024-kis\/wp-content\/uploads\/sites\/5\/2024\/01\/muteferriqa_logo-300x76.png 300w, https:\/\/kamp.linux.org.tr\/2024-kis\/wp-content\/uploads\/sites\/5\/2024\/01\/muteferriqa_logo-768x196.png 768w, https:\/\/kamp.linux.org.tr\/2024-kis\/wp-content\/uploads\/sites\/5\/2024\/01\/muteferriqa_logo-1536x391.png 1536w, https:\/\/kamp.linux.org.tr\/2024-kis\/wp-content\/uploads\/sites\/5\/2024\/01\/muteferriqa_logo.png 1991w\" sizes=\"auto, (max-width: 1024px) 100vw, 1024px\" \/><\/a><\/figure>\n<\/div><\/div>\n\n\n\n<div class=\"wp-block-column is-vertically-aligned-center is-layout-flow wp-block-column-is-layout-flow\">\n<figure class=\"wp-block-image size-large\"><a class=\"text-decoration-none border-bottom-none\" href=\"https:\/\/mono.net.tr\" target=\"_blank\" rel=\"noreferrer noopener\"><img loading=\"lazy\" decoding=\"async\" width=\"1024\" height=\"203\" src=\"https:\/\/kamp.linux.org.tr\/2024-kis\/wp-content\/uploads\/sites\/5\/2023\/01\/MonoLogo-1024x203.png\" alt=\"\" class=\"wp-image-562\" srcset=\"https:\/\/kamp.linux.org.tr\/2024-kis\/wp-content\/uploads\/sites\/5\/2023\/01\/MonoLogo-1024x203.png 1024w, https:\/\/kamp.linux.org.tr\/2024-kis\/wp-content\/uploads\/sites\/5\/2023\/01\/MonoLogo-300x59.png 300w, https:\/\/kamp.linux.org.tr\/2024-kis\/wp-content\/uploads\/sites\/5\/2023\/01\/MonoLogo-768x152.png 768w, https:\/\/kamp.linux.org.tr\/2024-kis\/wp-content\/uploads\/sites\/5\/2023\/01\/MonoLogo-1536x304.png 1536w, https:\/\/kamp.linux.org.tr\/2024-kis\/wp-content\/uploads\/sites\/5\/2023\/01\/MonoLogo-2048x406.png 2048w\" sizes=\"auto, (max-width: 1024px) 100vw, 1024px\" \/><\/a><\/figure>\n<\/div>\n\n\n\n<div class=\"wp-block-column is-layout-flow wp-block-column-is-layout-flow\"><\/div>\n<\/div>\n\n\n\n<br><br>\n\n\n\n<h3 class=\"wp-block-heading has-text-align-center has-large-font-size\">Kat\u0131l\u0131mc\u0131 Ula\u015f\u0131m Sponsorlar\u0131<\/h3>\n\n\n\n<div class=\"wp-block-columns is-layout-flex wp-container-core-columns-is-layout-9d6595d7 wp-block-columns-is-layout-flex\">\n<div class=\"wp-block-column is-vertically-aligned-center is-layout-flow wp-block-column-is-layout-flow\"><div class=\"wp-block-image\">\n<figure class=\"aligncenter size-full is-resized\"><a class=\"text-decoration-none border-bottom-none\" href=\"https:\/\/www.icann.org\/\" target=\"_blank\" rel=\"noreferrer noopener\"><img loading=\"lazy\" decoding=\"async\" width=\"260\" height=\"207\" src=\"https:\/\/kamp.linux.org.tr\/2024-kis\/wp-content\/uploads\/sites\/5\/2024\/01\/Icann_logo.png\" alt=\"\" class=\"wp-image-1226\" style=\"width:auto;height:150px\"\/><\/a><\/figure>\n<\/div><\/div>\n\n\n\n<div class=\"wp-block-column is-vertically-aligned-center is-layout-flow wp-block-column-is-layout-flow\"><div class=\"wp-block-image\">\n<figure class=\"aligncenter size-large\"><a class=\"text-decoration-none border-bottom-none\" href=\"https:\/\/www.muteferriqa.com\/\" target=\"_blank\" rel=\"noreferrer noopener\"><img loading=\"lazy\" decoding=\"async\" width=\"1024\" height=\"261\" src=\"https:\/\/kamp.linux.org.tr\/2024-kis\/wp-content\/uploads\/sites\/5\/2024\/01\/muteferriqa_logo-1024x261.png\" alt=\"\" class=\"wp-image-1249\" srcset=\"https:\/\/kamp.linux.org.tr\/2024-kis\/wp-content\/uploads\/sites\/5\/2024\/01\/muteferriqa_logo-1024x261.png 1024w, https:\/\/kamp.linux.org.tr\/2024-kis\/wp-content\/uploads\/sites\/5\/2024\/01\/muteferriqa_logo-300x76.png 300w, https:\/\/kamp.linux.org.tr\/2024-kis\/wp-content\/uploads\/sites\/5\/2024\/01\/muteferriqa_logo-768x196.png 768w, https:\/\/kamp.linux.org.tr\/2024-kis\/wp-content\/uploads\/sites\/5\/2024\/01\/muteferriqa_logo-1536x391.png 1536w, https:\/\/kamp.linux.org.tr\/2024-kis\/wp-content\/uploads\/sites\/5\/2024\/01\/muteferriqa_logo.png 1991w\" sizes=\"auto, (max-width: 1024px) 100vw, 1024px\" \/><\/a><\/figure>\n<\/div><\/div>\n\n\n\n<div class=\"wp-block-column is-layout-flow wp-block-column-is-layout-flow\"><\/div>\n<\/div>\n","protected":false},"excerpt":{"rendered":"<p>Mustafa Akg\u00fcl \u00d6zg\u00fcr Yaz\u0131l\u0131m 2024 K\u0131\u015f Kamp\u0131&#8217;na maddi destek olmak isterseniz sponsorluk dosyam\u0131z\u0131 inceleyebilirsiniz. Organizasyon Destekleyen Kurulu\u015flar Alt\u0131n Sponsor Yaka Kart\u0131 Sponsorlar\u0131 Birle\u015fik S\u0131n\u0131f Sponsorlar\u0131 Foto\u011fraf Alan\u0131 Sponsoru \u0130kram Sponsorlar\u0131 Kat\u0131l\u0131mc\u0131 Ula\u015f\u0131m Sponsorlar\u0131<\/p>\n","protected":false},"author":1,"featured_media":0,"parent":0,"menu_order":0,"comment_status":"closed","ping_status":"closed","template":"ortalanmis-icerik.php","meta":{"footnotes":""},"class_list":["post-16","page","type-page","status-publish","hentry"],"jetpack_sharing_enabled":true,"_links":{"self":[{"href":"https:\/\/kamp.linux.org.tr\/2024-kis\/wp-json\/wp\/v2\/pages\/16","targetHints":{"allow":["GET"]}}],"collection":[{"href":"https:\/\/kamp.linux.org.tr\/2024-kis\/wp-json\/wp\/v2\/pages"}],"about":[{"href":"https:\/\/kamp.linux.org.tr\/2024-kis\/wp-json\/wp\/v2\/types\/page"}],"author":[{"embeddable":true,"href":"https:\/\/kamp.linux.org.tr\/2024-kis\/wp-json\/wp\/v2\/users\/1"}],"replies":[{"embeddable":true,"href":"https:\/\/kamp.linux.org.tr\/2024-kis\/wp-json\/wp\/v2\/comments?post=16"}],"version-history":[{"count":38,"href":"https:\/\/kamp.linux.org.tr\/2024-kis\/wp-json\/wp\/v2\/pages\/16\/revisions"}],"predecessor-version":[{"id":1292,"href":"https:\/\/kamp.linux.org.tr\/2024-kis\/wp-json\/wp\/v2\/pages\/16\/revisions\/1292"}],"wp:attachment":[{"href":"https:\/\/kamp.linux.org.tr\/2024-kis\/wp-json\/wp\/v2\/media?parent=16"}],"curies":[{"name":"wp","href":"https:\/\/api.w.org\/{rel}","templated":true}]}}