{"id":914,"date":"2024-01-02T23:44:19","date_gmt":"2024-01-02T20:44:19","guid":{"rendered":"https:\/\/kamp.linux.org.tr\/2024-kis\/?page_id=914"},"modified":"2024-01-08T13:59:03","modified_gmt":"2024-01-08T10:59:03","slug":"ag-yoneticiligine-giris","status":"publish","type":"page","link":"https:\/\/kamp.linux.org.tr\/2024-kis\/kurslar\/ag-yoneticiligine-giris\/","title":{"rendered":"A\u011f Y\u00f6neticili\u011fine Giri\u015f"},"content":{"rendered":"\n<p>E\u011fitmenler: <a href=\"https:\/\/kamp.linux.org.tr\/2024-kis\/egitmenler\/ozan-buk\/\" data-type=\"link\" data-id=\"https:\/\/kamp.linux.org.tr\/2024-kis\/egitmenler\/ozan-buk\/\" target=\"_blank\" rel=\"noreferrer noopener\">Ozan B\u00fck<\/a><\/p>\n\n\n\n<p><a class=\"btn btn-lyk\" href=\"https:\/\/kayit.linux.org.tr\/\" target=\"_blank\" rel=\"noreferrer noopener\">Kurslara kay\u0131t olmak i\u00e7in t\u0131klay\u0131n<\/a><\/p>\n\n\n\n<h3 class=\"wp-block-heading\"><strong>E\u011fitim i\u00e7eri\u011fi<\/strong><\/h3>\n\n\n\n<p><\/p>\n\n\n\n<ul class=\"wp-block-list\">\n<li>A\u011f Tekonolojilerine Giri\u015f<\/li>\n\n\n\n<li>Protokol Modelleri<\/li>\n\n\n\n<li>Fiziksel katman<\/li>\n\n\n\n<li>Veri Ba\u011flant\u0131 Katman\u0131<\/li>\n\n\n\n<li>Ethernet Anahtarlama<\/li>\n\n\n\n<li>A\u011f katman\u0131<\/li>\n\n\n\n<li>Adres \u00c7\u00f6z\u00fcmleme<\/li>\n\n\n\n<li>IPv4 Adresleme<\/li>\n\n\n\n<li>ICMP<\/li>\n\n\n\n<li>Ta\u015f\u0131ma katman\u0131<\/li>\n\n\n\n<li>Uygulama katman\u0131<\/li>\n<\/ul>\n","protected":false},"excerpt":{"rendered":"<p>E\u011fitmenler: Ozan B\u00fck Kurslara kay\u0131t olmak i\u00e7in t\u0131klay\u0131n E\u011fitim i\u00e7eri\u011fi<\/p>\n","protected":false},"author":3,"featured_media":0,"parent":362,"menu_order":0,"comment_status":"closed","ping_status":"closed","template":"","meta":{"footnotes":""},"class_list":["post-914","page","type-page","status-publish","hentry"],"jetpack_sharing_enabled":true,"_links":{"self":[{"href":"https:\/\/kamp.linux.org.tr\/2024-kis\/wp-json\/wp\/v2\/pages\/914","targetHints":{"allow":["GET"]}}],"collection":[{"href":"https:\/\/kamp.linux.org.tr\/2024-kis\/wp-json\/wp\/v2\/pages"}],"about":[{"href":"https:\/\/kamp.linux.org.tr\/2024-kis\/wp-json\/wp\/v2\/types\/page"}],"author":[{"embeddable":true,"href":"https:\/\/kamp.linux.org.tr\/2024-kis\/wp-json\/wp\/v2\/users\/3"}],"replies":[{"embeddable":true,"href":"https:\/\/kamp.linux.org.tr\/2024-kis\/wp-json\/wp\/v2\/comments?post=914"}],"version-history":[{"count":7,"href":"https:\/\/kamp.linux.org.tr\/2024-kis\/wp-json\/wp\/v2\/pages\/914\/revisions"}],"predecessor-version":[{"id":1206,"href":"https:\/\/kamp.linux.org.tr\/2024-kis\/wp-json\/wp\/v2\/pages\/914\/revisions\/1206"}],"up":[{"embeddable":true,"href":"https:\/\/kamp.linux.org.tr\/2024-kis\/wp-json\/wp\/v2\/pages\/362"}],"wp:attachment":[{"href":"https:\/\/kamp.linux.org.tr\/2024-kis\/wp-json\/wp\/v2\/media?parent=914"}],"curies":[{"name":"wp","href":"https:\/\/api.w.org\/{rel}","templated":true}]}}