{"id":919,"date":"2024-01-02T23:48:14","date_gmt":"2024-01-02T20:48:14","guid":{"rendered":"https:\/\/kamp.linux.org.tr\/2024-kis\/?page_id=919"},"modified":"2024-01-07T15:40:26","modified_gmt":"2024-01-07T12:40:26","slug":"assembly-ve-c-programlamaya-giris","status":"publish","type":"page","link":"https:\/\/kamp.linux.org.tr\/2024-kis\/kurslar\/assembly-ve-c-programlamaya-giris\/","title":{"rendered":"Assembly ve C Programlamaya Giri\u015f"},"content":{"rendered":"\n<p><strong>E\u011fitmenler: <a href=\"https:\/\/kamp.linux.org.tr\/2024-kis\/egitmenler\/furkan-sonkaya\/\" data-type=\"link\" data-id=\"https:\/\/kamp.linux.org.tr\/2024-kis\/egitmenler\/furkan-sonkaya\/\" target=\"_blank\" rel=\"noreferrer noopener\">Furkan Sonkaya<\/a><\/strong><\/p>\n\n\n\n<p><a class=\"btn btn-lyk\" href=\"https:\/\/kayit.linux.org.tr\/\" target=\"_blank\" rel=\"noreferrer noopener\">Kurslara kay\u0131t olmak i\u00e7in t\u0131klay\u0131n<\/a><\/p>\n\n\n\n<h3 class=\"wp-block-heading\"><strong>E\u011fitim \u00d6zeti:<\/strong><\/h3>\n\n\n\n<p><\/p>\n\n\n\n<p>Kaputun alt\u0131nda neler oluyor?<\/p>\n\n\n\n<h3 class=\"wp-block-heading\"><strong>Kat\u0131l\u0131mc\u0131lar i\u00e7in \u00f6n \u015fartlar:<\/strong><\/h3>\n\n\n\n<p><\/p>\n\n\n\n<ul class=\"wp-block-list\">\n<li>Bilgisayar programlamaya istekli olmak.<\/li>\n\n\n\n<li>Flash Bellek. Linux tabanl\u0131 bir i\u015fletim sistemi y\u00fcklemek veya sanal makinada \u00e7al\u0131\u015ft\u0131rabiliyor olmak.<\/li>\n<\/ul>\n\n\n\n<p><\/p>\n\n\n\n<h3 class=\"wp-block-heading\"><strong>E\u011fitim i\u00e7eri\u011fi:<\/strong><\/h3>\n\n\n\n<p><\/p>\n\n\n\n<p>Bu kursta i\u015flemcinin ana dili olan Assembly&#8217;e giri\u015f yapaca\u011f\u0131z. Daha sonra i\u015fleri C dili ile kolayla\u015ft\u0131racak ard\u0131ndan Tersine M\u00fchendislik ile kaputun alt\u0131na bakaca\u011f\u0131z.<\/p>\n\n\n\n<p>\u00d6nemli Not:<br>Kursa gelen arkada\u015flar\u0131n bilgi seviyesini yak\u0131n tutmak ad\u0131na;<\/p>\n\n\n\n<ul class=\"wp-block-list\">\n<li>K\u0131sa bir bi\u00e7imde kurstan beklentinizi ve CV&#8217;nizi &#8220;furkansonkaya61@gmail.com&#8221; adresine g\u00f6ndermenizi bekliyorum. Mail atmayan arkada\u015flar\u0131n kursa kabul edilmeyece\u011fini belirtmek isterim.<\/li>\n\n\n\n<li>Orta-\u0130leri d\u00fczeyde programlama bilen arkada\u015flar kurstan s\u0131k\u0131labilir. Bunu d\u00fc\u015f\u00fcnerek tercih yap\u0131n\u0131z.<\/li>\n<\/ul>\n\n\n\n<p>Konular:<\/p>\n\n\n\n<ul class=\"wp-block-list\">\n<li>\u0130\u015flemcinin i\u00e7inde neler var?<\/li>\n\n\n\n<li>\u0130\u015flemci mimarisi ne demek?<\/li>\n\n\n\n<li>ARM, X86 ve RISC-V ne oluyor?<\/li>\n\n\n\n<li>Neden Assembly?<\/li>\n\n\n\n<li>Temel Assembly&#8217;e giri\u015f<\/li>\n\n\n\n<li>Neden C?<\/li>\n\n\n\n<li>Derlenen dil ve Yorumlanan dil fark\u0131 (Compiled, Interpreted)<\/li>\n\n\n\n<li>Stack, Heap yap\u0131s\u0131<\/li>\n\n\n\n<li>Temel algoritmalar\u0131 C dilinde yazmak<\/li>\n\n\n\n<li>ELF Dosya format\u0131<\/li>\n\n\n\n<li>Sistem \u00e7a\u011fr\u0131lar\u0131 nereden geliyor?<\/li>\n\n\n\n<li>Tersine M\u00fchendisli\u011fe giri\u015f<\/li>\n<\/ul>\n","protected":false},"excerpt":{"rendered":"<p>E\u011fitmenler: Furkan Sonkaya Kurslara kay\u0131t olmak i\u00e7in t\u0131klay\u0131n E\u011fitim \u00d6zeti: Kaputun alt\u0131nda neler oluyor? Kat\u0131l\u0131mc\u0131lar i\u00e7in \u00f6n \u015fartlar: E\u011fitim i\u00e7eri\u011fi: Bu kursta i\u015flemcinin ana dili olan Assembly&#8217;e giri\u015f yapaca\u011f\u0131z. Daha sonra i\u015fleri C dili ile kolayla\u015ft\u0131racak ard\u0131ndan Tersine M\u00fchendislik ile kaputun alt\u0131na bakaca\u011f\u0131z. \u00d6nemli Not:Kursa gelen arkada\u015flar\u0131n bilgi seviyesini yak\u0131n tutmak ad\u0131na; Konular:<\/p>\n","protected":false},"author":2,"featured_media":0,"parent":362,"menu_order":0,"comment_status":"closed","ping_status":"closed","template":"","meta":{"footnotes":""},"class_list":["post-919","page","type-page","status-publish","hentry"],"jetpack_sharing_enabled":true,"_links":{"self":[{"href":"https:\/\/kamp.linux.org.tr\/2024-kis\/wp-json\/wp\/v2\/pages\/919","targetHints":{"allow":["GET"]}}],"collection":[{"href":"https:\/\/kamp.linux.org.tr\/2024-kis\/wp-json\/wp\/v2\/pages"}],"about":[{"href":"https:\/\/kamp.linux.org.tr\/2024-kis\/wp-json\/wp\/v2\/types\/page"}],"author":[{"embeddable":true,"href":"https:\/\/kamp.linux.org.tr\/2024-kis\/wp-json\/wp\/v2\/users\/2"}],"replies":[{"embeddable":true,"href":"https:\/\/kamp.linux.org.tr\/2024-kis\/wp-json\/wp\/v2\/comments?post=919"}],"version-history":[{"count":8,"href":"https:\/\/kamp.linux.org.tr\/2024-kis\/wp-json\/wp\/v2\/pages\/919\/revisions"}],"predecessor-version":[{"id":1188,"href":"https:\/\/kamp.linux.org.tr\/2024-kis\/wp-json\/wp\/v2\/pages\/919\/revisions\/1188"}],"up":[{"embeddable":true,"href":"https:\/\/kamp.linux.org.tr\/2024-kis\/wp-json\/wp\/v2\/pages\/362"}],"wp:attachment":[{"href":"https:\/\/kamp.linux.org.tr\/2024-kis\/wp-json\/wp\/v2\/media?parent=919"}],"curies":[{"name":"wp","href":"https:\/\/api.w.org\/{rel}","templated":true}]}}